{"id":2105,"date":"2021-03-24T07:25:45","date_gmt":"2021-03-24T07:25:45","guid":{"rendered":"http:\/\/localhost\/nuss\/?page_id=235"},"modified":"2025-11-18T08:44:18","modified_gmt":"2025-11-18T08:44:18","slug":"faqs","status":"publish","type":"page","link":"https:\/\/blossomhouseshanghai.com\/de\/faqs\/","title":{"rendered":"FAQs"},"content":{"rendered":"<div data-elementor-type=\"wp-page\" data-elementor-id=\"2105\" class=\"elementor elementor-2105\">\n\t\t\t\t\t\t<section class=\"elementor-section elementor-top-section elementor-element elementor-element-2a96a73 elementor-section-boxed elementor-section-gap-beside-yes elementor-section-height-default elementor-section-height-default elementor-section-column-vertical-align-stretch\" data-id=\"2a96a73\" data-element_type=\"section\" data-e-type=\"section\">\n\t\t\t\t\t\t<div class=\"elementor-container elementor-column-gap-extended\">\n\t\t\t\t\t<div class=\"elementor-column elementor-col-100 elementor-top-column elementor-element elementor-element-98ef20c\" data-id=\"98ef20c\" data-element_type=\"column\" data-e-type=\"column\">\n\t\t\t<div class=\"elementor-widget-wrap elementor-element-populated\">\n\t\t\t\t\t\t<div class=\"elementor-element elementor-element-97088c0 elementor-widget__width-initial elementor-invisible elementor-widget elementor-widget-text-editor\" data-id=\"97088c0\" data-element_type=\"widget\" data-e-type=\"widget\" data-settings=\"{&quot;_animation&quot;:&quot;nussFadeInUp&quot;}\" data-widget_type=\"text-editor.default\">\n\t\t\t\t\t\t\t\t\t<p>Nachfolgend finden Sie eine Liste der am h\u00e4ufigsten gestellten Fragen unserer G\u00e4ste.<\/p>\t\t\t\t\t\t\t\t<\/div>\n\t\t\t\t\t<\/div>\n\t\t<\/div>\n\t\t\t\t\t<\/div>\n\t\t<\/section>\n\t\t\t\t<section class=\"elementor-section elementor-top-section elementor-element elementor-element-b184647 elementor-section-gap-beside-no elementor-section-boxed elementor-section-height-default elementor-section-height-default elementor-section-column-vertical-align-stretch\" data-id=\"b184647\" data-element_type=\"section\" data-e-type=\"section\">\n\t\t\t\t\t\t<div class=\"elementor-container elementor-column-gap-extended\">\n\t\t\t\t\t<div class=\"elementor-column elementor-col-100 elementor-top-column elementor-element elementor-element-1d49749\" data-id=\"1d49749\" data-element_type=\"column\" data-e-type=\"column\">\n\t\t\t<div class=\"elementor-widget-wrap elementor-element-populated\">\n\t\t\t\t\t\t<div class=\"elementor-element elementor-element-b986a9e elementor-invisible elementor-widget elementor-widget-nuss-heading\" data-id=\"b986a9e\" data-element_type=\"widget\" data-e-type=\"widget\" data-settings=\"{&quot;_animation&quot;:&quot;nussFadeInUp&quot;}\" data-widget_type=\"nuss-heading.default\">\n\t\t\t\t<div class=\"elementor-widget-container\">\n\t\t\t\t\t\t\t<div class=\"nuss-modern-heading\">\r\n\t\t\t\r\n\t\t\t\t\t\t<div class=\"heading-primary-wrap\">\r\n\t\t\t\t<h4 class=\"heading-primary elementor-heading-title\">H\u00e4ufig gestellte Fragen<\/h4>\t\t\t<\/div>\r\n\t\t\r\n\t\t\t\t\t\t<div class=\"heading-divider-wrap\">\r\n\t\t\t\t<div class=\"heading-divider\" style=\"left: 0px;top: 6px\"><\/div>\r\n\t\t\t<\/div>\r\n\t\r\n\t\t\t\t\t<\/div>\r\n\t\t\t\t\t<\/div>\n\t\t\t\t<\/div>\n\t\t\t\t<div class=\"elementor-element elementor-element-50f0733 elementor-invisible elementor-widget elementor-widget-heading\" data-id=\"50f0733\" data-element_type=\"widget\" data-e-type=\"widget\" data-settings=\"{&quot;_animation&quot;:&quot;nussFadeInUp&quot;}\" data-widget_type=\"heading.default\">\n\t\t\t\t\t<h2 class=\"elementor-heading-title elementor-size-default\">Fragen und Antworten<\/h2>\t\t\t\t<\/div>\n\t\t\t\t<div class=\"elementor-element elementor-element-2aee4a2 elementor-widget elementor-widget-text-editor\" data-id=\"2aee4a2\" data-element_type=\"widget\" data-e-type=\"widget\" data-widget_type=\"text-editor.default\">\n\t\t\t\t\t\t\t\t\t<p><strong data-spm-anchor-id=\"a2ty_o01.29997173.0.i57.5931c921sKJoD0\">1. Wann sind die Ein- und Auscheckzeiten?<\/strong><br \/>Der Check-in ist ab 15:00 Uhr und der Check-out bis 12:00 Uhr.<\/p><div class=\"my-2\">\u00a0<\/div><p><strong>2. Bietet das Hotel einen Flughafentransfer an?<\/strong><br \/>Nein, Blossom House bietet keine kostenlosen oder organisierten Flughafentransfers an.<\/p><div class=\"my-2\">\u00a0<\/div><p><strong>3. Wie weit ist das Hotel vom Flughafen Shanghai Hongqiao entfernt?<\/strong><br \/>Ungef\u00e4hr 16 km (ca. 35 Minuten mit dem Taxi).<\/p><div class=\"my-2\">\u00a0<\/div><p><strong>4. Wie weit ist das Hotel vom internationalen Flughafen Shanghai Pudong entfernt?<\/strong><br \/>Ungef\u00e4hr 40,5 km (ca. 50 Minuten mit dem Taxi).<\/p><div class=\"my-2\">\u00a0<\/div><p><strong>5. Gibt es eine U-Bahn-Station in der N\u00e4he?<\/strong><br \/>Ja, die U-Bahn-Station Yuyuan Garden ist nur 0,23 km entfernt \u2013 ein kurzer Spaziergang vom Hotel.<\/p><div class=\"my-2\">\u00a0<\/div><p><strong>6. Verf\u00fcgt das Hotel \u00fcber einen Swimmingpool?<\/strong><br \/>Nein, das Blossom House Shanghai On The Bund verf\u00fcgt nicht \u00fcber einen G\u00e4stepool.<\/p><div class=\"my-2\">\u00a0<\/div><p><strong>7. Sind Haustiere erlaubt?<\/strong><br \/>Nein, Haustiere sind im Hotel nicht gestattet.<\/p><div class=\"my-2\">\u00a0<\/div><p><strong>8. Welche Sternebewertung hat das Hotel?<\/strong><br \/>Blossom House ist ein zertifiziertes 5-Sterne-Luxushotel.<\/p><div class=\"my-2\">\u00a0<\/div><p><strong>9. Wie viele Zimmer hat das Hotel?<\/strong><br \/>Das Hotel verf\u00fcgt \u00fcber 222 liebevoll gestaltete G\u00e4stezimmer und Suiten.<\/p><div class=\"my-2\">\u00a0<\/div><p><strong>10. Welche Zimmertypen stehen zur Verf\u00fcgung?<\/strong><br \/>Zu den Optionen geh\u00f6ren unter anderem das Ultraman-Themen-Familienzimmer, die Superior-Suite, das Deluxe-Zimmer mit Kingsize-Bett und Terrasse, das Queensize-Zimmer mit Stadtblick.<\/p><div class=\"my-2\">\u00a0<\/div><p><strong>11. Kann ich ein Kinderbett oder ein zus\u00e4tzliches Bett in mein Zimmer stellen?<\/strong><br \/>Ja, Babybetten k\u00f6nnen f\u00fcr Kinder bis einschlie\u00dflich 6 Jahre kostenlos hinzugef\u00fcgt werden. Die Regelungen zu Zustellbetten variieren je nach Zimmertyp \u2013 bitte erkundigen Sie sich bei der Buchung.<\/p><div class=\"my-2\">\u00a0<\/div><p><strong>12. Ist das Fr\u00fchst\u00fcck inbegriffen?<\/strong><br \/>Das Fr\u00fchst\u00fcck ist optional und kann vor Ort gegen Aufpreis hinzugebucht werden. Ein Fr\u00fchst\u00fccksbuffet wird t\u00e4glich angeboten.<\/p><div class=\"my-2\">\u00a0<\/div><p><strong>13. Wie hoch sind die Preise f\u00fcr das Fr\u00fchst\u00fcck?<\/strong><\/p><ul dir=\"auto\"><li>Kinder unter 1,2 m: Kostenlos<\/li><li>Kinder 1,2\u20131,4 Monate: 79 CNY<\/li><li>Kinder \u00fcber 1,4 m und Erwachsene: 138 CNY<\/li><\/ul><div class=\"my-2\">\u00a0<\/div><p><strong>14. Wann gibt es Fr\u00fchst\u00fcck?<\/strong><br \/>Mo\u2013Fr: 07:00\u201310:00 | Sa\u2013So: 07:00\u201310:30 Uhr<\/p><div class=\"my-2\">\u00a0<\/div><p><strong>15. Verf\u00fcgt das Hotel \u00fcber ein Fitnesscenter?<\/strong><br \/>Ja, G\u00e4sten steht ein hochmodernes Fitnesscenter zur Verf\u00fcgung, das rund um die Uhr ge\u00f6ffnet ist.<\/p><div class=\"my-2\">\u00a0<\/div><p><strong>16. Was macht das Hotel einzigartig?<\/strong><br \/>Seine erstklassige Lage am Bund, der kulturelle Concierge-Service, die handwerklich zubereiteten Speisen und die Themenzimmer wie das Ultraman-Familienzimmer heben es von anderen ab.<\/p><div class=\"my-2\">\u00a0<\/div><p><strong>17. Welche Sehensw\u00fcrdigkeiten befinden sich in der N\u00e4he des Hotels?<\/strong><br \/>Yu-Garten (10 Min.), Nanjing-Stra\u00dfe (10 Min.), Bund-Promenade (5 Min.), Rockbund-Kunstmuseum (10 Min. mit dem Auto).<\/p><div class=\"my-2\">\u00a0<\/div><p><strong>18. Sind Parkpl\u00e4tze vorhanden?<\/strong><br \/>Ja, G\u00e4sten stehen Parkpl\u00e4tze vor Ort zur Verf\u00fcgung.<\/p><div class=\"my-2\">\u00a0<\/div><p><strong>19. Welche Zahlungsmethoden werden akzeptiert?<\/strong><br \/>Die meisten g\u00e4ngigen Kreditkarten werden akzeptiert. Barzahlung ist ebenfalls m\u00f6glich.<\/p><div class=\"my-2\">\u00a0<\/div><p data-spm-anchor-id=\"a2ty_o01.29997173.0.i58.5931c921sKJoD0\"><strong>20. Wie kann ich das Hotel kontaktieren, um Reservierungen vorzunehmen oder Fragen zu stellen?<\/strong><br \/>Rufen Sie +86-21-60251688 an oder besuchen Sie uns. <a href=\"https:\/\/blossomhouseshanghai.com\/de\/kontakt\/\" target=\"_blank\" rel=\"nofollow noopener\">https:\/\/blossomhouseshanghai.com\/contact-us <\/a><\/p>\t\t\t\t\t\t\t\t<\/div>\n\t\t\t\t\t<\/div>\n\t\t<\/div>\n\t\t\t\t\t<\/div>\n\t\t<\/section>\n\t\t\t\t<section class=\"elementor-section elementor-top-section elementor-element elementor-element-5d3a62a elementor-section-stretched elementor-section-boxed elementor-section-gap-beside-yes elementor-section-height-default elementor-section-height-default elementor-section-column-vertical-align-stretch\" data-id=\"5d3a62a\" data-element_type=\"section\" data-e-type=\"section\" data-settings=\"{&quot;background_background&quot;:&quot;classic&quot;,&quot;stretch_section&quot;:&quot;section-stretched&quot;}\">\n\t\t\t\t\t\t<div class=\"elementor-container elementor-column-gap-extended\">\n\t\t\t\t\t<div class=\"elementor-column elementor-col-100 elementor-top-column elementor-element elementor-element-5663230\" data-id=\"5663230\" data-element_type=\"column\" data-e-type=\"column\">\n\t\t\t<div class=\"elementor-widget-wrap elementor-element-populated\">\n\t\t\t\t\t\t<div class=\"elementor-element elementor-element-7dd81359 elementor-widget elementor-widget-nuss-heading\" data-id=\"7dd81359\" data-element_type=\"widget\" data-e-type=\"widget\" data-widget_type=\"nuss-heading.default\">\n\t\t\t\t<div class=\"elementor-widget-container\">\n\t\t\t\t\t\t\t<div class=\"nuss-modern-heading\">\r\n\t\t\t\t\t\t<div class=\"heading-secondary-wrap\">\r\n\t\t\t\t<h3 class=\"heading-secondary elementor-heading-title\">Verf\u00fcgbarkeit pr\u00fcfen <\/h3>\t\t\t<\/div>\r\n\t\t\r\n\t\t\t\r\n\t\t\t\r\n\t\t\t\t\t<\/div>\r\n\t\t\t\t\t<\/div>\n\t\t\t\t<\/div>\n\t\t\t\t<div class=\"elementor-element elementor-element-1a38416f elementor-widget elementor-widget-text-editor\" data-id=\"1a38416f\" data-element_type=\"widget\" data-e-type=\"widget\" data-widget_type=\"text-editor.default\">\n\t\t\t\t\t\t\t\t\t<iframe border=\"0\" src=\"https:\/\/www.trip.com\/partners\/ad\/S6940663?Allianceid=4590391&#038;SID=275557010&#038;trip_sub1=\" style=\"width:1200px;height:200px\" frameborder=\"0\" scrolling=\"no\" id=\"S6940663\"><\/iframe>\t\t\t\t\t\t\t\t<\/div>\n\t\t\t\t\t<\/div>\n\t\t<\/div>\n\t\t\t\t\t<\/div>\n\t\t<\/section>\n\t\t\t\t<\/div>","protected":false},"excerpt":{"rendered":"<p>Below, you will find a list of the questions most frequently asked by our guests. FAQ&#8217;S Questions &amp; Answers 1. What are the check-in and check-out times?Check-in is from 15:00, and check-out is by 12:00. \u00a0 2. Does the hotel offer airport transfers?No, Blossom House does not provide complimentary or arranged airport transfer services. \u00a0 [&hellip;]<\/p>\n","protected":false},"author":1,"featured_media":0,"parent":0,"menu_order":0,"comment_status":"closed","ping_status":"closed","template":"","meta":{"footnotes":""},"class_list":["post-2105","page","type-page","status-publish","hentry","post-no-thumbnail"],"_links":{"self":[{"href":"https:\/\/blossomhouseshanghai.com\/de\/wp-json\/wp\/v2\/pages\/2105","targetHints":{"allow":["GET"]}}],"collection":[{"href":"https:\/\/blossomhouseshanghai.com\/de\/wp-json\/wp\/v2\/pages"}],"about":[{"href":"https:\/\/blossomhouseshanghai.com\/de\/wp-json\/wp\/v2\/types\/page"}],"author":[{"embeddable":true,"href":"https:\/\/blossomhouseshanghai.com\/de\/wp-json\/wp\/v2\/users\/1"}],"replies":[{"embeddable":true,"href":"https:\/\/blossomhouseshanghai.com\/de\/wp-json\/wp\/v2\/comments?post=2105"}],"version-history":[{"count":0,"href":"https:\/\/blossomhouseshanghai.com\/de\/wp-json\/wp\/v2\/pages\/2105\/revisions"}],"wp:attachment":[{"href":"https:\/\/blossomhouseshanghai.com\/de\/wp-json\/wp\/v2\/media?parent=2105"}],"curies":[{"name":"wp","href":"https:\/\/api.w.org\/{rel}","templated":true}]}}