{"id":612,"date":"2021-03-26T10:04:13","date_gmt":"2021-03-26T10:04:13","guid":{"rendered":"http:\/\/localhost\/nuss\/?page_id=612"},"modified":"2025-11-18T08:54:11","modified_gmt":"2025-11-18T08:54:11","slug":"restaurant","status":"publish","type":"page","link":"https:\/\/blossomhouseshanghai.com\/de\/restaurant\/","title":{"rendered":"Restaurant"},"content":{"rendered":"<div data-elementor-type=\"wp-page\" data-elementor-id=\"612\" class=\"elementor elementor-612\">\n\t\t\t\t\t\t<section class=\"elementor-section elementor-top-section elementor-element elementor-element-e2effe8 elementor-section-boxed elementor-section-gap-beside-yes elementor-section-height-default elementor-section-height-default elementor-section-column-vertical-align-stretch\" data-id=\"e2effe8\" data-element_type=\"section\" data-e-type=\"section\">\n\t\t\t\t\t\t<div class=\"elementor-container elementor-column-gap-extended\">\n\t\t\t\t\t<div class=\"elementor-column elementor-col-100 elementor-top-column elementor-element elementor-element-e18f688\" data-id=\"e18f688\" data-element_type=\"column\" data-e-type=\"column\">\n\t\t\t<div class=\"elementor-widget-wrap elementor-element-populated\">\n\t\t\t\t\t\t<div class=\"elementor-element elementor-element-6db146d elementor-widget__width-initial elementor-invisible elementor-widget elementor-widget-text-editor\" data-id=\"6db146d\" data-element_type=\"widget\" data-e-type=\"widget\" data-settings=\"{&quot;_animation&quot;:&quot;nussFadeInUp&quot;}\" data-widget_type=\"text-editor.default\">\n\t\t\t\t\t\t\t\t\t<div class=\"svelte-1c06zsf\" data-lang-code=\"\"><p><strong data-spm-anchor-id=\"a2ty_o01.29997173.0.i71.5931c921sKJoD0\">Blossom House Shanghai On The Bund Restaurant: Wo Shanghais kulinarische Seele auf handwerkliche Eleganz trifft<\/strong><\/p><\/div>\t\t\t\t\t\t\t\t<\/div>\n\t\t\t\t\t<\/div>\n\t\t<\/div>\n\t\t\t\t\t<\/div>\n\t\t<\/section>\n\t\t<div class=\"elementor-element elementor-element-764955e e-flex e-con-boxed e-con e-parent\" data-id=\"764955e\" data-element_type=\"container\" data-e-type=\"container\">\n\t\t\t\t\t<div class=\"e-con-inner\">\n\t\t<div class=\"elementor-element elementor-element-3a71d84 e-con-full e-flex e-con e-child\" data-id=\"3a71d84\" data-element_type=\"container\" data-e-type=\"container\">\n\t\t\t\t<div class=\"elementor-element elementor-element-81a00fb elementor-widget elementor-widget-text-editor\" data-id=\"81a00fb\" data-element_type=\"widget\" data-e-type=\"widget\" data-widget_type=\"text-editor.default\">\n\t\t\t\t\t\t\t\t\t<p data-spm-anchor-id=\"a2ty_o01.29997173.0.i73.5931c921sKJoD0\">Eingebettet am schimmernden Wasser des Huangpu-Flusses in der Ren Min Road Nr. 386 im historischen Huangpu-Bezirk von Shanghai, <strong>Blossom House Shanghai On The Bund Restaurant<\/strong> Unser Restaurant bietet mehr als nur eine Mahlzeit \u2013 es entf\u00fchrt Sie auf eine sinnliche Reise durch das Herz einer der dynamischsten kulinarischen Metropolen der Welt. Als Teil des renommierten 5-Sterne-Luxushotels ist unser kulinarisches Erlebnis speziell f\u00fcr Reisende konzipiert, die Authentizit\u00e4t, Kunstfertigkeit und ein besonderes Ambiente suchen \u2013 und das alles nur wenige Schritte von der ber\u00fchmten Bund-Promenade entfernt.<\/p><div class=\"my-2\">\u00a0<\/div><p>Schon beim Betreten unseres elegant gestalteten Restaurants werden Sie eingeladen, die Essenz Shanghais zu genie\u00dfen \u2013 nicht nur seine Aromen, sondern auch seine Geschichten, seine Energie und seinen Geist. Unser Restaurant ist mehr als nur ein Ort zum Speisen; es ist eine Hommage an das lokale Erbe, neu interpretiert durch zeitgen\u00f6ssische Techniken, wobei jedes Gericht eine Geschichte aus der reichen gastronomischen Entwicklung der Stadt erz\u00e4hlt.<\/p>\t\t\t\t\t\t\t\t<\/div>\n\t\t\t\t<\/div>\n\t\t<div class=\"elementor-element elementor-element-bb76a06 e-con-full e-flex e-con e-child\" data-id=\"bb76a06\" data-element_type=\"container\" data-e-type=\"container\">\n\t\t\t\t<div class=\"elementor-element elementor-element-636ac5f elementor-widget elementor-widget-image\" data-id=\"636ac5f\" data-element_type=\"widget\" data-e-type=\"widget\" data-widget_type=\"image.default\">\n\t\t\t\t\t\t\t\t\t\t\t\t\t\t\t<img fetchpriority=\"high\" decoding=\"async\" width=\"533\" height=\"853\" src=\"https:\/\/blossomhouseshanghai.com\/wp-content\/uploads\/2025\/11\/Blossom-House-Shanghai-106.webp\" class=\"attachment-large size-large wp-image-7301\" alt=\"\" srcset=\"https:\/\/blossomhouseshanghai.com\/wp-content\/uploads\/2025\/11\/Blossom-House-Shanghai-106.webp 533w, https:\/\/blossomhouseshanghai.com\/wp-content\/uploads\/2025\/11\/Blossom-House-Shanghai-106-187x300.webp 187w, https:\/\/blossomhouseshanghai.com\/wp-content\/uploads\/2025\/11\/Blossom-House-Shanghai-106-7x12.webp 7w\" sizes=\"(max-width: 533px) 100vw, 533px\" \/>\t\t\t\t\t\t\t\t\t\t\t\t\t\t\t<\/div>\n\t\t\t\t<\/div>\n\t\t\t\t\t<\/div>\n\t\t\t\t<\/div>\n\t\t<div class=\"elementor-element elementor-element-e5626a7 e-flex e-con-boxed e-con e-parent\" data-id=\"e5626a7\" data-element_type=\"container\" data-e-type=\"container\">\n\t\t\t\t\t<div class=\"e-con-inner\">\n\t\t\t\t<div class=\"elementor-element elementor-element-4ac24e6 elementor-widget elementor-widget-nuss-image-gallery\" data-id=\"4ac24e6\" data-element_type=\"widget\" data-e-type=\"widget\" data-widget_type=\"nuss-image-gallery.default\">\n\t\t\t\t<div class=\"elementor-widget-container\">\n\t\t\t\t\t\t\t<div class=\"nuss-grid-wrapper\" data-grid=\"{&quot;type&quot;:&quot;grid&quot;,&quot;ratio&quot;:null,&quot;columns&quot;:3,&quot;gutter&quot;:30}\">\r\n\t\t\t<div class=\"nuss-grid lazy-grid\">\r\n\t\t\t\t<div class=\"grid-sizer\"><\/div>\r\n\r\n\t\t\t\t\t\t\t\t\t\t\t\t<div class=\"grid-item\">\r\n\t\t\t\t\t\t<div class=\"nuss-box\">\t\t<div class=\"nuss-image image\">\r\n\t\t\t<img decoding=\"async\"  src=\"https:\/\/blossomhouseshanghai.com\/wp-content\/uploads\/2025\/11\/Blossom-House-Shanghai-100.webp\" alt=\"Blossom House Shanghai (100)\" \/>\t\t<\/div>\r\n\t\t\t\t<\/div>\t\t\t\t\t<\/div>\r\n\t\t\t\t\t\t<div class=\"grid-item\">\r\n\t\t\t\t\t\t<div class=\"nuss-box\">\t\t<div class=\"nuss-image image\">\r\n\t\t\t<img decoding=\"async\"  src=\"https:\/\/blossomhouseshanghai.com\/wp-content\/uploads\/2025\/11\/Blossom-House-Shanghai-110.webp\" alt=\"Blossom House Shanghai (110)\" \/>\t\t<\/div>\r\n\t\t\t\t<\/div>\t\t\t\t\t<\/div>\r\n\t\t\t\t\t\t<div class=\"grid-item\">\r\n\t\t\t\t\t\t<div class=\"nuss-box\">\t\t<div class=\"nuss-image image\">\r\n\t\t\t<img decoding=\"async\"  src=\"https:\/\/blossomhouseshanghai.com\/wp-content\/uploads\/2025\/11\/Blossom-House-Shanghai-82.webp\" alt=\"Blossom House Shanghai (82)\" \/>\t\t<\/div>\r\n\t\t\t\t<\/div>\t\t\t\t\t<\/div>\r\n\t\t\t\t\t\t<div class=\"grid-item\">\r\n\t\t\t\t\t\t<div class=\"nuss-box\">\t\t<div class=\"nuss-image image\">\r\n\t\t\t<img decoding=\"async\"  src=\"https:\/\/blossomhouseshanghai.com\/wp-content\/uploads\/2025\/11\/Blossom-House-Shanghai-83.webp\" alt=\"Blossom House Shanghai (83)\" \/>\t\t<\/div>\r\n\t\t\t\t<\/div>\t\t\t\t\t<\/div>\r\n\t\t\t\t\t\t<div class=\"grid-item\">\r\n\t\t\t\t\t\t<div class=\"nuss-box\">\t\t<div class=\"nuss-image image\">\r\n\t\t\t<img decoding=\"async\"  src=\"https:\/\/blossomhouseshanghai.com\/wp-content\/uploads\/2025\/11\/Blossom-House-Shanghai-88.webp\" alt=\"Blossom House Shanghai (88)\" \/>\t\t<\/div>\r\n\t\t\t\t<\/div>\t\t\t\t\t<\/div>\r\n\t\t\t\t\t\t<div class=\"grid-item\">\r\n\t\t\t\t\t\t<div class=\"nuss-box\">\t\t<div class=\"nuss-image image\">\r\n\t\t\t<img decoding=\"async\"  src=\"https:\/\/blossomhouseshanghai.com\/wp-content\/uploads\/2025\/11\/Blossom-House-Shanghai-90.webp\" alt=\"Blossom House Shanghai (90)\" \/>\t\t<\/div>\r\n\t\t\t\t<\/div>\t\t\t\t\t<\/div>\r\n\t\t\t\t\t\t<div class=\"grid-item\">\r\n\t\t\t\t\t\t<div class=\"nuss-box\">\t\t<div class=\"nuss-image image\">\r\n\t\t\t<img decoding=\"async\"  src=\"https:\/\/blossomhouseshanghai.com\/wp-content\/uploads\/2025\/11\/Blossom-House-Shanghai-77.webp\" alt=\"Blossom House Shanghai (77)\" \/>\t\t<\/div>\r\n\t\t\t\t<\/div>\t\t\t\t\t<\/div>\r\n\t\t\t\t\t\t<div class=\"grid-item\">\r\n\t\t\t\t\t\t<div class=\"nuss-box\">\t\t<div class=\"nuss-image image\">\r\n\t\t\t<img decoding=\"async\"  src=\"https:\/\/blossomhouseshanghai.com\/wp-content\/uploads\/2025\/11\/Blossom-House-Shanghai-76.webp\" alt=\"Blossom House Shanghai (76)\" \/>\t\t<\/div>\r\n\t\t\t\t<\/div>\t\t\t\t\t<\/div>\r\n\t\t\t\t\t\t<div class=\"grid-item\">\r\n\t\t\t\t\t\t<div class=\"nuss-box\">\t\t<div class=\"nuss-image image\">\r\n\t\t\t<img decoding=\"async\"  src=\"https:\/\/blossomhouseshanghai.com\/wp-content\/uploads\/2025\/11\/Blossom-House-Shanghai-60.webp\" alt=\"Blossom House Shanghai (60)\" \/>\t\t<\/div>\r\n\t\t\t\t<\/div>\t\t\t\t\t<\/div>\r\n\t\t\t\t\t\t<div class=\"grid-item\">\r\n\t\t\t\t\t\t<div class=\"nuss-box\">\t\t<div class=\"nuss-image image\">\r\n\t\t\t<img decoding=\"async\"  src=\"https:\/\/blossomhouseshanghai.com\/wp-content\/uploads\/2025\/11\/Blossom-House-Shanghai-49.webp\" alt=\"Blossom House Shanghai (49)\" \/>\t\t<\/div>\r\n\t\t\t\t<\/div>\t\t\t\t\t<\/div>\r\n\t\t\t\t\t\t<div class=\"grid-item\">\r\n\t\t\t\t\t\t<div class=\"nuss-box\">\t\t<div class=\"nuss-image image\">\r\n\t\t\t<img decoding=\"async\"  src=\"https:\/\/blossomhouseshanghai.com\/wp-content\/uploads\/2025\/11\/Blossom-House-Shanghai-69.webp\" alt=\"Blossom House Shanghai (69)\" \/>\t\t<\/div>\r\n\t\t\t\t<\/div>\t\t\t\t\t<\/div>\r\n\t\t\t\t\t\t<div class=\"grid-item\">\r\n\t\t\t\t\t\t<div class=\"nuss-box\">\t\t<div class=\"nuss-image image\">\r\n\t\t\t<img decoding=\"async\"  src=\"https:\/\/blossomhouseshanghai.com\/wp-content\/uploads\/2025\/11\/Blossom-House-Shanghai-68.webp\" alt=\"Blossom House Shanghai (68)\" \/>\t\t<\/div>\r\n\t\t\t\t<\/div>\t\t\t\t\t<\/div>\r\n\t\t\t\t\t\t<div class=\"grid-item\">\r\n\t\t\t\t\t\t<div class=\"nuss-box\">\t\t<div class=\"nuss-image image\">\r\n\t\t\t<img decoding=\"async\"  src=\"https:\/\/blossomhouseshanghai.com\/wp-content\/uploads\/2025\/11\/Blossom-House-Shanghai-59.webp\" alt=\"Blossom House Shanghai (59)\" \/>\t\t<\/div>\r\n\t\t\t\t<\/div>\t\t\t\t\t<\/div>\r\n\t\t\t\t\t\t<div class=\"grid-item\">\r\n\t\t\t\t\t\t<div class=\"nuss-box\">\t\t<div class=\"nuss-image image\">\r\n\t\t\t<img decoding=\"async\"  src=\"https:\/\/blossomhouseshanghai.com\/wp-content\/uploads\/2025\/11\/Blossom-House-Shanghai-67.webp\" alt=\"Blossom House Shanghai (67)\" \/>\t\t<\/div>\r\n\t\t\t\t<\/div>\t\t\t\t\t<\/div>\r\n\t\t\t\t\t\t<div class=\"grid-item\">\r\n\t\t\t\t\t\t<div class=\"nuss-box\">\t\t<div class=\"nuss-image image\">\r\n\t\t\t<img decoding=\"async\"  src=\"https:\/\/blossomhouseshanghai.com\/wp-content\/uploads\/2025\/11\/Blossom-House-Shanghai-44.webp\" alt=\"Blossom House Shanghai (44)\" \/>\t\t<\/div>\r\n\t\t\t\t<\/div>\t\t\t\t\t<\/div>\r\n\t\t\t\t\t\t\t\r\n\t\t\t<\/div>\r\n\t\t<\/div>\r\n\t\t\t\t\t\t<\/div>\n\t\t\t\t<\/div>\n\t\t\t\t\t<\/div>\n\t\t\t\t<\/div>\n\t\t<div class=\"elementor-element elementor-element-d05381b e-flex e-con-boxed e-con e-parent\" data-id=\"d05381b\" data-element_type=\"container\" data-e-type=\"container\">\n\t\t\t\t\t<div class=\"e-con-inner\">\n\t\t\t\t<div class=\"elementor-element elementor-element-53bd849 elementor-widget elementor-widget-text-editor\" data-id=\"53bd849\" data-element_type=\"widget\" data-e-type=\"widget\" data-widget_type=\"text-editor.default\">\n\t\t\t\t\t\t\t\t\t<h3 data-spm-anchor-id=\"a2ty_o01.29997173.0.i74.5931c921sKJoD0\">Ein exklusives Fr\u00fchst\u00fcckserlebnis: Beginnen Sie Ihren Tag mit Shanghai im Mund<\/h3><p>Beginnen Sie Ihre Erkundung Shanghais mit unserem <strong>handgemachtes Fr\u00fchst\u00fccksbuffet<\/strong>, Ein lebendiges Mosaik aus lokalen und internationalen K\u00f6stlichkeiten, das den Ton f\u00fcr einen unvergesslichen Tag angibt. Ob Sie sich nach dem zarten Dampf frisch zubereiteter Xiaolongbao, der wohltuenden W\u00e4rme von Sojamilch und Youtiao oder dem internationalen Reiz kontinentaler Geb\u00e4ckspezialit\u00e4ten und frisch gepresster S\u00e4fte sehnen \u2013 unser Fr\u00fchst\u00fccksbuffet bietet f\u00fcr jeden Geschmack etwas.<\/p><div class=\"my-2\">\u00a0<\/div><p>Die G\u00e4ste schw\u00e4rmen von der liebevollen Pr\u00e4sentation und der hohen Qualit\u00e4t: \u201cDas Fr\u00fchst\u00fcck war unglaublich \u2013 so viel Auswahl, und alles schmeckte frisch\u201d, schw\u00e4rmt ein Feinschmecker aus Frankreich. \u201cBesonders angetan war ich von den lokalen Spezialit\u00e4ten wie Xiaolongbao und Sojamilch. Es war wie eine kulinarische Reise durch Shanghai.\u201d<\/p><div class=\"my-2\">\u00a0<\/div><p>Die Fr\u00fchst\u00fcckszeiten sind auf Ihre Bed\u00fcrfnisse abgestimmt:<\/p><ul dir=\"auto\"><li><strong>Montag bis Freitag<\/strong>07:00\u201310:00 Uhr<\/li><li><strong>Samstag und Sonntag<\/strong>07:00\u201310:30 Uhr<\/li><\/ul><div class=\"my-2\">\u00a0<\/div><p>Die Preise sind familienfreundlich:<\/p><ul dir=\"auto\"><li>Kinder unter 1,2 m: Kostenlos<\/li><li>Kinder 1,2\u20131,4 Monate: 79 CNY<\/li><li>Erwachsene und Kinder \u00fcber 1,4 m: 138 CNY<\/li><\/ul><div class=\"my-2\">\u00a0<\/div><p>Ob Sie sich f\u00fcr einen Tag voller Besichtigungen st\u00e4rken oder einen entspannten Morgen mit Blick auf den Bund genie\u00dfen m\u00f6chten, unser Fr\u00fchst\u00fcck ist darauf ausgelegt, Sie zu begeistern.<\/p><div class=\"my-2\">\u00a0<\/div><h3>Abendessen mit Aussicht: Shanghai unter dem Sternenhimmel genie\u00dfen<\/h3><p>Wenn das Tageslicht schwindet und die Kolonialarchitektur des Bund im Nachthimmel erstrahlt, verwandelt sich unser Restaurant in eine intime Oase f\u00fcr ein genussvolles Abendessen. Hier erwarten Sie von unseren K\u00f6chen sorgf\u00e4ltig zusammengestellte Men\u00fcs, die traditionelle Shanghaier Rezepte mit modernen Akzenten verbinden. Freuen Sie sich auf zart geschmorten Schweinebauch, der auf der Zunge zergeht, frische, gebratene Flussgarnelen und unsere Spezialit\u00e4ten, die die Verschmelzung \u00f6stlicher und westlicher Einfl\u00fcsse in Shanghai widerspiegeln.<\/p><div class=\"my-2\">\u00a0<\/div><p>\u201cDas Abendessen war unvergesslich \u2013 der Koch kam pers\u00f6nlich heraus, um die Speisekarte zu erkl\u00e4ren\u201d, bemerkte ein Paar aus Italien. \u201cDer geschmorte Schweinebauch war butterzart. Das Ambiente mit Blick auf den Bund trug zum magischen Erlebnis bei.\u201d<\/p><div class=\"my-2\">\u00a0<\/div><p>Unser offenes K\u00fcchenkonzept erm\u00f6glicht es den G\u00e4sten, die Kunstfertigkeit hinter jedem Gericht mitzuerleben, w\u00e4hrend unser aufmerksames Personal daf\u00fcr sorgt, dass jedes Detail \u2013 von der Weinbegleitung bis hin zu individuellen Ern\u00e4hrungsw\u00fcnschen \u2013 sorgf\u00e4ltig ber\u00fccksichtigt wird. F\u00fcr alle, die einen ganz besonderen Anlass feiern m\u00f6chten, bieten wir private Speiser\u00e4ume mit personalisierten Men\u00fcs und einem atemberaubenden Blick auf den Fluss.<\/p><div class=\"my-2\">\u00a0<\/div><h3>Themenrestaurants und kulturelle Verbindungen<\/h3><p>Im Blossom House glauben wir, dass Essen ein umfassendes Erlebnis sein sollte. Deshalb bietet unser Restaurant mehr als nur Speisen \u2013 wir bieten Ihnen Erlebnisse, die Sie mit der Kultur Shanghais verbinden. Durch unser einzigartiges <strong>Kultureller Concierge-Service<\/strong>, Wir k\u00f6nnen Themenabende mit regionalen Spezialit\u00e4ten, Kochvorf\u00fchrungen oder sogar gef\u00fchrte Verkostungen lokaler Tees und Spirituosen organisieren.<\/p><div class=\"my-2\">\u00a0<\/div><p>Familien werden unseren spielerischen und dennoch anspruchsvollen Ansatz f\u00fcr kinderfreundliches Essen lieben, insbesondere in Kombination mit unseren beliebten Gerichten. <strong>Ultraman-Themen-Familienzimmer<\/strong>\u2014perfekt, um nach einem erlebnisreichen Tag bleibende Erinnerungen zu schaffen.<\/p><div class=\"my-2\">\u00a0<\/div><h3>Warum sollten Sie sich f\u00fcr unser Restaurant entscheiden?<\/h3><ul dir=\"auto\"><li><strong>Authentische lokale Aromen<\/strong>Wir beziehen unsere Zutaten, wann immer m\u00f6glich, aus der Region, um Frische zu gew\u00e4hrleisten und regionale Erzeuger zu unterst\u00fctzen.<\/li><li><strong>Handwerkliche Kunstfertigkeit<\/strong>Jedes Gericht wird mit Pr\u00e4zision, Leidenschaft und Respekt vor der Tradition zubereitet.<\/li><li><strong>Unschlagbare Lage<\/strong>Speisen Sie mit Panoramablick auf den Bund, den Yu-Garten und die Skyline von Pudong \u2013 Sie m\u00fcssen das Hotel nicht verlassen, um Shanghais ber\u00fchmteste Aussichten zu genie\u00dfen.<\/li><li><strong>Pers\u00f6nlicher Service<\/strong>Von Begr\u00fc\u00dfungsgetr\u00e4nken bis hin zu ma\u00dfgeschneiderten Empfehlungen \u2013 unser Team antizipiert Ihre Bed\u00fcrfnisse und \u00fcbertrifft Ihre Erwartungen.<\/li><li><strong>Flexible Speisem\u00f6glichkeiten<\/strong>Ob Sie vor einem Meeting nur schnell etwas essen m\u00f6chten oder ein mehrg\u00e4ngiges Men\u00fc genie\u00dfen wollen, wir richten uns nach Ihrem Zeitplan und Stil.<\/li><\/ul><div class=\"my-2\">\u00a0<\/div><h3>Mehr als nur eine Mahlzeit \u2013 es ist eine Erinnerung<\/h3><p>Unser Restaurant wird von unseren G\u00e4sten immer wieder als H\u00f6hepunkt ihres Aufenthalts gelobt. \u201cGenie\u00dfen Sie Shanghais Seele im Blossom House\u201d, schreibt ein Rezensent auf Trip.com. \u201cUnsere handwerklich zubereiteten Speisen vereinen lokale Aromen mit internationalem Flair und bieten ein sorgf\u00e4ltig zusammengestelltes Fr\u00fchst\u00fccksbuffet sowie unvergessliche Mahlzeiten. Speisen Sie in elegantem Ambiente, wo jedes Gericht eine Geschichte aus Shanghais lebendigem kulinarischen Erbe erz\u00e4hlt und Ihren luxuri\u00f6sen Aufenthalt am Bund perfekt abrundet.\u201d<\/p><div class=\"my-2\">\u00a0<\/div><p>Ob Gesch\u00e4ftsreisende, Paare, Familien oder Alleinreisende \u2013 unser Restaurant bietet mehr als nur Verpflegung \u2013 es schafft Begegnungen. Begegnungen mit der Stadt, ihrer Geschichte und den Menschen, die hier leben.<\/p><div class=\"my-2\">\u00a0<\/div><div class=\"py-2 my-3\"><hr \/><\/div><div class=\"my-2\">\u00a0<\/div><p><strong>Planen Sie noch heute Ihr kulinarisches Abenteuer!<\/strong><\/p><div class=\"my-2\">\u00a0<\/div><p data-spm-anchor-id=\"a2ty_o01.29997173.0.i75.5931c921sKJoD0\">Bereit, die Seele Shanghais zu schmecken? Reservieren Sie Ihren Tisch im Blossom House Shanghai On The Bund Restaurant und lassen Sie sich von uns durch ein unvergessliches kulinarisches Erlebnis f\u00fchren \u2013 so unvergesslich wie die Stadt selbst.<\/p>\t\t\t\t\t\t\t\t<\/div>\n\t\t\t\t\t<\/div>\n\t\t\t\t<\/div>\n\t\t\t\t<section class=\"elementor-section elementor-top-section elementor-element elementor-element-512ebc18 elementor-section-stretched elementor-section-boxed elementor-section-gap-beside-yes elementor-section-height-default elementor-section-height-default elementor-section-column-vertical-align-stretch\" data-id=\"512ebc18\" data-element_type=\"section\" data-e-type=\"section\" data-settings=\"{&quot;background_background&quot;:&quot;classic&quot;,&quot;stretch_section&quot;:&quot;section-stretched&quot;}\">\n\t\t\t\t\t\t<div class=\"elementor-container elementor-column-gap-extended\">\n\t\t\t\t\t<div class=\"elementor-column elementor-col-100 elementor-top-column elementor-element elementor-element-5ac4eaa5\" data-id=\"5ac4eaa5\" data-element_type=\"column\" data-e-type=\"column\">\n\t\t\t<div class=\"elementor-widget-wrap elementor-element-populated\">\n\t\t\t\t\t\t<div class=\"elementor-element elementor-element-b298fad elementor-widget elementor-widget-nuss-heading\" data-id=\"b298fad\" data-element_type=\"widget\" data-e-type=\"widget\" data-widget_type=\"nuss-heading.default\">\n\t\t\t\t<div class=\"elementor-widget-container\">\n\t\t\t\t\t\t\t<div class=\"nuss-modern-heading\">\r\n\t\t\t\t\t\t<div class=\"heading-secondary-wrap\">\r\n\t\t\t\t<h3 class=\"heading-secondary elementor-heading-title\">Verf\u00fcgbarkeit pr\u00fcfen <\/h3>\t\t\t<\/div>\r\n\t\t\r\n\t\t\t\r\n\t\t\t\r\n\t\t\t\t\t<\/div>\r\n\t\t\t\t\t<\/div>\n\t\t\t\t<\/div>\n\t\t\t\t<div class=\"elementor-element elementor-element-56c843eb elementor-widget elementor-widget-text-editor\" data-id=\"56c843eb\" data-element_type=\"widget\" data-e-type=\"widget\" data-widget_type=\"text-editor.default\">\n\t\t\t\t\t\t\t\t\t<iframe border=\"0\" src=\"https:\/\/www.trip.com\/partners\/ad\/S6940663?Allianceid=4590391&#038;SID=275557010&#038;trip_sub1=\" style=\"width:1200px;height:200px\" frameborder=\"0\" scrolling=\"no\" id=\"S6940663\"><\/iframe>\t\t\t\t\t\t\t\t<\/div>\n\t\t\t\t\t<\/div>\n\t\t<\/div>\n\t\t\t\t\t<\/div>\n\t\t<\/section>\n\t\t\t\t<\/div>","protected":false},"excerpt":{"rendered":"<p>Blossom House Shanghai On The Bund Restaurant: Where Shanghai\u2019s Culinary Soul Meets Artisanal Elegance Nestled along the shimmering waters of the Huangpu River at No. 386 Ren Min Road in Shanghai\u2019s historic Huangpu District, the Blossom House Shanghai On The Bund Restaurant offers more than just a meal\u2014it delivers a sensory journey through the heart [&hellip;]<\/p>\n","protected":false},"author":1,"featured_media":0,"parent":0,"menu_order":0,"comment_status":"closed","ping_status":"closed","template":"","meta":{"footnotes":""},"class_list":["post-612","page","type-page","status-publish","hentry","post-no-thumbnail"],"_links":{"self":[{"href":"https:\/\/blossomhouseshanghai.com\/de\/wp-json\/wp\/v2\/pages\/612","targetHints":{"allow":["GET"]}}],"collection":[{"href":"https:\/\/blossomhouseshanghai.com\/de\/wp-json\/wp\/v2\/pages"}],"about":[{"href":"https:\/\/blossomhouseshanghai.com\/de\/wp-json\/wp\/v2\/types\/page"}],"author":[{"embeddable":true,"href":"https:\/\/blossomhouseshanghai.com\/de\/wp-json\/wp\/v2\/users\/1"}],"replies":[{"embeddable":true,"href":"https:\/\/blossomhouseshanghai.com\/de\/wp-json\/wp\/v2\/comments?post=612"}],"version-history":[{"count":0,"href":"https:\/\/blossomhouseshanghai.com\/de\/wp-json\/wp\/v2\/pages\/612\/revisions"}],"wp:attachment":[{"href":"https:\/\/blossomhouseshanghai.com\/de\/wp-json\/wp\/v2\/media?parent=612"}],"curies":[{"name":"wp","href":"https:\/\/api.w.org\/{rel}","templated":true}]}}