{"id":647,"date":"2021-03-29T02:13:52","date_gmt":"2021-03-29T02:13:52","guid":{"rendered":"http:\/\/localhost\/nuss\/?page_id=647"},"modified":"2025-11-18T08:57:33","modified_gmt":"2025-11-18T08:57:33","slug":"dienstleistungen","status":"publish","type":"page","link":"https:\/\/blossomhouseshanghai.com\/de\/dienstleistungen\/","title":{"rendered":"Leistungen"},"content":{"rendered":"<div data-elementor-type=\"wp-page\" data-elementor-id=\"647\" class=\"elementor elementor-647\">\n\t\t\t\t\t\t<section class=\"elementor-section elementor-top-section elementor-element elementor-element-3353bc8 elementor-section-boxed elementor-section-gap-beside-yes elementor-section-height-default elementor-section-height-default elementor-section-column-vertical-align-stretch\" data-id=\"3353bc8\" data-element_type=\"section\" data-e-type=\"section\">\n\t\t\t\t\t\t<div class=\"elementor-container elementor-column-gap-extended\">\n\t\t\t\t\t<div class=\"elementor-column elementor-col-100 elementor-top-column elementor-element elementor-element-0a2bc64\" data-id=\"0a2bc64\" data-element_type=\"column\" data-e-type=\"column\">\n\t\t\t<div class=\"elementor-widget-wrap elementor-element-populated\">\n\t\t\t\t\t\t<div class=\"elementor-element elementor-element-447e3ef elementor-widget__width-initial elementor-invisible elementor-widget elementor-widget-text-editor\" data-id=\"447e3ef\" data-element_type=\"widget\" data-e-type=\"widget\" data-settings=\"{&quot;_animation&quot;:&quot;nussFadeInUp&quot;}\" data-widget_type=\"text-editor.default\">\n\t\t\t\t\t\t\t\t\t<div class=\"svelte-1c06zsf\" data-lang-code=\"\"><p><strong data-spm-anchor-id=\"a2ty_o01.29997173.0.i80.5931c921sKJoD0\">Blossom House Shanghai On The Bund: Wo ma\u00dfgeschneiderter Service auf die Seele Shanghais trifft<\/strong><\/p><\/div>\t\t\t\t\t\t\t\t<\/div>\n\t\t\t\t\t<\/div>\n\t\t<\/div>\n\t\t\t\t\t<\/div>\n\t\t<\/section>\n\t\t<div class=\"elementor-element elementor-element-76953f7 e-flex e-con-boxed e-con e-parent\" data-id=\"76953f7\" data-element_type=\"container\" data-e-type=\"container\">\n\t\t\t\t\t<div class=\"e-con-inner\">\n\t\t\t\t<div class=\"elementor-element elementor-element-2f32cd6 elementor-widget elementor-widget-text-editor\" data-id=\"2f32cd6\" data-element_type=\"widget\" data-e-type=\"widget\" data-widget_type=\"text-editor.default\">\n\t\t\t\t\t\t\t\t\t<p data-spm-anchor-id=\"a2ty_o01.29997173.0.i81.5931c921sKJoD0\">Im Blossom House Shanghai On The Bund ist Service keine blo\u00dfe Checkliste \u2013 er ist eine Philosophie. Gelegen in der Ren Min Road 386 im Herzen von Shanghais historischem Huangpu-Viertel, definiert unser 5-Sterne-Luxushotel Gastfreundschaft neu, indem es pers\u00f6nliche Betreuung, kulturelle Einblicke und modernen Komfort in jeden Moment Ihres Aufenthalts einflie\u00dfen l\u00e4sst. Hier sind Sie nicht nur Gast, sondern der Protagonist Ihrer eigenen Shanghai-Geschichte, und unser Team sorgt daf\u00fcr, dass diese sich mit Eleganz, Leichtigkeit und unvergesslichen Momenten entfaltet.<\/p><div class=\"my-2\">\u00a0<\/div><h3>Der Kultur-Concierge: Ihr pers\u00f6nlicher Reisef\u00fchrer zu Shanghais verborgenen Sch\u00e4tzen<\/h3><p>Was Blossom House wirklich auszeichnet, ist unser <strong>Kultur-Concierge<\/strong>Ein einzigartiger Service f\u00fcr Reisende, die mehr als nur Sightseeing suchen. Unsere Concierges sind nicht nur Informationsschalter, sondern Geschichtenerz\u00e4hler, lokale Experten und Kulturbotschafter. Ob Sie zum ersten Mal hier sind oder ein erfahrener Entdecker \u2013 sie erstellen ma\u00dfgeschneiderte Reiserouten, die Ihren Interessen entsprechen. Von der Entdeckung versteckter Teeh\u00e4user in traditionellen Nong-Tangs bis hin zum VIP-Zugang zu Galerien f\u00fcr zeitgen\u00f6ssische Kunst wie dem Rockbund Art Museum.<\/p><div class=\"my-2\">\u00a0<\/div><p>Stellen Sie sich vor, Sie genie\u00dfen Jasmintee in einem geheimen Innenhofgarten, den nur Einheimische kennen, oder lassen sich von Insider-Tipps durch die gesch\u00e4ftigen St\u00e4nde des Yu-Gartenmarktes f\u00fchren, wo Sie die besten Xiaolongbao finden. Unser Kultur-Concierge sagt Ihnen nicht nur, was Sie sehen sollten \u2013 er zeigt Ihnen auch, wie Sie es erleben k\u00f6nnen. <em>f\u00fchlen<\/em> Shanghai. F\u00fcr Gesch\u00e4ftsreisende werden private Abendessen in versteckten Restaurants arrangiert \u2013 ideal f\u00fcr Kundengespr\u00e4che. Familien k\u00f6nnen sich auf Schnitzeljagden durch die charmantesten Gassen der Stadt freuen. Und f\u00fcr Romantiker? Es werden romantische Abendessen bei Kerzenschein mit Blick auf die beleuchtete Skyline des Bund organisiert. Das ist mehr als nur Service \u2013 es ist ein Erlebnis, das Sie tief mit der Seele der Stadt verbindet.<\/p><div class=\"my-2\">\u00a0<\/div><h3>24\/7-Rezeption &amp; Nahtloser Support<\/h3><p>Ihr Komfort liegt uns am Herzen, deshalb ist unsere Rezeption rund um die Uhr besetzt. Ob Sie um 3 Uhr nachts Hilfe ben\u00f6tigen oder kurzfristig einen Tisch zum Abendessen reservieren m\u00f6chten \u2013 unsere mehrsprachigen Mitarbeiter sind jederzeit f\u00fcr Sie da. Unsere G\u00e4ste loben immer wieder die Freundlichkeit und Effizienz unseres Teams. Viele bemerken, dass sich unsere Mitarbeiter an ihre Namen, Vorlieben und sogar besondere Anl\u00e4sse erinnern. \u201cDie Mitarbeiter waren au\u00dfergew\u00f6hnlich hilfsbereit\u201d, berichtete ein Gast aus Deutschland. \u201cSie haben sich an meine Kaffeebestellung erinnert und uns sogar ein besseres Zimmer gegeben, weil wir unseren Jahrestag gefeiert haben.\u201d<\/p><div class=\"my-2\">\u00a0<\/div><p>Wir wissen, dass Reisen unvorhersehbar sein kann. Deshalb bieten wir flexible L\u00f6sungen f\u00fcr jeden Bedarf \u2013 von sp\u00e4ten Check-outs bis hin zur Orientierung im Shanghaier U-Bahn-Netz. Ben\u00f6tigen Sie \u00dcbersetzungstools? Kein Problem. Suchen Sie Empfehlungen f\u00fcr das beste Streetfood vor Ort? Unser Team hilft Ihnen gerne weiter. Im Blossom House ist uns kein Wunsch zu klein und kein Detail zu wenig.<\/p><div class=\"my-2\">\u00a0<\/div><h3>Modernstes Fitnesscenter: Stilvoll neue Energie tanken<\/h3><p>F\u00fcr G\u00e4ste, die Wert auf Wohlbefinden legen, bieten wir Folgendes an: <strong>hochmodernes Fitnesscenter<\/strong> Unser Fitnessstudio bietet eine Oase der Ruhe inmitten des pulsierenden Stadtlebens. Es ist rund um die Uhr ge\u00f6ffnet und mit modernsten Cardioger\u00e4ten, Krafttrainingsger\u00e4ten und Hanteln ausgestattet \u2013 alles vor der Kulisse eines atemberaubenden Panoramablicks auf die Stadt. Ob Sie morgens vor einem anstrengenden Tag voller Meetings noch schnell trainieren oder nach dem Abendessen entspannen m\u00f6chten: In unserem Fitnesscenter k\u00f6nnen Sie Ihre Routine beibehalten, ohne auf Komfort verzichten zu m\u00fcssen.<\/p><div class=\"my-2\">\u00a0<\/div><p>F\u00fcr alle, die einen ganzheitlichen Wellness-Ansatz suchen, organisiert unser Concierge gerne Yoga-Stunden auf dem Zimmer, gef\u00fchrte Meditationskurse oder Spa-Behandlungen in nahegelegenen Luxus-Spas. Nach einem langen Tag am Bund oder in Gesch\u00e4ftstreffen gibt es nichts Sch\u00f6neres, als sich mit einem schwei\u00dftreibenden Workout und einem entspannenden Bad in der tiefen Badewanne Ihres Zimmers zu erholen.<\/p><div class=\"my-2\">\u00a0<\/div><h3>Flexible Speiseoptionen: Genie\u00dfen Sie Shanghai ganz nach Ihren W\u00fcnschen<\/h3><p>Unser Serviceanspruch erstreckt sich auch auf Ihr kulinarisches Erlebnis. Unser Restaurant bietet Ihnen sorgf\u00e4ltig ausgew\u00e4hlte Fr\u00fchst\u00fccksbuffets und unvergessliche Mahlzeiten. Wir wissen aber auch, dass Ihre Zeitpl\u00e4ne unterschiedlich sind. Deshalb bieten wir Ihnen <strong>flexible Fr\u00fchst\u00fccksoptionen<\/strong>, einschlie\u00dflich Fr\u00fchservice und Zimmerservice f\u00fcr diejenigen, die lieber im Komfort ihres Zimmers speisen m\u00f6chten.<\/p><div class=\"my-2\">\u00a0<\/div><p>Die Fr\u00fchst\u00fcckszeiten sind durchdacht geplant:<\/p><ul dir=\"auto\"><li><strong>Montag bis Freitag<\/strong>07:00\u201310:00 Uhr<\/li><li><strong>Samstag und Sonntag<\/strong>07:00\u201310:30 Uhr<\/li><\/ul><div class=\"my-2\">\u00a0<\/div><p>Die Preise sind familienfreundlich, mit Erm\u00e4\u00dfigungen f\u00fcr Kinder:<\/p><ul dir=\"auto\"><li>Kinder unter 1,2 m: Kostenlos<\/li><li>Kinder 1,2\u20131,4 Monate: 79 CNY<\/li><li>Erwachsene und Kinder \u00fcber 1,4 m: 138 CNY<\/li><\/ul><div class=\"my-2\">\u00a0<\/div><p>F\u00fcr Gesch\u00e4ftsreisende bieten wir ruhige, private Ecken zum Arbeiten bei einer Tasse Kaffee oder f\u00fcr informelle Besprechungen. Familien sch\u00e4tzen unser spielerisches und zugleich stilvolles, kinderfreundliches Ambiente, insbesondere in Kombination mit unserem beliebten Ultraman-Themenzimmer. Und f\u00fcr romantische Abende organisieren wir Ihnen gerne ein intimes Dinner mit individuell gestalteten Men\u00fcs und einem atemberaubenden Blick auf den Fluss.<\/p><div class=\"my-2\">\u00a0<\/div><h3>Gesch\u00e4ftsdienstleistungen: Produktivit\u00e4t trifft auf Luxus<\/h3><p>Das Blossom House ist dank seiner strategischen Lage nahe Shanghais Finanzviertel und erstklassigen Tagungseinrichtungen ideal f\u00fcr Gesch\u00e4ftsreisende. Unsere Veranstaltungsr\u00e4ume sind mit modernster audiovisueller Technik, Highspeed-WLAN und flexiblen Bestuhlungsm\u00f6glichkeiten ausgestattet und eignen sich daher perfekt f\u00fcr Pr\u00e4sentationen im Konferenzraum, Brainstorming-Sitzungen im Team oder Gesch\u00e4ftsessen. Das hauseigene Veranstaltungsteam k\u00fcmmert sich um jedes Detail \u2013 vom Auf- bis zum Abbau \u2013, sodass Sie sich ganz auf Ihre Ziele konzentrieren k\u00f6nnen.<\/p><div class=\"my-2\">\u00a0<\/div><p>F\u00fcr Einzelunternehmer sind unsere Zimmer als produktive R\u00fcckzugsorte konzipiert und bieten viel Platz am Schreibtisch, ergonomische St\u00fchle und erstklassige Konnektivit\u00e4t. Sie m\u00fcssen Dokumente drucken oder Vertr\u00e4ge scannen? Unser Businesscenter bietet Ihnen alles, was Sie daf\u00fcr ben\u00f6tigen. Und falls Sie einen Meeting-Tag nach dem anderen haben, organisiert unser Concierge gerne die Lieferung von Mahlzeiten auf Ihr Zimmer oder in Ihren Meetingraum, damit Sie den ganzen Tag \u00fcber energiegeladen bleiben.<\/p><div class=\"my-2\">\u00a0<\/div><h3>Familienfreundliche Ausstattung: Unvergessliche Erinnerungen schaffen<\/h3><p>Familien stehen im Mittelpunkt der Philosophie von Blossom House. Von der skurrilen <strong>Ultraman-Themen-Familienzimmer<\/strong>, Von der farbenfrohen Einrichtung und der Bettw\u00e4sche mit Motiven, die Kinder begeistert, bis hin zur durchdachten Bereitstellung von Kinderbetten (kostenlos f\u00fcr Kinder bis 6 Jahre) \u2013 jedes Detail ist darauf ausgelegt, Familienreisen reibungslos und angenehm zu gestalten.<\/p><div class=\"my-2\">\u00a0<\/div><p>Unsere Mitarbeiter geben sich gr\u00f6\u00dfte M\u00fche, damit sich Kinder wohlf\u00fchlen \u2013 sei es mit einem kleinen Willkommensgeschenk, Empfehlungen f\u00fcr kinderfreundliche Attraktionen oder Unterst\u00fctzung der Eltern bei der Orientierung im \u00f6ffentlichen Nahverkehr. \u201cDas Ultraman-Zimmer war der absolute Hit bei unserem Sohn \u2013 er wollte gar nicht mehr weg!\u201d, berichtete ein Elternteil aus Gro\u00dfbritannien. \u201cUnd die Mitarbeiter haben ihm sogar ein kleines Geschenk mitgebracht, als sie sahen, dass er Geburtstag feierte.\u201d<\/p><div class=\"my-2\">\u00a0<\/div><h3>Barrierefreiheit und Komfort: F\u00fcr jeden Reisenden entwickelt<\/h3><p>Wir sind der \u00dcberzeugung, dass Luxus f\u00fcr alle zug\u00e4nglich sein sollte. Deshalb bietet das Blossom House Annehmlichkeiten f\u00fcr jeden Reisenden. G\u00e4sten, die mit dem Auto anreisen, stehen Parkpl\u00e4tze zur Verf\u00fcgung. Dank der N\u00e4he zur Metrostation Yuyuan Garden (nur 0,23 km entfernt) ist die Erkundung der Stadt ein Kinderspiel. Wir akzeptieren die g\u00e4ngigsten Kreditkarten und nehmen auch gerne Bargeld entgegen.<\/p><div class=\"my-2\">\u00a0<\/div><p>F\u00fcr internationale G\u00e4ste bieten wir \u00dcbersetzungstools und Unterst\u00fctzung, um eine reibungslose Kommunikation zu gew\u00e4hrleisten. Obwohl wir keine Flughafentransfers anbieten, hilft Ihnen unser Concierge gerne bei der Buchung von Taxis oder Mitfahrgelegenheiten zu und von den Flugh\u00e4fen Hongqiao und Pudong.<\/p><div class=\"my-2\">\u00a0<\/div><div class=\"py-2 my-3\"><hr \/><\/div><div class=\"my-2\">\u00a0<\/div><p><strong>Warum sollten Sie sich f\u00fcr das Blossom House entscheiden?<\/strong><\/p><div class=\"my-2\">\u00a0<\/div><p>Im Blossom House Shanghai On The Bund ist Service nicht nur eine Nebensache \u2013 er ist die Grundlage all unseres Handelns. Vom ersten Moment an, in dem Sie unser Haus betreten, werden Sie nicht von Mitarbeitern, sondern von Geschichtenerz\u00e4hlern empfangen, die sich mit Herzblut daf\u00fcr einsetzen, Ihren Aufenthalt zu einem unvergesslichen Erlebnis zu machen. Ob Sie gesch\u00e4ftlich, romantisch, mit der Familie oder zur kulturellen Entdeckungsreise hier sind \u2013 unser Team ist bestrebt, Ihre Bed\u00fcrfnisse vorauszusehen, Ihre Erwartungen zu \u00fcbertreffen und Ihnen einen Aufenthalt zu bereiten, der sich ganz nach Ihren W\u00fcnschen anf\u00fchlt.<\/p><div class=\"my-2\">\u00a0<\/div><p data-spm-anchor-id=\"a2ty_o01.29997173.0.i82.5931c921sKJoD0\">Kommen Sie und erleben Sie wahre Gastfreundschaft \u2013 nicht nur in Shanghai, sondern mitten im Herzen von Shanghais ber\u00fchmtester Uferpromenade. Willkommen im Blossom House, wo jedes Detail darauf ausgerichtet ist, Ihre Reise unvergesslich zu machen.<\/p>\t\t\t\t\t\t\t\t<\/div>\n\t\t\t\t\t<\/div>\n\t\t\t\t<\/div>\n\t\t\t\t<section class=\"elementor-section elementor-top-section elementor-element elementor-element-7bce1c0b elementor-section-stretched elementor-section-boxed elementor-section-gap-beside-yes elementor-section-height-default elementor-section-height-default elementor-section-column-vertical-align-stretch\" data-id=\"7bce1c0b\" data-element_type=\"section\" data-e-type=\"section\" data-settings=\"{&quot;background_background&quot;:&quot;classic&quot;,&quot;stretch_section&quot;:&quot;section-stretched&quot;}\">\n\t\t\t\t\t\t<div class=\"elementor-container elementor-column-gap-extended\">\n\t\t\t\t\t<div class=\"elementor-column elementor-col-100 elementor-top-column elementor-element elementor-element-7c7178fe\" data-id=\"7c7178fe\" data-element_type=\"column\" data-e-type=\"column\">\n\t\t\t<div class=\"elementor-widget-wrap elementor-element-populated\">\n\t\t\t\t\t\t<div class=\"elementor-element elementor-element-2f9d31f9 elementor-widget elementor-widget-nuss-heading\" data-id=\"2f9d31f9\" data-element_type=\"widget\" data-e-type=\"widget\" data-widget_type=\"nuss-heading.default\">\n\t\t\t\t<div class=\"elementor-widget-container\">\n\t\t\t\t\t\t\t<div class=\"nuss-modern-heading\">\r\n\t\t\t\t\t\t<div class=\"heading-secondary-wrap\">\r\n\t\t\t\t<h3 class=\"heading-secondary elementor-heading-title\">Verf\u00fcgbarkeit pr\u00fcfen <\/h3>\t\t\t<\/div>\r\n\t\t\r\n\t\t\t\r\n\t\t\t\r\n\t\t\t\t\t<\/div>\r\n\t\t\t\t\t<\/div>\n\t\t\t\t<\/div>\n\t\t\t\t<div class=\"elementor-element elementor-element-57084baf elementor-widget elementor-widget-text-editor\" data-id=\"57084baf\" data-element_type=\"widget\" data-e-type=\"widget\" data-widget_type=\"text-editor.default\">\n\t\t\t\t\t\t\t\t\t<iframe border=\"0\" src=\"https:\/\/www.trip.com\/partners\/ad\/S6940663?Allianceid=4590391&#038;SID=275557010&#038;trip_sub1=\" style=\"width:1200px;height:200px\" frameborder=\"0\" scrolling=\"no\" id=\"S6940663\"><\/iframe>\t\t\t\t\t\t\t\t<\/div>\n\t\t\t\t\t<\/div>\n\t\t<\/div>\n\t\t\t\t\t<\/div>\n\t\t<\/section>\n\t\t\t\t<\/div>","protected":false},"excerpt":{"rendered":"<p>Blossom House Shanghai On The Bund: Where Bespoke Service Meets the Soul of Shanghai At Blossom House Shanghai On The Bund, service is not a checklist\u2014it\u2019s a philosophy. Nestled at No. 386 Ren Min Road in the heart of Shanghai\u2019s historic Huangpu District, our 5-star luxury hotel redefines hospitality by weaving personalized care, cultural insight, [&hellip;]<\/p>\n","protected":false},"author":1,"featured_media":0,"parent":0,"menu_order":0,"comment_status":"closed","ping_status":"closed","template":"","meta":{"footnotes":""},"class_list":["post-647","page","type-page","status-publish","hentry","post-no-thumbnail"],"_links":{"self":[{"href":"https:\/\/blossomhouseshanghai.com\/de\/wp-json\/wp\/v2\/pages\/647","targetHints":{"allow":["GET"]}}],"collection":[{"href":"https:\/\/blossomhouseshanghai.com\/de\/wp-json\/wp\/v2\/pages"}],"about":[{"href":"https:\/\/blossomhouseshanghai.com\/de\/wp-json\/wp\/v2\/types\/page"}],"author":[{"embeddable":true,"href":"https:\/\/blossomhouseshanghai.com\/de\/wp-json\/wp\/v2\/users\/1"}],"replies":[{"embeddable":true,"href":"https:\/\/blossomhouseshanghai.com\/de\/wp-json\/wp\/v2\/comments?post=647"}],"version-history":[{"count":0,"href":"https:\/\/blossomhouseshanghai.com\/de\/wp-json\/wp\/v2\/pages\/647\/revisions"}],"wp:attachment":[{"href":"https:\/\/blossomhouseshanghai.com\/de\/wp-json\/wp\/v2\/media?parent=647"}],"curies":[{"name":"wp","href":"https:\/\/api.w.org\/{rel}","templated":true}]}}