{"id":2105,"date":"2021-03-24T07:25:45","date_gmt":"2021-03-24T07:25:45","guid":{"rendered":"http:\/\/localhost\/nuss\/?page_id=235"},"modified":"2025-11-18T08:44:18","modified_gmt":"2025-11-18T08:44:18","slug":"preguntas-frecuentes","status":"publish","type":"page","link":"https:\/\/blossomhouseshanghai.com\/es\/preguntas-frecuentes\/","title":{"rendered":"Preguntas frecuentes"},"content":{"rendered":"<div data-elementor-type=\"wp-page\" data-elementor-id=\"2105\" class=\"elementor elementor-2105\">\n\t\t\t\t\t\t<section class=\"elementor-section elementor-top-section elementor-element elementor-element-2a96a73 elementor-section-boxed elementor-section-gap-beside-yes elementor-section-height-default elementor-section-height-default elementor-section-column-vertical-align-stretch\" data-id=\"2a96a73\" data-element_type=\"section\" data-e-type=\"section\">\n\t\t\t\t\t\t<div class=\"elementor-container elementor-column-gap-extended\">\n\t\t\t\t\t<div class=\"elementor-column elementor-col-100 elementor-top-column elementor-element elementor-element-98ef20c\" data-id=\"98ef20c\" data-element_type=\"column\" data-e-type=\"column\">\n\t\t\t<div class=\"elementor-widget-wrap elementor-element-populated\">\n\t\t\t\t\t\t<div class=\"elementor-element elementor-element-97088c0 elementor-widget__width-initial elementor-invisible elementor-widget elementor-widget-text-editor\" data-id=\"97088c0\" data-element_type=\"widget\" data-e-type=\"widget\" data-settings=\"{&quot;_animation&quot;:&quot;nussFadeInUp&quot;}\" data-widget_type=\"text-editor.default\">\n\t\t\t\t\t\t\t\t\t<p>A continuaci\u00f3n encontrar\u00e1 una lista de las preguntas m\u00e1s frecuentes que nos hacen nuestros hu\u00e9spedes.<\/p>\t\t\t\t\t\t\t\t<\/div>\n\t\t\t\t\t<\/div>\n\t\t<\/div>\n\t\t\t\t\t<\/div>\n\t\t<\/section>\n\t\t\t\t<section class=\"elementor-section elementor-top-section elementor-element elementor-element-b184647 elementor-section-gap-beside-no elementor-section-boxed elementor-section-height-default elementor-section-height-default elementor-section-column-vertical-align-stretch\" data-id=\"b184647\" data-element_type=\"section\" data-e-type=\"section\">\n\t\t\t\t\t\t<div class=\"elementor-container elementor-column-gap-extended\">\n\t\t\t\t\t<div class=\"elementor-column elementor-col-100 elementor-top-column elementor-element elementor-element-1d49749\" data-id=\"1d49749\" data-element_type=\"column\" data-e-type=\"column\">\n\t\t\t<div class=\"elementor-widget-wrap elementor-element-populated\">\n\t\t\t\t\t\t<div class=\"elementor-element elementor-element-b986a9e elementor-invisible elementor-widget elementor-widget-nuss-heading\" data-id=\"b986a9e\" data-element_type=\"widget\" data-e-type=\"widget\" data-settings=\"{&quot;_animation&quot;:&quot;nussFadeInUp&quot;}\" data-widget_type=\"nuss-heading.default\">\n\t\t\t\t<div class=\"elementor-widget-container\">\n\t\t\t\t\t\t\t<div class=\"nuss-modern-heading\">\r\n\t\t\t\r\n\t\t\t\t\t\t<div class=\"heading-primary-wrap\">\r\n\t\t\t\t<h4 class=\"heading-primary elementor-heading-title\">Preguntas frecuentes<\/h4>\t\t\t<\/div>\r\n\t\t\r\n\t\t\t\t\t\t<div class=\"heading-divider-wrap\">\r\n\t\t\t\t<div class=\"heading-divider\" style=\"left: 0px;top: 6px\"><\/div>\r\n\t\t\t<\/div>\r\n\t\r\n\t\t\t\t\t<\/div>\r\n\t\t\t\t\t<\/div>\n\t\t\t\t<\/div>\n\t\t\t\t<div class=\"elementor-element elementor-element-50f0733 elementor-invisible elementor-widget elementor-widget-heading\" data-id=\"50f0733\" data-element_type=\"widget\" data-e-type=\"widget\" data-settings=\"{&quot;_animation&quot;:&quot;nussFadeInUp&quot;}\" data-widget_type=\"heading.default\">\n\t\t\t\t\t<h2 class=\"elementor-heading-title elementor-size-default\">Preguntas y respuestas<\/h2>\t\t\t\t<\/div>\n\t\t\t\t<div class=\"elementor-element elementor-element-2aee4a2 elementor-widget elementor-widget-text-editor\" data-id=\"2aee4a2\" data-element_type=\"widget\" data-e-type=\"widget\" data-widget_type=\"text-editor.default\">\n\t\t\t\t\t\t\t\t\t<p><strong data-spm-anchor-id=\"a2ty_o01.29997173.0.i57.5931c921sKJoD0\">1. \u00bfCu\u00e1les son los horarios de check-in y check-out?<\/strong><br \/>El check-in se realiza a partir de las 15:00 y el check-out a las 12:00.<\/p><div class=\"my-2\">\u00a0<\/div><p><strong>2. \u00bfEl hotel ofrece traslados al aeropuerto?<\/strong><br \/>No, Blossom House no ofrece servicios de traslado al aeropuerto gratuitos ni concertados.<\/p><div class=\"my-2\">\u00a0<\/div><p><strong>3. \u00bfA qu\u00e9 distancia est\u00e1 el hotel del aeropuerto de Shanghai Hongqiao?<\/strong><br \/>Aproximadamente 16 km (unos 35 minutos en taxi).<\/p><div class=\"my-2\">\u00a0<\/div><p><strong>4. \u00bfA qu\u00e9 distancia est\u00e1 el hotel del Aeropuerto Internacional de Shanghai Pudong?<\/strong><br \/>Aproximadamente 40,5 km (unos 50 minutos en taxi).<\/p><div class=\"my-2\">\u00a0<\/div><p><strong>5. \u00bfHay una estaci\u00f3n de metro cerca?<\/strong><br \/>S\u00ed, la estaci\u00f3n de metro Yuyuan Garden est\u00e1 a solo 0,23 km, a pocos pasos del hotel.<\/p><div class=\"my-2\">\u00a0<\/div><p><strong>6. \u00bfEl hotel tiene piscina?<\/strong><br \/>No, Blossom House Shanghai On The Bund no tiene piscina para hu\u00e9spedes.<\/p><div class=\"my-2\">\u00a0<\/div><p><strong>7. \u00bfSe admiten mascotas?<\/strong><br \/>No, no se permiten mascotas en el hotel.<\/p><div class=\"my-2\">\u00a0<\/div><p><strong>8. \u00bfCu\u00e1l es la clasificaci\u00f3n de estrellas del hotel?<\/strong><br \/>Blossom House es un hotel de lujo certificado de 5 estrellas.<\/p><div class=\"my-2\">\u00a0<\/div><p><strong>9. \u00bfCu\u00e1ntas habitaciones tiene el hotel?<\/strong><br \/>El hotel cuenta con 222 habitaciones y suites cuidadosamente dise\u00f1adas.<\/p><div class=\"my-2\">\u00a0<\/div><p><strong>10. \u00bfQu\u00e9 tipos de habitaciones est\u00e1n disponibles?<\/strong><br \/>Las opciones incluyen habitaci\u00f3n familiar tem\u00e1tica Ultraman, suite superior, habitaci\u00f3n Deluxe con terraza King, habitaci\u00f3n Queen con vista a la ciudad y m\u00e1s.<\/p><div class=\"my-2\">\u00a0<\/div><p><strong>11. \u00bfPuedo a\u00f1adir una cuna o cama supletoria a mi habitaci\u00f3n?<\/strong><br \/>S\u00ed, se pueden a\u00f1adir cunas gratis para ni\u00f1os de 6 a\u00f1os o menos. Las condiciones para camas supletorias var\u00edan seg\u00fan el tipo de habitaci\u00f3n; por favor, conf\u00edrmelo al hacer la reserva.<\/p><div class=\"my-2\">\u00a0<\/div><p><strong>12. \u00bfEl desayuno est\u00e1 incluido?<\/strong><br \/>El desayuno es opcional y se puede a\u00f1adir en el establecimiento por un suplemento. Se sirve desayuno buffet todos los d\u00edas.<\/p><div class=\"my-2\">\u00a0<\/div><p><strong>13. \u00bfCu\u00e1les son los precios del desayuno?<\/strong><\/p><ul dir=\"auto\"><li>Ni\u00f1os menores de 1,2 m: gratis<\/li><li>Ni\u00f1os de 1,2 a 1,4 meses: 79 CNY<\/li><li>Ni\u00f1os mayores de 1,4 m y adultos: 138 CNY<\/li><\/ul><div class=\"my-2\">\u00a0<\/div><p><strong>14. \u00bfCu\u00e1l es el horario del desayuno?<\/strong><br \/>Lunes a viernes: 07:00\u201310:00 | S\u00e1bado y domingo: 07:00 a 10:30<\/p><div class=\"my-2\">\u00a0<\/div><p><strong>15. \u00bfEl hotel dispone de gimnasio?<\/strong><br \/>S\u00ed, los hu\u00e9spedes tienen acceso a un Fitness Center de \u00faltima generaci\u00f3n abierto las 24 horas, los 7 d\u00edas de la semana.<\/p><div class=\"my-2\">\u00a0<\/div><p><strong>16. \u00bfQu\u00e9 hace que el hotel sea \u00fanico?<\/strong><br \/>Su ubicaci\u00f3n privilegiada en el Bund, el servicio de conserjer\u00eda cultural, la gastronom\u00eda artesanal y las habitaciones tem\u00e1ticas como la Ultraman Family Room lo distinguen.<\/p><div class=\"my-2\">\u00a0<\/div><p><strong>17. \u00bfQu\u00e9 atracciones hay cerca del hotel?<\/strong><br \/>Jard\u00edn Yu (10 min), Calle Nanjing (10 min), Paseo del Bund (5 min), Museo de Arte Rockbund (10 min en coche).<\/p><div class=\"my-2\">\u00a0<\/div><p><strong>18. \u00bfHay estacionamiento disponible?<\/strong><br \/>S\u00ed, hay estacionamiento disponible en el establecimiento para los hu\u00e9spedes.<\/p><div class=\"my-2\">\u00a0<\/div><p><strong>19. \u00bfQu\u00e9 m\u00e9todos de pago se aceptan?<\/strong><br \/>Se aceptan la mayor\u00eda de las principales tarjetas de cr\u00e9dito. Tambi\u00e9n se acepta efectivo.<\/p><div class=\"my-2\">\u00a0<\/div><p data-spm-anchor-id=\"a2ty_o01.29997173.0.i58.5931c921sKJoD0\"><strong>20. \u00bfC\u00f3mo puedo contactar con el hotel para realizar reservas o realizar consultas?<\/strong><br \/>Llama al +86-21-60251688 o visita <a href=\"https:\/\/blossomhouseshanghai.com\/es\/contactanos\/\" target=\"_blank\" rel=\"nofollow noopener\">https:\/\/blossomhouseshanghai.com\/contact-us <\/a><\/p>\t\t\t\t\t\t\t\t<\/div>\n\t\t\t\t\t<\/div>\n\t\t<\/div>\n\t\t\t\t\t<\/div>\n\t\t<\/section>\n\t\t\t\t<section class=\"elementor-section elementor-top-section elementor-element elementor-element-5d3a62a elementor-section-stretched elementor-section-boxed elementor-section-gap-beside-yes elementor-section-height-default elementor-section-height-default elementor-section-column-vertical-align-stretch\" data-id=\"5d3a62a\" data-element_type=\"section\" data-e-type=\"section\" data-settings=\"{&quot;background_background&quot;:&quot;classic&quot;,&quot;stretch_section&quot;:&quot;section-stretched&quot;}\">\n\t\t\t\t\t\t<div class=\"elementor-container elementor-column-gap-extended\">\n\t\t\t\t\t<div class=\"elementor-column elementor-col-100 elementor-top-column elementor-element elementor-element-5663230\" data-id=\"5663230\" data-element_type=\"column\" data-e-type=\"column\">\n\t\t\t<div class=\"elementor-widget-wrap elementor-element-populated\">\n\t\t\t\t\t\t<div class=\"elementor-element elementor-element-7dd81359 elementor-widget elementor-widget-nuss-heading\" data-id=\"7dd81359\" data-element_type=\"widget\" data-e-type=\"widget\" data-widget_type=\"nuss-heading.default\">\n\t\t\t\t<div class=\"elementor-widget-container\">\n\t\t\t\t\t\t\t<div class=\"nuss-modern-heading\">\r\n\t\t\t\t\t\t<div class=\"heading-secondary-wrap\">\r\n\t\t\t\t<h3 class=\"heading-secondary elementor-heading-title\">Consultar disponibilidad <\/h3>\t\t\t<\/div>\r\n\t\t\r\n\t\t\t\r\n\t\t\t\r\n\t\t\t\t\t<\/div>\r\n\t\t\t\t\t<\/div>\n\t\t\t\t<\/div>\n\t\t\t\t<div class=\"elementor-element elementor-element-1a38416f elementor-widget elementor-widget-text-editor\" data-id=\"1a38416f\" data-element_type=\"widget\" data-e-type=\"widget\" data-widget_type=\"text-editor.default\">\n\t\t\t\t\t\t\t\t\t<iframe border=\"0\" src=\"https:\/\/www.trip.com\/partners\/ad\/S6940663?Allianceid=4590391&#038;SID=275557010&#038;trip_sub1=\" style=\"width:1200px;height:200px\" frameborder=\"0\" scrolling=\"no\" id=\"S6940663\"><\/iframe>\t\t\t\t\t\t\t\t<\/div>\n\t\t\t\t\t<\/div>\n\t\t<\/div>\n\t\t\t\t\t<\/div>\n\t\t<\/section>\n\t\t\t\t<\/div>","protected":false},"excerpt":{"rendered":"<p>Below, you will find a list of the questions most frequently asked by our guests. FAQ&#8217;S Questions &amp; Answers 1. What are the check-in and check-out times?Check-in is from 15:00, and check-out is by 12:00. \u00a0 2. Does the hotel offer airport transfers?No, Blossom House does not provide complimentary or arranged airport transfer services. \u00a0 [&hellip;]<\/p>\n","protected":false},"author":1,"featured_media":0,"parent":0,"menu_order":0,"comment_status":"closed","ping_status":"closed","template":"","meta":{"footnotes":""},"class_list":["post-2105","page","type-page","status-publish","hentry","post-no-thumbnail"],"_links":{"self":[{"href":"https:\/\/blossomhouseshanghai.com\/es\/wp-json\/wp\/v2\/pages\/2105","targetHints":{"allow":["GET"]}}],"collection":[{"href":"https:\/\/blossomhouseshanghai.com\/es\/wp-json\/wp\/v2\/pages"}],"about":[{"href":"https:\/\/blossomhouseshanghai.com\/es\/wp-json\/wp\/v2\/types\/page"}],"author":[{"embeddable":true,"href":"https:\/\/blossomhouseshanghai.com\/es\/wp-json\/wp\/v2\/users\/1"}],"replies":[{"embeddable":true,"href":"https:\/\/blossomhouseshanghai.com\/es\/wp-json\/wp\/v2\/comments?post=2105"}],"version-history":[{"count":0,"href":"https:\/\/blossomhouseshanghai.com\/es\/wp-json\/wp\/v2\/pages\/2105\/revisions"}],"wp:attachment":[{"href":"https:\/\/blossomhouseshanghai.com\/es\/wp-json\/wp\/v2\/media?parent=2105"}],"curies":[{"name":"wp","href":"https:\/\/api.w.org\/{rel}","templated":true}]}}