{"id":2106,"date":"2021-03-25T04:08:26","date_gmt":"2021-03-25T04:08:26","guid":{"rendered":"http:\/\/localhost\/nuss\/?page_id=298"},"modified":"2025-11-18T08:33:23","modified_gmt":"2025-11-18T08:33:23","slug":"experiencias","status":"publish","type":"page","link":"https:\/\/blossomhouseshanghai.com\/es\/experiencias\/","title":{"rendered":"Rese\u00f1as de Blossom House Shanghai en el Bund"},"content":{"rendered":"<div data-elementor-type=\"wp-page\" data-elementor-id=\"2106\" class=\"elementor elementor-2106\">\n\t\t\t\t\t\t<section class=\"elementor-section elementor-top-section elementor-element elementor-element-1954ffc elementor-section-boxed elementor-section-gap-beside-yes elementor-section-height-default elementor-section-height-default elementor-section-column-vertical-align-stretch\" data-id=\"1954ffc\" data-element_type=\"section\" data-e-type=\"section\">\n\t\t\t\t\t\t<div class=\"elementor-container elementor-column-gap-extended\">\n\t\t\t\t\t<div class=\"elementor-column elementor-col-100 elementor-top-column elementor-element elementor-element-86aebc5\" data-id=\"86aebc5\" data-element_type=\"column\" data-e-type=\"column\">\n\t\t\t<div class=\"elementor-widget-wrap elementor-element-populated\">\n\t\t\t\t\t\t<div class=\"elementor-element elementor-element-11803d1 elementor-widget__width-initial elementor-invisible elementor-widget elementor-widget-text-editor\" data-id=\"11803d1\" data-element_type=\"widget\" data-e-type=\"widget\" data-settings=\"{&quot;_animation&quot;:&quot;nussFadeInUp&quot;}\" data-widget_type=\"text-editor.default\">\n\t\t\t\t\t\t\t\t\t<div class=\"svelte-1c06zsf\" data-lang-code=\"\"><p><strong data-spm-anchor-id=\"a2ty_o01.29997173.0.i54.5931c921sKJoD0\">Blossom House Shanghai On The Bund: Opiniones reales de hu\u00e9spedes y experiencias inolvidables de viajeros que vivieron el lujo.<\/strong><\/p><\/div>\t\t\t\t\t\t\t\t<\/div>\n\t\t\t\t\t<\/div>\n\t\t<\/div>\n\t\t\t\t\t<\/div>\n\t\t<\/section>\n\t\t<div class=\"elementor-element elementor-element-95e7268 e-flex e-con-boxed e-con e-parent\" data-id=\"95e7268\" data-element_type=\"container\" data-e-type=\"container\">\n\t\t\t\t\t<div class=\"e-con-inner\">\n\t\t\t\t<div class=\"elementor-element elementor-element-bd47571 elementor-widget elementor-widget-image\" data-id=\"bd47571\" data-element_type=\"widget\" data-e-type=\"widget\" data-widget_type=\"image.default\">\n\t\t\t\t\t\t\t\t\t\t\t\t\t\t\t\t<a href=\"https:\/\/www.trip.com\/hotels\/shanghai-hotel-detail-69314532\/blossom-house-shanghai-on-the-bund\/?Allianceid=4590391&#038;SID=275557010&#038;trip_sub1=&#038;trip_sub3=D6944982\" target=\"_blank\" rel=\"noopener\">\n\t\t\t\t\t\t\t<img fetchpriority=\"high\" decoding=\"async\" width=\"1696\" height=\"1111\" src=\"https:\/\/blossomhouseshanghai.com\/wp-content\/uploads\/2025\/11\/Blossom-House-Shanghai-reviews.jpg\" class=\"attachment-full size-full wp-image-7359\" alt=\"\" srcset=\"https:\/\/blossomhouseshanghai.com\/wp-content\/uploads\/2025\/11\/Blossom-House-Shanghai-reviews.jpg 1696w, https:\/\/blossomhouseshanghai.com\/wp-content\/uploads\/2025\/11\/Blossom-House-Shanghai-reviews-300x197.jpg 300w, https:\/\/blossomhouseshanghai.com\/wp-content\/uploads\/2025\/11\/Blossom-House-Shanghai-reviews-1024x671.jpg 1024w, https:\/\/blossomhouseshanghai.com\/wp-content\/uploads\/2025\/11\/Blossom-House-Shanghai-reviews-768x503.jpg 768w, https:\/\/blossomhouseshanghai.com\/wp-content\/uploads\/2025\/11\/Blossom-House-Shanghai-reviews-1536x1006.jpg 1536w, https:\/\/blossomhouseshanghai.com\/wp-content\/uploads\/2025\/11\/Blossom-House-Shanghai-reviews-18x12.jpg 18w\" sizes=\"(max-width: 1696px) 100vw, 1696px\" \/>\t\t\t\t\t\t\t\t<\/a>\n\t\t\t\t\t\t\t\t\t\t\t\t\t\t\t<\/div>\n\t\t\t\t\t<\/div>\n\t\t\t\t<\/div>\n\t\t<div class=\"elementor-element elementor-element-3e39171 e-flex e-con-boxed e-con e-parent\" data-id=\"3e39171\" data-element_type=\"container\" data-e-type=\"container\">\n\t\t\t\t\t<div class=\"e-con-inner\">\n\t\t\t\t<div class=\"elementor-element elementor-element-7761d0c elementor-widget elementor-widget-text-editor\" data-id=\"7761d0c\" data-element_type=\"widget\" data-e-type=\"widget\" data-widget_type=\"text-editor.default\">\n\t\t\t\t\t\t\t\t\t<p>Ubicado en el n\u00famero 386 de Ren Min Road, en el hist\u00f3rico distrito Huangpu de Shangh\u00e1i, Blossom House Shanghai On The Bund no es solo un hotel: es un destino donde los viajeros siempre experimentan momentos de deleite, comodidad y asombro. Con un excepcional... <strong>Calificaci\u00f3n de 9.6\/10 en Trip.com<\/strong> Basado en cientos de opiniones verificadas de hu\u00e9spedes, este santuario de 5 estrellas se ha ganado la reputaci\u00f3n de ser uno de los hoteles de lujo m\u00e1s apreciados de Shangh\u00e1i. Pero \u00bfqu\u00e9 hace que los hu\u00e9spedes regresen, lo recomienden y lo elogien? Conozcamos las historias reales, los elogios sinceros y las experiencias inolvidables que comparten los viajeros que se han alojado en Blossom House.<\/p><div class=\"py-2 my-3\"><hr \/><\/div><h3>\u201cLa combinaci\u00f3n perfecta de historia, lujo y ubicaci\u00f3n\u201d<\/h3><p>Uno de los hilos conductores m\u00e1s comunes en las rese\u00f1as de Trip.com es el hotel <strong>ubicaci\u00f3n inmejorable<\/strong>. Los hu\u00e9spedes mencionan repetidamente salir a pasear por el iluminado paseo del Bund, con vistas a la ic\u00f3nica arquitectura colonial y al resplandeciente horizonte de Pudong al otro lado del r\u00edo Huangpu. &quot;Caminamos hasta el Jard\u00edn Yu en 10 minutos y a Nanjing Road en 15&quot;, escribi\u00f3 una familia canadiense que viajaba all\u00ed. &quot;La ubicaci\u00f3n del hotel hizo que explorar Shangh\u00e1i fuera una experiencia m\u00e1gica y sin esfuerzo&quot;.\u201c<\/p><p>Otro usuario de Singapur comparti\u00f3 esta opini\u00f3n: \u201cLa ubicaci\u00f3n lo es todo, y Blossom House cumple con creces. Vimos la puesta de sol sobre el r\u00edo desde nuestra habitaci\u00f3n y luego bajamos a cenar. La combinaci\u00f3n de encanto hist\u00f3rico y comodidad moderna es perfecta\u201d.\u201d<\/p><div class=\"py-2 my-3\"><hr \/><\/div><h3>\u201cHabitaciones que se sienten como un refugio personal\u201d<\/h3><p>Con 222 habitaciones y suites cuidadosamente dise\u00f1adas, Blossom House ofrece algo para cada tipo de viajero, y a los hu\u00e9spedes les encanta. Desde las divertidas <strong>Habitaci\u00f3n familiar tem\u00e1tica de Ultraman<\/strong>, que deleita a los ni\u00f1os con su decoraci\u00f3n vibrante y ropa de cama con tem\u00e1tica de personajes, hasta la serena <strong>Habitaci\u00f3n Deluxe con terraza y cama King<\/strong> Con espacio exterior privado, los cr\u00edticos elogian constantemente la comodidad y el dise\u00f1o.<\/p><p>\u201cReserv\u00e9 la Suite Superior para mi aniversario y fue impresionante\u201d, comparti\u00f3 una pareja de Australia. \u201cLa vista del Bund por la noche era impresionante. La cama era incre\u00edblemente c\u00f3moda y el ba\u00f1o ten\u00eda suelo radiante: peque\u00f1os lujos que marcaron la diferencia\u201d.\u201d<\/p><p>Las familias tambi\u00e9n destacan la amplitud y las comodidades. &quot;La habitaci\u00f3n Ultraman fue todo un \u00e9xito con nuestro hijo; \u00a1no quer\u00eda irse! Y el personal incluso le trajo un peque\u00f1o regalo cuando vieron que estaba celebrando su cumplea\u00f1os&quot;, coment\u00f3 un padre del Reino Unido.<\/p><div class=\"py-2 my-3\"><hr \/><\/div><h3>\u201cUn servicio que se siente personal y genuino\u201d<\/h3><p>Lo que realmente distingue a Blossom House es su <strong>servicio excepcional<\/strong>, frecuentemente mencionado como &quot;de primera clase&quot; o &quot;superior&quot;. El Conserje Cultural, una oferta \u00fanica, es una caracter\u00edstica destacada que se menciona una y otra vez. &quot;Nuestro conserje nos ayud\u00f3 a planificar una excursi\u00f3n de un d\u00eda al pueblo acu\u00e1tico de Zhujiajiao e incluso organiz\u00f3 un paseo en barco privado&quot;, coment\u00f3 entusiasmado un viajero solitario de Alemania. &quot;Fue como tener un amigo local que te mostrara las joyas ocultas&quot;.\u201c<\/p><p>El personal recibe constantemente elogios por su calidez y atenci\u00f3n. &quot;Todos, desde la recepci\u00f3n hasta el personal de limpieza, nos saludaron por nuestro nombre&quot;, escribi\u00f3 un viajero de negocios japon\u00e9s. &quot;Recordaron nuestro caf\u00e9 e incluso nos cambiaron a una habitaci\u00f3n mejor porque est\u00e1bamos celebrando un acontecimiento importante&quot;.\u201c<\/p><p>La recepci\u00f3n 24\/7 y las opciones flexibles de desayuno tambi\u00e9n son excelentes. &quot;Tuve reuniones temprano y el personal me prepar\u00f3 el desayuno para llevar sin que lo pidiera&quot;, coment\u00f3 un hu\u00e9sped corporativo de EE. UU. &quot;Ese nivel de atenci\u00f3n es excepcional&quot;.\u201c<\/p><div class=\"py-2 my-3\"><hr \/><\/div><h3>\u201cUna gastronom\u00eda que cuenta la historia de Shangh\u00e1i\u201d<\/h3><p>Los hu\u00e9spedes elogian el hotel <strong>experiencia gastron\u00f3mica artesanal<\/strong>, Combinando sabores locales con un toque internacional. El buffet de desayuno, cuidadosamente seleccionado, es uno de los favoritos, y muchos rese\u00f1adores destacan la reposter\u00eda fresca, el aut\u00e9ntico dim sum shanghain\u00e9s y las opciones saludables para todas las necesidades diet\u00e9ticas.<\/p><p>\u201cEl desayuno fue incre\u00edble: much\u00edsima variedad y todo sab\u00eda fresco\u201d, coment\u00f3 un gourmet franc\u00e9s. \u201cMe encantaron especialmente las especialidades locales, como el xiaolongbao y la leche de soja. Fue como un viaje culinario por Shangh\u00e1i\u201d.\u201d<\/p><p>Incluso la cena recibe excelentes cr\u00edticas. &quot;Una noche cenamos en el restaurante y el chef sali\u00f3 a explicarnos el men\u00fa. La panceta de cerdo estofada estaba deliciosa&quot;, comparti\u00f3 una pareja italiana. &quot;El ambiente con vistas al Bund le daba un toque m\u00e1gico&quot;.\u201c<\/p><div class=\"py-2 my-3\"><hr \/><\/div><h3>\u201cUn hotel que entiende lo que realmente quieren los viajeros\u201d<\/h3><p>M\u00e1s all\u00e1 de las comodidades, los hu\u00e9spedes aprecian c\u00f3mo Blossom House atiende diversas necesidades, desde familias y parejas hasta aventureros solitarios y profesionales. &quot;Como viajera sola, me sent\u00ed segura y bienvenida&quot;, escribi\u00f3 una hu\u00e9sped de la India. &quot;El gimnasio estaba bien equipado y la tranquila sala de estar era perfecta para leer o trabajar&quot;.\u201c<\/p><p>Los viajeros de negocios elogian los detalles pr\u00e1cticos del hotel. &quot;El wifi de alta velocidad, un espacio de trabajo exclusivo en la habitaci\u00f3n y el f\u00e1cil acceso a la estaci\u00f3n de metro hicieron que mi viaje de trabajo fuera perfecto&quot;, coment\u00f3 un consultor de Hong Kong.<\/p><p>Incluso los peque\u00f1os detalles tienen un gran impacto. \u201cLa bebida de bienvenida a la llegada, las zapatillas en la habitaci\u00f3n, el agua embotellada gratis... todo contribuye a que te sientas realmente atendido\u201d, coment\u00f3 un hu\u00e9sped habitual de los Pa\u00edses Bajos.<\/p><div class=\"py-2 my-3\"><hr \/><\/div><h3>\u201c\u00bfPor qu\u00e9 los viajeros siguen regresando?\u201d<\/h3><p>\u00bfEl consenso general entre los usuarios de Trip.com? Blossom House Shanghai On The Bund supera las expectativas. \u201cEste es ahora mi hotel predilecto en Shangh\u00e1i\u201d, declar\u00f3 un visitante frecuente del Reino Unido. \u201cCada vez que me alojo, descubro algo nuevo: el personal me recuerda, las vistas son inolvidables y la ubicaci\u00f3n es inmejorable\u201d.\u201d<\/p><p>Otro cr\u00edtico lo resumi\u00f3 a la perfecci\u00f3n: \u201cNo es solo un lugar para dormir; es un lugar para experimentar el alma de Shangh\u00e1i. Desde el momento en que entras, te sientes parte de algo especial\u201d.\u201d<\/p><div class=\"py-2 my-3\"><hr \/><\/div><h3>Reflexiones finales: Reserve su estancia bas\u00e1ndose en experiencias reales<\/h3><p>Con su ubicaci\u00f3n privilegiada, habitaciones de lujo, servicio personalizado y gastronom\u00eda aut\u00e9ntica, Blossom House Shanghai On The Bund sigue conquistando corazones y obteniendo excelentes calificaciones en Trip.com. Ya sea que est\u00e9 planeando una escapada rom\u00e1ntica, unas vacaciones familiares o un viaje de negocios, las historias reales de hu\u00e9spedes anteriores lo dicen todo.<\/p><p data-spm-anchor-id=\"a2ty_o01.29997173.0.i53.5931c921sKJoD0\"><strong>\u00bfEst\u00e1s listo para crear tu propia experiencia inolvidable?<\/strong><br \/>\ud83d\udc49 <a href=\"https:\/\/www.trip.com\/hotels\/shanghai-hotel-detail-69314532\/blossom-house-shanghai-on-the-bund\/?Allianceid=4590391&amp;SID=275557010&amp;trip_sub1=&amp;trip_sub3=D6944982\" target=\"_blank\" rel=\"nofollow noopener\">Lee m\u00e1s rese\u00f1as y reserva tu estancia en Trip.com <\/a><\/p>\t\t\t\t\t\t\t\t<\/div>\n\t\t\t\t\t<\/div>\n\t\t\t\t<\/div>\n\t\t\t\t<section class=\"elementor-section elementor-top-section elementor-element elementor-element-146af85f elementor-section-stretched elementor-section-boxed elementor-section-gap-beside-yes elementor-section-height-default elementor-section-height-default elementor-section-column-vertical-align-stretch\" data-id=\"146af85f\" data-element_type=\"section\" data-e-type=\"section\" data-settings=\"{&quot;background_background&quot;:&quot;classic&quot;,&quot;stretch_section&quot;:&quot;section-stretched&quot;}\">\n\t\t\t\t\t\t<div class=\"elementor-container elementor-column-gap-extended\">\n\t\t\t\t\t<div class=\"elementor-column elementor-col-100 elementor-top-column elementor-element elementor-element-74806027\" data-id=\"74806027\" data-element_type=\"column\" data-e-type=\"column\">\n\t\t\t<div class=\"elementor-widget-wrap elementor-element-populated\">\n\t\t\t\t\t\t<div class=\"elementor-element elementor-element-2b6fd031 elementor-widget elementor-widget-nuss-heading\" data-id=\"2b6fd031\" data-element_type=\"widget\" data-e-type=\"widget\" data-widget_type=\"nuss-heading.default\">\n\t\t\t\t<div class=\"elementor-widget-container\">\n\t\t\t\t\t\t\t<div class=\"nuss-modern-heading\">\r\n\t\t\t\t\t\t<div class=\"heading-secondary-wrap\">\r\n\t\t\t\t<h3 class=\"heading-secondary elementor-heading-title\">Consultar disponibilidad <\/h3>\t\t\t<\/div>\r\n\t\t\r\n\t\t\t\r\n\t\t\t\r\n\t\t\t\t\t<\/div>\r\n\t\t\t\t\t<\/div>\n\t\t\t\t<\/div>\n\t\t\t\t<div class=\"elementor-element elementor-element-23b2e5e7 elementor-widget elementor-widget-text-editor\" data-id=\"23b2e5e7\" data-element_type=\"widget\" data-e-type=\"widget\" data-widget_type=\"text-editor.default\">\n\t\t\t\t\t\t\t\t\t<iframe border=\"0\" src=\"https:\/\/www.trip.com\/partners\/ad\/S6940663?Allianceid=4590391&#038;SID=275557010&#038;trip_sub1=\" style=\"width:1200px;height:200px\" frameborder=\"0\" scrolling=\"no\" id=\"S6940663\"><\/iframe>\t\t\t\t\t\t\t\t<\/div>\n\t\t\t\t\t<\/div>\n\t\t<\/div>\n\t\t\t\t\t<\/div>\n\t\t<\/section>\n\t\t\t\t<\/div>","protected":false},"excerpt":{"rendered":"<p>Blossom House Shanghai On The Bund: Real Guest Reviews &amp; Unforgettable Experiences from Travelers Who Lived the Luxury Nestled at No. 386 Ren Min Road in Shanghai\u2019s historic Huangpu District, Blossom House Shanghai On The Bund isn\u2019t just a hotel\u2014it\u2019s a destination where travelers consistently report moments of delight, comfort, and awe. With an exceptional [&hellip;]<\/p>\n","protected":false},"author":1,"featured_media":0,"parent":0,"menu_order":0,"comment_status":"closed","ping_status":"closed","template":"","meta":{"footnotes":""},"class_list":["post-2106","page","type-page","status-publish","hentry","post-no-thumbnail"],"_links":{"self":[{"href":"https:\/\/blossomhouseshanghai.com\/es\/wp-json\/wp\/v2\/pages\/2106","targetHints":{"allow":["GET"]}}],"collection":[{"href":"https:\/\/blossomhouseshanghai.com\/es\/wp-json\/wp\/v2\/pages"}],"about":[{"href":"https:\/\/blossomhouseshanghai.com\/es\/wp-json\/wp\/v2\/types\/page"}],"author":[{"embeddable":true,"href":"https:\/\/blossomhouseshanghai.com\/es\/wp-json\/wp\/v2\/users\/1"}],"replies":[{"embeddable":true,"href":"https:\/\/blossomhouseshanghai.com\/es\/wp-json\/wp\/v2\/comments?post=2106"}],"version-history":[{"count":0,"href":"https:\/\/blossomhouseshanghai.com\/es\/wp-json\/wp\/v2\/pages\/2106\/revisions"}],"wp:attachment":[{"href":"https:\/\/blossomhouseshanghai.com\/es\/wp-json\/wp\/v2\/media?parent=2106"}],"curies":[{"name":"wp","href":"https:\/\/api.w.org\/{rel}","templated":true}]}}