{"id":5266,"date":"2021-07-18T08:03:35","date_gmt":"2021-07-18T08:03:35","guid":{"rendered":"https:\/\/nuss.uxper.co\/luxury-resort\/?page_id=5266"},"modified":"2025-11-18T06:49:50","modified_gmt":"2025-11-18T06:49:50","slug":"sobre-nosotros","status":"publish","type":"page","link":"https:\/\/blossomhouseshanghai.com\/es\/sobre-nosotros\/","title":{"rendered":"Sobre nosotros"},"content":{"rendered":"<div data-elementor-type=\"wp-page\" data-elementor-id=\"5266\" class=\"elementor elementor-5266\">\n\t\t\t\t\t\t<section class=\"elementor-section elementor-top-section elementor-element elementor-element-10416953 elementor-section-boxed elementor-section-gap-beside-yes elementor-section-height-default elementor-section-height-default elementor-section-column-vertical-align-stretch\" data-id=\"10416953\" data-element_type=\"section\" data-e-type=\"section\">\n\t\t\t\t\t\t<div class=\"elementor-container elementor-column-gap-extended\">\n\t\t\t\t\t<div class=\"elementor-column elementor-col-100 elementor-top-column elementor-element elementor-element-29c6aa8\" data-id=\"29c6aa8\" data-element_type=\"column\" data-e-type=\"column\">\n\t\t\t<div class=\"elementor-widget-wrap elementor-element-populated\">\n\t\t\t\t\t\t<div class=\"elementor-element elementor-element-7be18fe7 elementor-widget__width-initial elementor-invisible elementor-widget elementor-widget-text-editor\" data-id=\"7be18fe7\" data-element_type=\"widget\" data-e-type=\"widget\" data-settings=\"{&quot;_animation&quot;:&quot;nussFadeInUp&quot;}\" data-widget_type=\"text-editor.default\">\n\t\t\t\t\t\t\t\t\t<div class=\"svelte-1c06zsf\" data-lang-code=\"\"><p data-spm-anchor-id=\"a2ty_o01.29997173.0.i27.ead2c921ZzvKd1\"><strong>Blossom House Shanghai On The Bund: Tu mejor opci\u00f3n de lujo de 5 estrellas para conectar con el coraz\u00f3n de Shangh\u00e1i<\/strong><\/p><\/div>\t\t\t\t\t\t\t\t<\/div>\n\t\t\t\t\t<\/div>\n\t\t<\/div>\n\t\t\t\t\t<\/div>\n\t\t<\/section>\n\t\t\t\t<section class=\"elementor-section elementor-top-section elementor-element elementor-element-7d18327f elementor-section-boxed elementor-section-gap-beside-yes elementor-section-height-default elementor-section-height-default elementor-section-column-vertical-align-stretch\" data-id=\"7d18327f\" data-element_type=\"section\" data-e-type=\"section\">\n\t\t\t\t\t\t<div class=\"elementor-container elementor-column-gap-extended\">\n\t\t\t\t\t<div class=\"elementor-column elementor-col-50 elementor-top-column elementor-element elementor-element-56533670\" data-id=\"56533670\" data-element_type=\"column\" data-e-type=\"column\">\n\t\t\t<div class=\"elementor-widget-wrap elementor-element-populated\">\n\t\t\t\t\t\t<div class=\"elementor-element elementor-element-19c3f543 elementor-drop-cap-yes elementor-drop-cap-view-default elementor-invisible elementor-widget elementor-widget-text-editor\" data-id=\"19c3f543\" data-element_type=\"widget\" data-e-type=\"widget\" data-settings=\"{&quot;_animation&quot;:&quot;nussFadeInUp&quot;,&quot;drop_cap&quot;:&quot;yes&quot;}\" data-widget_type=\"text-editor.default\">\n\t\t\t\t\t\t\t\t\t<p data-spm-anchor-id=\"a2ty_o01.29997173.0.i26.5931c921sKJoD0\">Ubicado en la prestigiosa calle Ren Min n.\u00b0 386, en el vibrante distrito Huangpu de Shangh\u00e1i, Blossom House Shanghai On The Bund es m\u00e1s que un simple hotel: es una experiencia inmersiva que combina la grandeza hist\u00f3rica con la sofisticaci\u00f3n contempor\u00e1nea. Con una ubicaci\u00f3n ideal en el emblem\u00e1tico paseo mar\u00edtimo del Bund, este santuario de 5 estrellas ofrece a sus hu\u00e9spedes un acceso inigualable a los lugares m\u00e1s emblem\u00e1ticos de Shangh\u00e1i, desde el sereno Jard\u00edn Yuyuan y la bulliciosa calle Nanjing hasta las deslumbrantes vistas del horizonte sobre el r\u00edo Huangpu.<\/p>\t\t\t\t\t\t\t\t<\/div>\n\t\t\t\t\t<\/div>\n\t\t<\/div>\n\t\t\t\t<div class=\"elementor-column elementor-col-50 elementor-top-column elementor-element elementor-element-30f14127\" data-id=\"30f14127\" data-element_type=\"column\" data-e-type=\"column\">\n\t\t\t<div class=\"elementor-widget-wrap elementor-element-populated\">\n\t\t\t\t\t\t<div class=\"elementor-element elementor-element-59aea08 elementor-widget elementor-widget-image\" data-id=\"59aea08\" data-element_type=\"widget\" data-e-type=\"widget\" data-widget_type=\"image.default\">\n\t\t\t\t\t\t\t\t\t\t\t\t\t\t\t<img fetchpriority=\"high\" decoding=\"async\" width=\"726\" height=\"853\" src=\"https:\/\/blossomhouseshanghai.com\/wp-content\/uploads\/2025\/11\/Blossom-House-Shanghai-95.webp\" class=\"attachment-large size-large wp-image-7290\" alt=\"\" srcset=\"https:\/\/blossomhouseshanghai.com\/wp-content\/uploads\/2025\/11\/Blossom-House-Shanghai-95.webp 726w, https:\/\/blossomhouseshanghai.com\/wp-content\/uploads\/2025\/11\/Blossom-House-Shanghai-95-255x300.webp 255w, https:\/\/blossomhouseshanghai.com\/wp-content\/uploads\/2025\/11\/Blossom-House-Shanghai-95-10x12.webp 10w\" sizes=\"(max-width: 726px) 100vw, 726px\" \/>\t\t\t\t\t\t\t\t\t\t\t\t\t\t\t<\/div>\n\t\t\t\t\t<\/div>\n\t\t<\/div>\n\t\t\t\t\t<\/div>\n\t\t<\/section>\n\t\t\t\t<section class=\"elementor-section elementor-top-section elementor-element elementor-element-29fb8578 elementor-section-height-min-height elementor-section-stretched elementor-section-full_width elementor-section-items-stretch elementor-section-height-default elementor-section-column-vertical-align-stretch\" data-id=\"29fb8578\" data-element_type=\"section\" data-e-type=\"section\" data-settings=\"{&quot;stretch_section&quot;:&quot;section-stretched&quot;}\">\n\t\t\t\t\t\t<div class=\"elementor-container elementor-column-gap-no\">\n\t\t\t\t\t<div class=\"elementor-column elementor-col-50 elementor-top-column elementor-element elementor-element-40ac270b\" data-id=\"40ac270b\" data-element_type=\"column\" data-e-type=\"column\">\n\t\t\t<div class=\"elementor-widget-wrap elementor-element-populated\">\n\t\t\t\t\t\t<div class=\"elementor-element elementor-element-20872773 elementor-widget__width-initial elementor-widget-mobile__width-inherit elementor-invisible nuss-elementor-loading nuss-slide-in-right elementor-widget elementor-widget-image\" data-id=\"20872773\" data-element_type=\"widget\" data-e-type=\"widget\" data-settings=\"{&quot;_animation&quot;:&quot;nussSlideInRight&quot;}\" data-widget_type=\"image.default\">\n\t\t\t\t\t\t\t\t\t\t\t\t\t\t\t<img decoding=\"async\" width=\"1280\" height=\"800\" src=\"https:\/\/blossomhouseshanghai.com\/wp-content\/uploads\/2025\/11\/Blossom-House-Shanghai-107.webp\" class=\"attachment-full size-full wp-image-7302\" alt=\"\" srcset=\"https:\/\/blossomhouseshanghai.com\/wp-content\/uploads\/2025\/11\/Blossom-House-Shanghai-107.webp 1280w, https:\/\/blossomhouseshanghai.com\/wp-content\/uploads\/2025\/11\/Blossom-House-Shanghai-107-300x188.webp 300w, https:\/\/blossomhouseshanghai.com\/wp-content\/uploads\/2025\/11\/Blossom-House-Shanghai-107-1024x640.webp 1024w, https:\/\/blossomhouseshanghai.com\/wp-content\/uploads\/2025\/11\/Blossom-House-Shanghai-107-768x480.webp 768w, https:\/\/blossomhouseshanghai.com\/wp-content\/uploads\/2025\/11\/Blossom-House-Shanghai-107-18x12.webp 18w\" sizes=\"(max-width: 1280px) 100vw, 1280px\" \/>\t\t\t\t\t\t\t\t\t\t\t\t\t\t\t<\/div>\n\t\t\t\t\t<\/div>\n\t\t<\/div>\n\t\t\t\t<div class=\"elementor-column elementor-col-50 elementor-top-column elementor-element elementor-element-2dac103\" data-id=\"2dac103\" data-element_type=\"column\" data-e-type=\"column\">\n\t\t\t<div class=\"elementor-widget-wrap elementor-element-populated\">\n\t\t\t\t\t\t<div class=\"elementor-element elementor-element-6f1b8966 elementor-invisible elementor-widget elementor-widget-text-editor\" data-id=\"6f1b8966\" data-element_type=\"widget\" data-e-type=\"widget\" data-settings=\"{&quot;_animation&quot;:&quot;nussFadeInUp&quot;}\" data-widget_type=\"text-editor.default\">\n\t\t\t\t\t\t\t\t\t<p data-spm-anchor-id=\"a2ty_o01.29997173.0.i29.5931c921sKJoD0\">Inaugurada en 2020, Blossom House cuenta con 222 habitaciones y suites meticulosamente dise\u00f1adas, cada una combinando comodidad moderna con un dise\u00f1o elegante. Ya sea que reserve una extravagante habitaci\u00f3n familiar con tem\u00e1tica de Ultraman para sus peque\u00f1os aventureros, se relaje en una habitaci\u00f3n Deluxe con terraza y cama king size con espacio privado al aire libre o se deleite con el lujo refinado de una suite superior, cada estancia est\u00e1 dise\u00f1ada para brindar comodidad, encanto y recuerdos inolvidables. Muchas habitaciones ofrecen impresionantes vistas panor\u00e1micas de la arquitectura colonial del Bund o del brillante horizonte de la ciudad, perfectas para un caf\u00e9 al amanecer o un c\u00f3ctel al atardecer.<\/p><div class=\"my-2\">\u00a0<\/div><p>Cenar en Blossom House es una experiencia culinaria. La experiencia gastron\u00f3mica artesanal del hotel celebra la rica herencia gastron\u00f3mica de Shangh\u00e1i con un desayuno buffet selecto y comidas cuidadosamente preparadas que fusionan sabores locales con un toque internacional. Disfrute de aut\u00e9nticas delicias shanghainesas o de platos internacionales, todo servido en un ambiente que refleja el dinamismo de la ciudad.<\/p><div class=\"my-2\">\u00a0<\/div><p>Para los viajeros que buscan m\u00e1s que un simple alojamiento, Blossom House ofrece servicios excepcionales. Su exclusivo Conserje Cultural dise\u00f1a itinerarios personalizados, gui\u00e1ndolos por callejones escondidos, museos de arte como el Museo de Arte Rockbund y lugares de inter\u00e9s cultural. Revital\u00edcese en el moderno gimnasio u organice eventos memorables en espacios privados con impresionantes vistas al Bund. Con servicio de recepci\u00f3n 24\/7, f\u00e1cil acceso al metro (a solo 0,23 km de la estaci\u00f3n de Yuyuan Garden) y opciones de desayuno flexibles, incluyendo precios especiales para ni\u00f1os, el hotel se adapta a las necesidades de familias, parejas, viajeros de negocios y viajeros en solitario.<\/p>\t\t\t\t\t\t\t\t<\/div>\n\t\t\t\t\t<\/div>\n\t\t<\/div>\n\t\t\t\t\t<\/div>\n\t\t<\/section>\n\t\t\t\t<section class=\"elementor-section elementor-top-section elementor-element elementor-element-65a5305 elementor-section-height-min-height elementor-section-stretched elementor-section-full_width elementor-section-items-stretch elementor-section-height-default elementor-section-column-vertical-align-stretch\" data-id=\"65a5305\" data-element_type=\"section\" data-e-type=\"section\" data-settings=\"{&quot;stretch_section&quot;:&quot;section-stretched&quot;}\">\n\t\t\t\t\t\t<div class=\"elementor-container elementor-column-gap-no\">\n\t\t\t\t\t<div class=\"elementor-column elementor-col-50 elementor-top-column elementor-element elementor-element-ea051eb\" data-id=\"ea051eb\" data-element_type=\"column\" data-e-type=\"column\">\n\t\t\t<div class=\"elementor-widget-wrap elementor-element-populated\">\n\t\t\t\t\t\t<div class=\"elementor-element elementor-element-79570d4 elementor-invisible elementor-widget elementor-widget-text-editor\" data-id=\"79570d4\" data-element_type=\"widget\" data-e-type=\"widget\" data-settings=\"{&quot;_animation&quot;:&quot;nussFadeInUp&quot;}\" data-widget_type=\"text-editor.default\">\n\t\t\t\t\t\t\t\t\t<p data-spm-anchor-id=\"a2ty_o01.29997173.0.i31.5931c921sKJoD0\">Con una calificaci\u00f3n de 9,6\/10 por parte de los hu\u00e9spedes por su limpieza, ubicaci\u00f3n, comodidades y servicio, Blossom House destaca como uno de los hoteles de lujo m\u00e1s populares de Shangh\u00e1i. Su ubicaci\u00f3n privilegiada lo convierte en el lugar ideal para descubrir el alma de Shangh\u00e1i: pasee por el iluminado paseo Bund, vaya de compras por la mundialmente famosa Nanjing Road o explore la belleza cl\u00e1sica del Jard\u00edn Yuyuan, todo a pocos minutos.<\/p><div class=\"my-2\">\u00a0<\/div><p data-spm-anchor-id=\"a2ty_o01.29997173.0.i32.5931c921sKJoD0\">Ya sea que visite Shangh\u00e1i por motivos rom\u00e1nticos, de negocios, culturales o familiares, Blossom House Shanghai On The Bund le promete una estancia excepcional donde cada detalle, desde la c\u00e1lida bienvenida hasta la \u00faltima vista del r\u00edo, est\u00e1 dise\u00f1ado para que su aventura en Shangh\u00e1i florezca por completo. Reserve su estancia hoy mismo y descubra por qu\u00e9 este es el punto de partida ideal para vivir la magia de la ciudad m\u00e1s cosmopolita de China.<\/p>\t\t\t\t\t\t\t\t<\/div>\n\t\t\t\t\t<\/div>\n\t\t<\/div>\n\t\t\t\t<div class=\"elementor-column elementor-col-50 elementor-top-column elementor-element elementor-element-f203630\" data-id=\"f203630\" data-element_type=\"column\" data-e-type=\"column\">\n\t\t\t<div class=\"elementor-widget-wrap elementor-element-populated\">\n\t\t\t\t\t\t<div class=\"elementor-element elementor-element-5fc237b elementor-widget__width-initial elementor-widget-mobile__width-inherit elementor-invisible nuss-elementor-loading nuss-slide-in-right elementor-widget elementor-widget-image\" data-id=\"5fc237b\" data-element_type=\"widget\" data-e-type=\"widget\" data-settings=\"{&quot;_animation&quot;:&quot;nussSlideInRight&quot;}\" data-widget_type=\"image.default\">\n\t\t\t\t\t\t\t\t\t\t\t\t\t\t\t<img decoding=\"async\" width=\"1280\" height=\"853\" src=\"https:\/\/blossomhouseshanghai.com\/wp-content\/uploads\/2025\/11\/Blossom-House-Shanghai-40.webp\" class=\"attachment-full size-full wp-image-7235\" alt=\"\" srcset=\"https:\/\/blossomhouseshanghai.com\/wp-content\/uploads\/2025\/11\/Blossom-House-Shanghai-40.webp 1280w, https:\/\/blossomhouseshanghai.com\/wp-content\/uploads\/2025\/11\/Blossom-House-Shanghai-40-300x200.webp 300w, https:\/\/blossomhouseshanghai.com\/wp-content\/uploads\/2025\/11\/Blossom-House-Shanghai-40-1024x682.webp 1024w, https:\/\/blossomhouseshanghai.com\/wp-content\/uploads\/2025\/11\/Blossom-House-Shanghai-40-768x512.webp 768w, https:\/\/blossomhouseshanghai.com\/wp-content\/uploads\/2025\/11\/Blossom-House-Shanghai-40-18x12.webp 18w\" sizes=\"(max-width: 1280px) 100vw, 1280px\" \/>\t\t\t\t\t\t\t\t\t\t\t\t\t\t\t<\/div>\n\t\t\t\t\t<\/div>\n\t\t<\/div>\n\t\t\t\t\t<\/div>\n\t\t<\/section>\n\t\t\t\t<section class=\"elementor-section elementor-top-section elementor-element elementor-element-2092b7d0 elementor-section-stretched elementor-section-boxed elementor-section-gap-beside-yes elementor-section-height-default elementor-section-height-default elementor-section-column-vertical-align-stretch\" data-id=\"2092b7d0\" data-element_type=\"section\" data-e-type=\"section\" data-settings=\"{&quot;background_background&quot;:&quot;classic&quot;,&quot;stretch_section&quot;:&quot;section-stretched&quot;}\">\n\t\t\t\t\t\t<div class=\"elementor-container elementor-column-gap-extended\">\n\t\t\t\t\t<div class=\"elementor-column elementor-col-100 elementor-top-column elementor-element elementor-element-be69d75\" data-id=\"be69d75\" data-element_type=\"column\" data-e-type=\"column\">\n\t\t\t<div class=\"elementor-widget-wrap elementor-element-populated\">\n\t\t\t\t\t\t<div class=\"elementor-element elementor-element-320c022 elementor-widget elementor-widget-nuss-heading\" data-id=\"320c022\" data-element_type=\"widget\" data-e-type=\"widget\" data-widget_type=\"nuss-heading.default\">\n\t\t\t\t<div class=\"elementor-widget-container\">\n\t\t\t\t\t\t\t<div class=\"nuss-modern-heading\">\r\n\t\t\t\t\t\t<div class=\"heading-secondary-wrap\">\r\n\t\t\t\t<h3 class=\"heading-secondary elementor-heading-title\">Consultar disponibilidad <\/h3>\t\t\t<\/div>\r\n\t\t\r\n\t\t\t\r\n\t\t\t\r\n\t\t\t\t\t<\/div>\r\n\t\t\t\t\t<\/div>\n\t\t\t\t<\/div>\n\t\t\t\t<div class=\"elementor-element elementor-element-fe69a93 elementor-widget elementor-widget-text-editor\" data-id=\"fe69a93\" data-element_type=\"widget\" data-e-type=\"widget\" data-widget_type=\"text-editor.default\">\n\t\t\t\t\t\t\t\t\t<iframe border=\"0\" src=\"https:\/\/www.trip.com\/partners\/ad\/S6940663?Allianceid=4590391&#038;SID=275557010&#038;trip_sub1=\" style=\"width:1200px;height:200px\" frameborder=\"0\" scrolling=\"no\" id=\"S6940663\"><\/iframe>\t\t\t\t\t\t\t\t<\/div>\n\t\t\t\t\t<\/div>\n\t\t<\/div>\n\t\t\t\t\t<\/div>\n\t\t<\/section>\n\t\t\t\t<\/div>","protected":false},"excerpt":{"rendered":"<p>Blossom House Shanghai On The Bund: Your Ultimate 5-Star Luxury Gateway to the Heart of Shanghai Nestled at the prestigious address of No. 386 Ren Min Road in Shanghai\u2019s vibrant Huangpu District, Blossom House Shanghai On The Bund is more than just a hotel\u2014it\u2019s an immersive experience where historic grandeur meets contemporary sophistication. Perfectly positioned [&hellip;]<\/p>\n","protected":false},"author":1,"featured_media":0,"parent":0,"menu_order":0,"comment_status":"closed","ping_status":"closed","template":"","meta":{"footnotes":""},"class_list":["post-5266","page","type-page","status-publish","hentry","post-no-thumbnail"],"_links":{"self":[{"href":"https:\/\/blossomhouseshanghai.com\/es\/wp-json\/wp\/v2\/pages\/5266","targetHints":{"allow":["GET"]}}],"collection":[{"href":"https:\/\/blossomhouseshanghai.com\/es\/wp-json\/wp\/v2\/pages"}],"about":[{"href":"https:\/\/blossomhouseshanghai.com\/es\/wp-json\/wp\/v2\/types\/page"}],"author":[{"embeddable":true,"href":"https:\/\/blossomhouseshanghai.com\/es\/wp-json\/wp\/v2\/users\/1"}],"replies":[{"embeddable":true,"href":"https:\/\/blossomhouseshanghai.com\/es\/wp-json\/wp\/v2\/comments?post=5266"}],"version-history":[{"count":0,"href":"https:\/\/blossomhouseshanghai.com\/es\/wp-json\/wp\/v2\/pages\/5266\/revisions"}],"wp:attachment":[{"href":"https:\/\/blossomhouseshanghai.com\/es\/wp-json\/wp\/v2\/media?parent=5266"}],"curies":[{"name":"wp","href":"https:\/\/api.w.org\/{rel}","templated":true}]}}