{"id":612,"date":"2021-03-26T10:04:13","date_gmt":"2021-03-26T10:04:13","guid":{"rendered":"http:\/\/localhost\/nuss\/?page_id=612"},"modified":"2025-11-18T08:54:11","modified_gmt":"2025-11-18T08:54:11","slug":"restaurante","status":"publish","type":"page","link":"https:\/\/blossomhouseshanghai.com\/es\/restaurante\/","title":{"rendered":"Restaurante"},"content":{"rendered":"<div data-elementor-type=\"wp-page\" data-elementor-id=\"612\" class=\"elementor elementor-612\">\n\t\t\t\t\t\t<section class=\"elementor-section elementor-top-section elementor-element elementor-element-e2effe8 elementor-section-boxed elementor-section-gap-beside-yes elementor-section-height-default elementor-section-height-default elementor-section-column-vertical-align-stretch\" data-id=\"e2effe8\" data-element_type=\"section\" data-e-type=\"section\">\n\t\t\t\t\t\t<div class=\"elementor-container elementor-column-gap-extended\">\n\t\t\t\t\t<div class=\"elementor-column elementor-col-100 elementor-top-column elementor-element elementor-element-e18f688\" data-id=\"e18f688\" data-element_type=\"column\" data-e-type=\"column\">\n\t\t\t<div class=\"elementor-widget-wrap elementor-element-populated\">\n\t\t\t\t\t\t<div class=\"elementor-element elementor-element-6db146d elementor-widget__width-initial elementor-invisible elementor-widget elementor-widget-text-editor\" data-id=\"6db146d\" data-element_type=\"widget\" data-e-type=\"widget\" data-settings=\"{&quot;_animation&quot;:&quot;nussFadeInUp&quot;}\" data-widget_type=\"text-editor.default\">\n\t\t\t\t\t\t\t\t\t<div class=\"svelte-1c06zsf\" data-lang-code=\"\"><p><strong data-spm-anchor-id=\"a2ty_o01.29997173.0.i71.5931c921sKJoD0\">Restaurante Blossom House Shanghai On The Bund: donde el alma culinaria de Shangh\u00e1i se fusiona con la elegancia artesanal<\/strong><\/p><\/div>\t\t\t\t\t\t\t\t<\/div>\n\t\t\t\t\t<\/div>\n\t\t<\/div>\n\t\t\t\t\t<\/div>\n\t\t<\/section>\n\t\t<div class=\"elementor-element elementor-element-764955e e-flex e-con-boxed e-con e-parent\" data-id=\"764955e\" data-element_type=\"container\" data-e-type=\"container\">\n\t\t\t\t\t<div class=\"e-con-inner\">\n\t\t<div class=\"elementor-element elementor-element-3a71d84 e-con-full e-flex e-con e-child\" data-id=\"3a71d84\" data-element_type=\"container\" data-e-type=\"container\">\n\t\t\t\t<div class=\"elementor-element elementor-element-81a00fb elementor-widget elementor-widget-text-editor\" data-id=\"81a00fb\" data-element_type=\"widget\" data-e-type=\"widget\" data-widget_type=\"text-editor.default\">\n\t\t\t\t\t\t\t\t\t<p data-spm-anchor-id=\"a2ty_o01.29997173.0.i73.5931c921sKJoD0\">Ubicado a lo largo de las brillantes aguas del r\u00edo Huangpu en el n\u00famero 386 de Ren Min Road, en el hist\u00f3rico distrito Huangpu de Shangh\u00e1i, el <strong>Restaurante Blossom House Shanghai en el Bund<\/strong> Ofrece m\u00e1s que una simple comida: ofrece un viaje sensorial por el coraz\u00f3n de una de las capitales culinarias m\u00e1s din\u00e1micas del mundo. Como parte del aclamado hotel de lujo de 5 estrellas, nuestra experiencia gastron\u00f3mica est\u00e1 dise\u00f1ada para viajeros que buscan autenticidad, arte y un ambiente acogedor, todo a pasos del emblem\u00e1tico paseo mar\u00edtimo del Bund.<\/p><div class=\"my-2\">\u00a0<\/div><p>Desde el momento en que entra en nuestro elegante espacio, le invitamos a saborear la esencia de Shangh\u00e1i: no solo sus sabores, sino tambi\u00e9n sus historias, su energ\u00eda y su esp\u00edritu. Nuestro restaurante no es solo un lugar para comer; es una celebraci\u00f3n del patrimonio local reinventado con t\u00e9cnicas contempor\u00e1neas, donde cada plato cuenta la rica evoluci\u00f3n gastron\u00f3mica de la ciudad.<\/p>\t\t\t\t\t\t\t\t<\/div>\n\t\t\t\t<\/div>\n\t\t<div class=\"elementor-element elementor-element-bb76a06 e-con-full e-flex e-con e-child\" data-id=\"bb76a06\" data-element_type=\"container\" data-e-type=\"container\">\n\t\t\t\t<div class=\"elementor-element elementor-element-636ac5f elementor-widget elementor-widget-image\" data-id=\"636ac5f\" data-element_type=\"widget\" data-e-type=\"widget\" data-widget_type=\"image.default\">\n\t\t\t\t\t\t\t\t\t\t\t\t\t\t\t<img fetchpriority=\"high\" decoding=\"async\" width=\"533\" height=\"853\" src=\"https:\/\/blossomhouseshanghai.com\/wp-content\/uploads\/2025\/11\/Blossom-House-Shanghai-106.webp\" class=\"attachment-large size-large wp-image-7301\" alt=\"\" srcset=\"https:\/\/blossomhouseshanghai.com\/wp-content\/uploads\/2025\/11\/Blossom-House-Shanghai-106.webp 533w, https:\/\/blossomhouseshanghai.com\/wp-content\/uploads\/2025\/11\/Blossom-House-Shanghai-106-187x300.webp 187w, https:\/\/blossomhouseshanghai.com\/wp-content\/uploads\/2025\/11\/Blossom-House-Shanghai-106-7x12.webp 7w\" sizes=\"(max-width: 533px) 100vw, 533px\" \/>\t\t\t\t\t\t\t\t\t\t\t\t\t\t\t<\/div>\n\t\t\t\t<\/div>\n\t\t\t\t\t<\/div>\n\t\t\t\t<\/div>\n\t\t<div class=\"elementor-element elementor-element-e5626a7 e-flex e-con-boxed e-con e-parent\" data-id=\"e5626a7\" data-element_type=\"container\" data-e-type=\"container\">\n\t\t\t\t\t<div class=\"e-con-inner\">\n\t\t\t\t<div class=\"elementor-element elementor-element-4ac24e6 elementor-widget elementor-widget-nuss-image-gallery\" data-id=\"4ac24e6\" data-element_type=\"widget\" data-e-type=\"widget\" data-widget_type=\"nuss-image-gallery.default\">\n\t\t\t\t<div class=\"elementor-widget-container\">\n\t\t\t\t\t\t\t<div class=\"nuss-grid-wrapper\" data-grid=\"{&quot;type&quot;:&quot;grid&quot;,&quot;ratio&quot;:null,&quot;columns&quot;:3,&quot;gutter&quot;:30}\">\r\n\t\t\t<div class=\"nuss-grid lazy-grid\">\r\n\t\t\t\t<div class=\"grid-sizer\"><\/div>\r\n\r\n\t\t\t\t\t\t\t\t\t\t\t\t<div class=\"grid-item\">\r\n\t\t\t\t\t\t<div class=\"nuss-box\">\t\t<div class=\"nuss-image image\">\r\n\t\t\t<img decoding=\"async\"  src=\"https:\/\/blossomhouseshanghai.com\/wp-content\/uploads\/2025\/11\/Blossom-House-Shanghai-100.webp\" alt=\"Casa Blossom Shanghai (100)\" \/>\t\t<\/div>\r\n\t\t\t\t<\/div>\t\t\t\t\t<\/div>\r\n\t\t\t\t\t\t<div class=\"grid-item\">\r\n\t\t\t\t\t\t<div class=\"nuss-box\">\t\t<div class=\"nuss-image image\">\r\n\t\t\t<img decoding=\"async\"  src=\"https:\/\/blossomhouseshanghai.com\/wp-content\/uploads\/2025\/11\/Blossom-House-Shanghai-110.webp\" alt=\"Blossom House Shanghai (110)\" \/>\t\t<\/div>\r\n\t\t\t\t<\/div>\t\t\t\t\t<\/div>\r\n\t\t\t\t\t\t<div class=\"grid-item\">\r\n\t\t\t\t\t\t<div class=\"nuss-box\">\t\t<div class=\"nuss-image image\">\r\n\t\t\t<img decoding=\"async\"  src=\"https:\/\/blossomhouseshanghai.com\/wp-content\/uploads\/2025\/11\/Blossom-House-Shanghai-82.webp\" alt=\"Blossom House Shanghai (82)\" \/>\t\t<\/div>\r\n\t\t\t\t<\/div>\t\t\t\t\t<\/div>\r\n\t\t\t\t\t\t<div class=\"grid-item\">\r\n\t\t\t\t\t\t<div class=\"nuss-box\">\t\t<div class=\"nuss-image image\">\r\n\t\t\t<img decoding=\"async\"  src=\"https:\/\/blossomhouseshanghai.com\/wp-content\/uploads\/2025\/11\/Blossom-House-Shanghai-83.webp\" alt=\"Blossom House Shanghai (83)\" \/>\t\t<\/div>\r\n\t\t\t\t<\/div>\t\t\t\t\t<\/div>\r\n\t\t\t\t\t\t<div class=\"grid-item\">\r\n\t\t\t\t\t\t<div class=\"nuss-box\">\t\t<div class=\"nuss-image image\">\r\n\t\t\t<img decoding=\"async\"  src=\"https:\/\/blossomhouseshanghai.com\/wp-content\/uploads\/2025\/11\/Blossom-House-Shanghai-88.webp\" alt=\"Blossom House Shanghai (88)\" \/>\t\t<\/div>\r\n\t\t\t\t<\/div>\t\t\t\t\t<\/div>\r\n\t\t\t\t\t\t<div class=\"grid-item\">\r\n\t\t\t\t\t\t<div class=\"nuss-box\">\t\t<div class=\"nuss-image image\">\r\n\t\t\t<img decoding=\"async\"  src=\"https:\/\/blossomhouseshanghai.com\/wp-content\/uploads\/2025\/11\/Blossom-House-Shanghai-90.webp\" alt=\"Blossom House Shanghai (90)\" \/>\t\t<\/div>\r\n\t\t\t\t<\/div>\t\t\t\t\t<\/div>\r\n\t\t\t\t\t\t<div class=\"grid-item\">\r\n\t\t\t\t\t\t<div class=\"nuss-box\">\t\t<div class=\"nuss-image image\">\r\n\t\t\t<img decoding=\"async\"  src=\"https:\/\/blossomhouseshanghai.com\/wp-content\/uploads\/2025\/11\/Blossom-House-Shanghai-77.webp\" alt=\"Blossom House Shanghai (77)\" \/>\t\t<\/div>\r\n\t\t\t\t<\/div>\t\t\t\t\t<\/div>\r\n\t\t\t\t\t\t<div class=\"grid-item\">\r\n\t\t\t\t\t\t<div class=\"nuss-box\">\t\t<div class=\"nuss-image image\">\r\n\t\t\t<img decoding=\"async\"  src=\"https:\/\/blossomhouseshanghai.com\/wp-content\/uploads\/2025\/11\/Blossom-House-Shanghai-76.webp\" alt=\"Blossom House Shanghai (76)\" \/>\t\t<\/div>\r\n\t\t\t\t<\/div>\t\t\t\t\t<\/div>\r\n\t\t\t\t\t\t<div class=\"grid-item\">\r\n\t\t\t\t\t\t<div class=\"nuss-box\">\t\t<div class=\"nuss-image image\">\r\n\t\t\t<img decoding=\"async\"  src=\"https:\/\/blossomhouseshanghai.com\/wp-content\/uploads\/2025\/11\/Blossom-House-Shanghai-60.webp\" alt=\"Blossom House Shanghai (60)\" \/>\t\t<\/div>\r\n\t\t\t\t<\/div>\t\t\t\t\t<\/div>\r\n\t\t\t\t\t\t<div class=\"grid-item\">\r\n\t\t\t\t\t\t<div class=\"nuss-box\">\t\t<div class=\"nuss-image image\">\r\n\t\t\t<img decoding=\"async\"  src=\"https:\/\/blossomhouseshanghai.com\/wp-content\/uploads\/2025\/11\/Blossom-House-Shanghai-49.webp\" alt=\"Blossom House Shanghai (49)\" \/>\t\t<\/div>\r\n\t\t\t\t<\/div>\t\t\t\t\t<\/div>\r\n\t\t\t\t\t\t<div class=\"grid-item\">\r\n\t\t\t\t\t\t<div class=\"nuss-box\">\t\t<div class=\"nuss-image image\">\r\n\t\t\t<img decoding=\"async\"  src=\"https:\/\/blossomhouseshanghai.com\/wp-content\/uploads\/2025\/11\/Blossom-House-Shanghai-69.webp\" alt=\"Blossom House Shanghai (69)\" \/>\t\t<\/div>\r\n\t\t\t\t<\/div>\t\t\t\t\t<\/div>\r\n\t\t\t\t\t\t<div class=\"grid-item\">\r\n\t\t\t\t\t\t<div class=\"nuss-box\">\t\t<div class=\"nuss-image image\">\r\n\t\t\t<img decoding=\"async\"  src=\"https:\/\/blossomhouseshanghai.com\/wp-content\/uploads\/2025\/11\/Blossom-House-Shanghai-68.webp\" alt=\"Blossom House Shanghai (68)\" \/>\t\t<\/div>\r\n\t\t\t\t<\/div>\t\t\t\t\t<\/div>\r\n\t\t\t\t\t\t<div class=\"grid-item\">\r\n\t\t\t\t\t\t<div class=\"nuss-box\">\t\t<div class=\"nuss-image image\">\r\n\t\t\t<img decoding=\"async\"  src=\"https:\/\/blossomhouseshanghai.com\/wp-content\/uploads\/2025\/11\/Blossom-House-Shanghai-59.webp\" alt=\"Blossom House Shanghai (59)\" \/>\t\t<\/div>\r\n\t\t\t\t<\/div>\t\t\t\t\t<\/div>\r\n\t\t\t\t\t\t<div class=\"grid-item\">\r\n\t\t\t\t\t\t<div class=\"nuss-box\">\t\t<div class=\"nuss-image image\">\r\n\t\t\t<img decoding=\"async\"  src=\"https:\/\/blossomhouseshanghai.com\/wp-content\/uploads\/2025\/11\/Blossom-House-Shanghai-67.webp\" alt=\"Blossom House Shangh\u00e1i (67)\" \/>\t\t<\/div>\r\n\t\t\t\t<\/div>\t\t\t\t\t<\/div>\r\n\t\t\t\t\t\t<div class=\"grid-item\">\r\n\t\t\t\t\t\t<div class=\"nuss-box\">\t\t<div class=\"nuss-image image\">\r\n\t\t\t<img decoding=\"async\"  src=\"https:\/\/blossomhouseshanghai.com\/wp-content\/uploads\/2025\/11\/Blossom-House-Shanghai-44.webp\" alt=\"Blossom House Shanghai (44)\" \/>\t\t<\/div>\r\n\t\t\t\t<\/div>\t\t\t\t\t<\/div>\r\n\t\t\t\t\t\t\t\r\n\t\t\t<\/div>\r\n\t\t<\/div>\r\n\t\t\t\t\t\t<\/div>\n\t\t\t\t<\/div>\n\t\t\t\t\t<\/div>\n\t\t\t\t<\/div>\n\t\t<div class=\"elementor-element elementor-element-d05381b e-flex e-con-boxed e-con e-parent\" data-id=\"d05381b\" data-element_type=\"container\" data-e-type=\"container\">\n\t\t\t\t\t<div class=\"e-con-inner\">\n\t\t\t\t<div class=\"elementor-element elementor-element-53bd849 elementor-widget elementor-widget-text-editor\" data-id=\"53bd849\" data-element_type=\"widget\" data-e-type=\"widget\" data-widget_type=\"text-editor.default\">\n\t\t\t\t\t\t\t\t\t<h3 data-spm-anchor-id=\"a2ty_o01.29997173.0.i74.5931c921sKJoD0\">Una experiencia de desayuno personalizada: empieza el d\u00eda con Shangh\u00e1i en la boca<\/h3><p>Comience su exploraci\u00f3n de Shangh\u00e1i con nuestro <strong>desayuno buffet artesanal<\/strong>, Un vibrante mosaico de delicias locales e internacionales que marca la pauta para un d\u00eda inolvidable. Ya sea que se le antoje el delicado vapor de un xiaolongbao reci\u00e9n hecho, la reconfortante calidez de la leche de soya y el youtiao, o el atractivo internacional de la reposter\u00eda continental y los jugos reci\u00e9n exprimidos, nuestro men\u00fa matutino satisface todos los gustos.<\/p><div class=\"my-2\">\u00a0<\/div><p>Los comensales elogian la cuidada presentaci\u00f3n y la calidad: &quot;El desayuno fue incre\u00edble: much\u00edsima variedad y todo sab\u00eda fresco&quot;, coment\u00f3 un gourmet franc\u00e9s. &quot;Me encantaron especialmente las especialidades locales, como el xiaolongbao y la leche de soja. Fue como un viaje culinario por Shangh\u00e1i&quot;.\u201c<\/p><div class=\"my-2\">\u00a0<\/div><p>Los horarios de desayuno est\u00e1n adaptados para su comodidad:<\/p><ul dir=\"auto\"><li><strong>De lunes a viernes<\/strong>: 07:00\u201310:00<\/li><li><strong>S\u00e1bado y domingo<\/strong>: 07:00\u201310:30<\/li><\/ul><div class=\"my-2\">\u00a0<\/div><p>Los precios son accesibles para toda la familia:<\/p><ul dir=\"auto\"><li>Ni\u00f1os menores de 1,2 m: gratis<\/li><li>Ni\u00f1os de 1,2 a 1,4 meses: 79 CNY<\/li><li>Adultos y ni\u00f1os mayores de 1,4 m: 138 CNY<\/li><\/ul><div class=\"my-2\">\u00a0<\/div><p>Ya sea que est\u00e9 cargando energ\u00edas para un d\u00eda de turismo o saboreando una ma\u00f1ana tranquila con vista al Bund, nuestro desayuno est\u00e1 dise\u00f1ado para deleitarlo.<\/p><div class=\"my-2\">\u00a0<\/div><h3>Cena con vistas: disfrute de Shangh\u00e1i bajo las estrellas<\/h3><p>A medida que la luz del d\u00eda se desvanece y la arquitectura colonial del Bund brilla contra el cielo nocturno, nuestro restaurante se transforma en un refugio \u00edntimo para cenar. Aqu\u00ed encontrar\u00e1 men\u00fas cuidadosamente seleccionados por nuestros chefs, que combinan recetas tradicionales de Shangh\u00e1i con un toque moderno. Imagine panceta de cerdo estofada tan tierna que se deshace en la lengua, camarones de r\u00edo salteados rebosantes de frescura y platos de autor que reflejan la fusi\u00f3n de Oriente y Occidente de la ciudad.<\/p><div class=\"my-2\">\u00a0<\/div><p>\u201cLa cena fue memorable; el chef sali\u00f3 a explicar el men\u00fa\u201d, coment\u00f3 una pareja italiana. \u201cLa panceta de cerdo estofada estaba deliciosa. El ambiente con vistas al Bund le dio un toque m\u00e1gico\u201d.\u201d<\/p><div class=\"my-2\">\u00a0<\/div><p>Nuestro concepto de cocina abierta permite a los comensales apreciar la maestr\u00eda detr\u00e1s de cada plato, mientras que nuestro atento personal se asegura de que cada detalle, desde el maridaje de vinos hasta las preferencias diet\u00e9ticas, se gestione con esmero. Para quienes buscan una ocasi\u00f3n verdaderamente especial, disponemos de opciones de cenas privadas con men\u00fas personalizados y vistas impresionantes a la ribera del r\u00edo.<\/p><div class=\"my-2\">\u00a0<\/div><h3>Cenas tem\u00e1ticas y conexiones culturales<\/h3><p>En Blossom House, creemos que la experiencia gastron\u00f3mica debe ser inmersiva. Por eso, nuestro restaurante va m\u00e1s all\u00e1 del plato para ofrecer experiencias que te conectan con la cultura de Shangh\u00e1i. A trav\u00e9s de nuestra experiencia \u00fanica... <strong>Servicio de conserjer\u00eda cultural<\/strong>, Podemos organizar cenas tem\u00e1ticas con especialidades regionales, demostraciones de cocina o incluso catas guiadas de t\u00e9s y licores locales.<\/p><div class=\"my-2\">\u00a0<\/div><p>A las familias les encantar\u00e1 nuestro enfoque l\u00fadico pero sofisticado para comidas para ni\u00f1os, especialmente cuando se combina con nuestro popular <strong>Habitaci\u00f3n familiar tem\u00e1tica de Ultraman<\/strong>\u2014Perfecto para crear recuerdos duraderos despu\u00e9s de un d\u00eda de aventuras.<\/p><div class=\"my-2\">\u00a0<\/div><h3>\u00bfPor qu\u00e9 elegir nuestro restaurante?<\/h3><ul dir=\"auto\"><li><strong>Sabores locales aut\u00e9nticos<\/strong>Siempre que sea posible, obtenemos ingredientes localmente, garantizando la frescura y apoyando a los productores regionales.<\/li><li><strong>Artesan\u00eda artesanal<\/strong>Cada plato se prepara con precisi\u00f3n, pasi\u00f3n y respeto por la tradici\u00f3n.<\/li><li><strong>Ubicaci\u00f3n inmejorable<\/strong>:Cene con vistas panor\u00e1micas del Bund, el Jard\u00edn Yu y el horizonte de Pudong: no es necesario salir del hotel para disfrutar de las vistas m\u00e1s emblem\u00e1ticas de Shangh\u00e1i.<\/li><li><strong>Servicio personalizado<\/strong>Desde bebidas de bienvenida hasta recomendaciones personalizadas, nuestro equipo anticipa sus necesidades y supera las expectativas.<\/li><li><strong>Opciones de comidas flexibles<\/strong>Ya sea que est\u00e9 tomando un bocado r\u00e1pido antes de una reuni\u00f3n o disfrutando de un fest\u00edn de varios platos, nos adaptamos a su horario y estilo.<\/li><\/ul><div class=\"my-2\">\u00a0<\/div><h3>M\u00e1s que una comida, es un recuerdo<\/h3><p>Los hu\u00e9spedes califican constantemente nuestro restaurante como uno de los mejores momentos de su estancia. &quot;Saborea el alma de Shangh\u00e1i en Blossom House&quot;, escribe un usuario de Trip.com. &quot;Nuestra gastronom\u00eda artesanal combina sabores locales con un toque internacional, ofreciendo un desayuno buffet cuidadosamente seleccionado y comidas memorables. Cena en un ambiente elegante y confortable, donde cada plato cuenta la historia del vibrante patrimonio culinario de la ciudad, complementando a la perfecci\u00f3n tu escapada de lujo junto al Bund&quot;.\u201c<\/p><div class=\"my-2\">\u00a0<\/div><p>Para viajeros de negocios, parejas, familias o exploradores solitarios, nuestro restaurante ofrece m\u00e1s que comida: conecta con la ciudad, con su historia y con quienes la consideran su hogar.<\/p><div class=\"my-2\">\u00a0<\/div><div class=\"py-2 my-3\"><hr \/><\/div><div class=\"my-2\">\u00a0<\/div><p><strong>Planifique su aventura culinaria hoy<\/strong><\/p><div class=\"my-2\">\u00a0<\/div><p data-spm-anchor-id=\"a2ty_o01.29997173.0.i75.5931c921sKJoD0\">\u00bfListo para saborear el alma de Shangh\u00e1i? Reserva tu mesa en el restaurante Blossom House Shanghai On The Bund y d\u00e9janos guiarte a trav\u00e9s de una comida tan inolvidable como la ciudad misma.<\/p>\t\t\t\t\t\t\t\t<\/div>\n\t\t\t\t\t<\/div>\n\t\t\t\t<\/div>\n\t\t\t\t<section class=\"elementor-section elementor-top-section elementor-element elementor-element-512ebc18 elementor-section-stretched elementor-section-boxed elementor-section-gap-beside-yes elementor-section-height-default elementor-section-height-default elementor-section-column-vertical-align-stretch\" data-id=\"512ebc18\" data-element_type=\"section\" data-e-type=\"section\" data-settings=\"{&quot;background_background&quot;:&quot;classic&quot;,&quot;stretch_section&quot;:&quot;section-stretched&quot;}\">\n\t\t\t\t\t\t<div class=\"elementor-container elementor-column-gap-extended\">\n\t\t\t\t\t<div class=\"elementor-column elementor-col-100 elementor-top-column elementor-element elementor-element-5ac4eaa5\" data-id=\"5ac4eaa5\" data-element_type=\"column\" data-e-type=\"column\">\n\t\t\t<div class=\"elementor-widget-wrap elementor-element-populated\">\n\t\t\t\t\t\t<div class=\"elementor-element elementor-element-b298fad elementor-widget elementor-widget-nuss-heading\" data-id=\"b298fad\" data-element_type=\"widget\" data-e-type=\"widget\" data-widget_type=\"nuss-heading.default\">\n\t\t\t\t<div class=\"elementor-widget-container\">\n\t\t\t\t\t\t\t<div class=\"nuss-modern-heading\">\r\n\t\t\t\t\t\t<div class=\"heading-secondary-wrap\">\r\n\t\t\t\t<h3 class=\"heading-secondary elementor-heading-title\">Consultar disponibilidad <\/h3>\t\t\t<\/div>\r\n\t\t\r\n\t\t\t\r\n\t\t\t\r\n\t\t\t\t\t<\/div>\r\n\t\t\t\t\t<\/div>\n\t\t\t\t<\/div>\n\t\t\t\t<div class=\"elementor-element elementor-element-56c843eb elementor-widget elementor-widget-text-editor\" data-id=\"56c843eb\" data-element_type=\"widget\" data-e-type=\"widget\" data-widget_type=\"text-editor.default\">\n\t\t\t\t\t\t\t\t\t<iframe border=\"0\" src=\"https:\/\/www.trip.com\/partners\/ad\/S6940663?Allianceid=4590391&#038;SID=275557010&#038;trip_sub1=\" style=\"width:1200px;height:200px\" frameborder=\"0\" scrolling=\"no\" id=\"S6940663\"><\/iframe>\t\t\t\t\t\t\t\t<\/div>\n\t\t\t\t\t<\/div>\n\t\t<\/div>\n\t\t\t\t\t<\/div>\n\t\t<\/section>\n\t\t\t\t<\/div>","protected":false},"excerpt":{"rendered":"<p>Blossom House Shanghai On The Bund Restaurant: Where Shanghai\u2019s Culinary Soul Meets Artisanal Elegance Nestled along the shimmering waters of the Huangpu River at No. 386 Ren Min Road in Shanghai\u2019s historic Huangpu District, the Blossom House Shanghai On The Bund Restaurant offers more than just a meal\u2014it delivers a sensory journey through the heart [&hellip;]<\/p>\n","protected":false},"author":1,"featured_media":0,"parent":0,"menu_order":0,"comment_status":"closed","ping_status":"closed","template":"","meta":{"footnotes":""},"class_list":["post-612","page","type-page","status-publish","hentry","post-no-thumbnail"],"_links":{"self":[{"href":"https:\/\/blossomhouseshanghai.com\/es\/wp-json\/wp\/v2\/pages\/612","targetHints":{"allow":["GET"]}}],"collection":[{"href":"https:\/\/blossomhouseshanghai.com\/es\/wp-json\/wp\/v2\/pages"}],"about":[{"href":"https:\/\/blossomhouseshanghai.com\/es\/wp-json\/wp\/v2\/types\/page"}],"author":[{"embeddable":true,"href":"https:\/\/blossomhouseshanghai.com\/es\/wp-json\/wp\/v2\/users\/1"}],"replies":[{"embeddable":true,"href":"https:\/\/blossomhouseshanghai.com\/es\/wp-json\/wp\/v2\/comments?post=612"}],"version-history":[{"count":0,"href":"https:\/\/blossomhouseshanghai.com\/es\/wp-json\/wp\/v2\/pages\/612\/revisions"}],"wp:attachment":[{"href":"https:\/\/blossomhouseshanghai.com\/es\/wp-json\/wp\/v2\/media?parent=612"}],"curies":[{"name":"wp","href":"https:\/\/api.w.org\/{rel}","templated":true}]}}