{"id":647,"date":"2021-03-29T02:13:52","date_gmt":"2021-03-29T02:13:52","guid":{"rendered":"http:\/\/localhost\/nuss\/?page_id=647"},"modified":"2025-11-18T08:57:33","modified_gmt":"2025-11-18T08:57:33","slug":"servicios","status":"publish","type":"page","link":"https:\/\/blossomhouseshanghai.com\/es\/servicios\/","title":{"rendered":"Servicios"},"content":{"rendered":"<div data-elementor-type=\"wp-page\" data-elementor-id=\"647\" class=\"elementor elementor-647\">\n\t\t\t\t\t\t<section class=\"elementor-section elementor-top-section elementor-element elementor-element-3353bc8 elementor-section-boxed elementor-section-gap-beside-yes elementor-section-height-default elementor-section-height-default elementor-section-column-vertical-align-stretch\" data-id=\"3353bc8\" data-element_type=\"section\" data-e-type=\"section\">\n\t\t\t\t\t\t<div class=\"elementor-container elementor-column-gap-extended\">\n\t\t\t\t\t<div class=\"elementor-column elementor-col-100 elementor-top-column elementor-element elementor-element-0a2bc64\" data-id=\"0a2bc64\" data-element_type=\"column\" data-e-type=\"column\">\n\t\t\t<div class=\"elementor-widget-wrap elementor-element-populated\">\n\t\t\t\t\t\t<div class=\"elementor-element elementor-element-447e3ef elementor-widget__width-initial elementor-invisible elementor-widget elementor-widget-text-editor\" data-id=\"447e3ef\" data-element_type=\"widget\" data-e-type=\"widget\" data-settings=\"{&quot;_animation&quot;:&quot;nussFadeInUp&quot;}\" data-widget_type=\"text-editor.default\">\n\t\t\t\t\t\t\t\t\t<div class=\"svelte-1c06zsf\" data-lang-code=\"\"><p><strong data-spm-anchor-id=\"a2ty_o01.29997173.0.i80.5931c921sKJoD0\">Blossom House Shanghai en el Bund: donde el servicio personalizado se fusiona con el alma de Shangh\u00e1i<\/strong><\/p><\/div>\t\t\t\t\t\t\t\t<\/div>\n\t\t\t\t\t<\/div>\n\t\t<\/div>\n\t\t\t\t\t<\/div>\n\t\t<\/section>\n\t\t<div class=\"elementor-element elementor-element-76953f7 e-flex e-con-boxed e-con e-parent\" data-id=\"76953f7\" data-element_type=\"container\" data-e-type=\"container\">\n\t\t\t\t\t<div class=\"e-con-inner\">\n\t\t\t\t<div class=\"elementor-element elementor-element-2f32cd6 elementor-widget elementor-widget-text-editor\" data-id=\"2f32cd6\" data-element_type=\"widget\" data-e-type=\"widget\" data-widget_type=\"text-editor.default\">\n\t\t\t\t\t\t\t\t\t<p data-spm-anchor-id=\"a2ty_o01.29997173.0.i81.5931c921sKJoD0\">En Blossom House Shanghai On The Bund, el servicio no es una lista de verificaci\u00f3n, es una filosof\u00eda. Ubicado en el n.\u00b0 386 de Ren Min Road, en el coraz\u00f3n del hist\u00f3rico distrito Huangpu de Shangh\u00e1i, nuestro hotel de lujo de 5 estrellas redefine la hospitalidad al integrar atenci\u00f3n personalizada, conocimiento cultural y comodidades modernas en cada momento de su estancia. Aqu\u00ed, usted no es solo un hu\u00e9sped; es el protagonista de su propia historia en Shangh\u00e1i, y nuestro equipo est\u00e1 aqu\u00ed para garantizar que se desarrolle con elegancia, tranquilidad y momentos inolvidables.<\/p><div class=\"my-2\">\u00a0<\/div><h3>El Conserje Cultural: Su gu\u00eda personal para descubrir las joyas ocultas de Shangh\u00e1i<\/h3><p>Lo que realmente distingue a Blossom House es nuestra <strong>Conserje cultural<\/strong>Un servicio \u00fanico dise\u00f1ado para viajeros que buscan algo m\u00e1s que simplemente hacer turismo. Nuestros conserjes no son simples mostradores de informaci\u00f3n; son narradores, expertos locales y embajadores culturales. Tanto si es su primera visita como si es un explorador experimentado, elaboran itinerarios a medida seg\u00fan sus intereses, desde descubrir casas de t\u00e9 secretas en antiguos nong tangs hasta acceder a galer\u00edas de arte contempor\u00e1neo como el Museo de Arte Rockbund.<\/p><div class=\"my-2\">\u00a0<\/div><p>Imagina saborear un t\u00e9 de jazm\u00edn en un jard\u00edn que solo conocen los lugare\u00f1os, o descubrir los bulliciosos puestos del mercado del Jard\u00edn Yu con consejos de expertos sobre d\u00f3nde encontrar el mejor xiaolongbao. Nuestro Conserje Cultural no solo te dice qu\u00e9 ver, sino que tambi\u00e9n te muestra c\u00f3mo. <em>sentir<\/em> Shangh\u00e1i. Para viajeros de negocios, pueden organizar cenas privadas en restaurantes escondidos, perfectos para reuniones con clientes. Para familias, planean b\u00fasquedas del tesoro por los callejones m\u00e1s encantadores de la ciudad. \u00bfY para los rom\u00e1nticos? Organizan cenas a la luz de las velas con vistas al horizonte iluminado del Bund. No se trata solo de servicio, sino de una experiencia que te conecta profundamente con el alma de la ciudad.<\/p><div class=\"my-2\">\u00a0<\/div><h3>Recepci\u00f3n 24\/7 y soporte continuo<\/h3><p>Su comodidad es nuestra prioridad, por eso nuestra recepci\u00f3n est\u00e1 disponible las 24 horas. Ya sea que necesite ayuda a las 3:00 a. m. o quiera reservar una cena de \u00faltima hora, nuestro personal multiling\u00fce siempre est\u00e1 listo para ayudarle. Los hu\u00e9spedes elogian constantemente la calidez y eficiencia de nuestro equipo; muchos comentan que el personal recuerda sus nombres, preferencias e incluso ocasiones especiales. &quot;El personal super\u00f3 todas las expectativas&quot;, coment\u00f3 un hu\u00e9sped de Alemania. &quot;Recordaron mi pedido de caf\u00e9 e incluso nos cambiaron a una habitaci\u00f3n mejor porque est\u00e1bamos celebrando nuestro aniversario&quot;.\u201c<\/p><div class=\"my-2\">\u00a0<\/div><p>Entendemos que viajar puede ser impredecible, por eso ofrecemos soluciones flexibles para cada necesidad, desde organizar salidas tard\u00edas hasta ayudarte a navegar por el metro de Shangh\u00e1i. \u00bfNecesitas herramientas de traducci\u00f3n? Las tenemos. \u00bfBuscas recomendaciones sobre la mejor comida callejera local? Nuestro equipo te guiar\u00e1. En Blossom House, ninguna petici\u00f3n es demasiado peque\u00f1a y ning\u00fan detalle se descuida.<\/p><div class=\"my-2\">\u00a0<\/div><h3>Gimnasio de \u00faltima generaci\u00f3n: recarga energ\u00edas con estilo<\/h3><p>Para los hu\u00e9spedes que priorizan el bienestar, nuestro <strong>Gimnasio de \u00faltima generaci\u00f3n<\/strong> Ofrece un remanso de paz en medio de la energ\u00eda de la ciudad. Abierto 24\/7, el gimnasio est\u00e1 equipado con m\u00e1quinas cardiovasculares de \u00faltima generaci\u00f3n, equipos de musculaci\u00f3n y pesas libres, todo con vistas panor\u00e1micas de la ciudad como tel\u00f3n de fondo. Ya sea que est\u00e9 haciendo ejercicio por la ma\u00f1ana antes de un d\u00eda ajetreado de reuniones o relaj\u00e1ndose con una sesi\u00f3n despu\u00e9s de cenar, nuestro gimnasio le garantiza que podr\u00e1 mantener su rutina sin sacrificar la comodidad.<\/p><div class=\"my-2\">\u00a0<\/div><p>Para quienes buscan un enfoque m\u00e1s hol\u00edstico del bienestar, nuestro conserje puede organizar sesiones de yoga en la habitaci\u00f3n, clases de meditaci\u00f3n guiada o tratamientos de spa en spas de lujo cercanos. Tras un largo d\u00eda explorando el Bund o asistiendo a reuniones de negocios, no hay mejor manera de recargar energ\u00edas que con una sesi\u00f3n de ejercicio intensa seguida de un relajante ba\u00f1o en la ba\u00f1era profunda de su habitaci\u00f3n.<\/p><div class=\"my-2\">\u00a0<\/div><h3>Opciones gastron\u00f3micas flexibles: disfrute de Shangh\u00e1i a su manera<\/h3><p>Nuestro compromiso con el servicio se extiende a la experiencia gastron\u00f3mica. Si bien nuestro restaurante artesanal ofrece desayunos buffet selectos y comidas memorables, entendemos que los horarios var\u00edan. Por eso ofrecemos <strong>opciones de desayuno flexibles<\/strong>, incluyendo servicio a primera hora de la ma\u00f1ana y entrega a la habitaci\u00f3n para aquellos que prefieren cenar en la comodidad de su habitaci\u00f3n.<\/p><div class=\"my-2\">\u00a0<\/div><p>Los horarios de desayuno est\u00e1n cuidadosamente planificados:<\/p><ul dir=\"auto\"><li><strong>De lunes a viernes<\/strong>: 07:00\u201310:00<\/li><li><strong>S\u00e1bado y domingo<\/strong>: 07:00\u201310:30<\/li><\/ul><div class=\"my-2\">\u00a0<\/div><p>Los precios son familiares, con descuentos para ni\u00f1os:<\/p><ul dir=\"auto\"><li>Ni\u00f1os menores de 1,2 m: gratis<\/li><li>Ni\u00f1os de 1,2 a 1,4 meses: 79 CNY<\/li><li>Adultos y ni\u00f1os mayores de 1,4 m: 138 CNY<\/li><\/ul><div class=\"my-2\">\u00a0<\/div><p>Para viajeros de negocios, ofrecemos rincones tranquilos y privados para trabajar con un caf\u00e9 o celebrar reuniones informales. Las familias aprecian el enfoque l\u00fadico y sofisticado de las comidas para ni\u00f1os, especialmente en combinaci\u00f3n con nuestra popular Sala Familiar con tem\u00e1tica Ultraman. Y para parejas rom\u00e1nticas, podemos organizar cenas \u00edntimas con men\u00fas personalizados y vistas impresionantes a la ribera del r\u00edo.<\/p><div class=\"my-2\">\u00a0<\/div><h3>Servicios empresariales: la productividad se une al lujo<\/h3><p>Blossom House satisface a la perfecci\u00f3n las necesidades de los viajeros de negocios gracias a su ubicaci\u00f3n estrat\u00e9gica cerca del distrito financiero de Shangh\u00e1i y a sus instalaciones de reuniones de primer nivel. Nuestros espacios para eventos est\u00e1n equipados con tecnolog\u00eda audiovisual de vanguardia, wifi de alta velocidad y distribuci\u00f3n flexible de asientos, lo que los hace ideales para presentaciones en salas de juntas, sesiones de lluvia de ideas en equipo o almuerzos con clientes. El equipo de planificaci\u00f3n de eventos del hotel se encarga de cada detalle, desde el montaje hasta el desmontaje, para que usted pueda concentrarse en su agenda.<\/p><div class=\"my-2\">\u00a0<\/div><p>Para profesionales que trabajan solos, nuestras salas est\u00e1n dise\u00f1adas como santuarios productivos, con amplios escritorios, sillas ergon\u00f3micas y conectividad premium. \u00bfNecesita imprimir documentos o escanear contratos? Nuestro centro de negocios lo tiene cubierto. Y si tiene varias reuniones consecutivas, nuestro conserje puede organizar el servicio de entrega de comidas a su habitaci\u00f3n o espacio de reuniones, para que se mantenga con energ\u00eda durante todo el d\u00eda.<\/p><div class=\"my-2\">\u00a0<\/div><h3>Servicios para toda la familia: Creando recuerdos duraderos<\/h3><p>Las familias son la esencia de Blossom House. Desde lo caprichoso... <strong>Habitaci\u00f3n familiar tem\u00e1tica de Ultraman<\/strong>, que deleita a los ni\u00f1os con su decoraci\u00f3n vibrante y ropa de cama con tem\u00e1tica de personajes, hasta la inclusi\u00f3n considerada de cunas (gratis para ni\u00f1os de 6 a\u00f1os o menos), cada detalle est\u00e1 dise\u00f1ado para que el viaje familiar sea perfecto y alegre.<\/p><div class=\"my-2\">\u00a0<\/div><p>Nuestro personal se esfuerza al m\u00e1ximo para que los ni\u00f1os se sientan bienvenidos, ya sea dej\u00e1ndoles un peque\u00f1o obsequio a su llegada, recomend\u00e1ndoles atracciones infantiles o ayud\u00e1ndoles a navegar por el transporte p\u00fablico de la ciudad. &quot;La sala Ultraman fue todo un \u00e9xito con nuestro hijo; \u00a1no quer\u00eda irse!&quot;, coment\u00f3 un padre del Reino Unido. &quot;Y el personal incluso le trajo un peque\u00f1o regalo cuando vieron que estaba celebrando su cumplea\u00f1os&quot;.\u201c<\/p><div class=\"my-2\">\u00a0<\/div><h3>Accesibilidad y conveniencia: dise\u00f1ado para cada viajero<\/h3><p>Creemos que el lujo debe ser inclusivo, por eso Blossom House ofrece servicios dise\u00f1ados para todo tipo de viajeros. Disponemos de aparcamiento para los hu\u00e9spedes que lleguen en coche, y nuestra proximidad a la estaci\u00f3n de metro Yuyuan Garden (a solo 0,23 km) facilita la navegaci\u00f3n por la ciudad. Se aceptan la mayor\u00eda de las principales tarjetas de cr\u00e9dito y, para mayor comodidad, tambi\u00e9n se acepta efectivo.<\/p><div class=\"my-2\">\u00a0<\/div><p>Para los visitantes internacionales, ofrecemos herramientas de traducci\u00f3n y soporte para garantizar una comunicaci\u00f3n fluida. Si bien no ofrecemos traslados al aeropuerto, nuestro conserje puede ayudarle a reservar taxis o servicios de transporte compartido desde y hacia los aeropuertos de Hongqiao y Pudong.<\/p><div class=\"my-2\">\u00a0<\/div><div class=\"py-2 my-3\"><hr \/><\/div><div class=\"my-2\">\u00a0<\/div><p><strong>\u00bfPor qu\u00e9 elegir Blossom House para su estancia?<\/strong><\/p><div class=\"my-2\">\u00a0<\/div><p>En Blossom House Shanghai On The Bund, el servicio es fundamental, es la base de todo lo que hacemos. Desde el momento en que cruza nuestras puertas, no es nuestro personal, sino un equipo de profesionales comprometidos a hacer que su estancia sea extraordinaria. Ya sea que viaje por negocios, por placer, por diversi\u00f3n familiar o por exploraci\u00f3n cultural, nuestro equipo se dedica a anticipar sus necesidades, superar sus expectativas y crear una estancia que se sienta \u00fanica y personal.<\/p><div class=\"my-2\">\u00a0<\/div><p data-spm-anchor-id=\"a2ty_o01.29997173.0.i82.5931c921sKJoD0\">Venga, perm\u00edtanos mostrarle c\u00f3mo es la verdadera hospitalidad, no solo en Shangh\u00e1i, sino en pleno coraz\u00f3n del paseo mar\u00edtimo m\u00e1s emblem\u00e1tico de la ciudad. Bienvenido a Blossom House, donde cada detalle est\u00e1 pensado para que su viaje sea inolvidable.<\/p>\t\t\t\t\t\t\t\t<\/div>\n\t\t\t\t\t<\/div>\n\t\t\t\t<\/div>\n\t\t\t\t<section class=\"elementor-section elementor-top-section elementor-element elementor-element-7bce1c0b elementor-section-stretched elementor-section-boxed elementor-section-gap-beside-yes elementor-section-height-default elementor-section-height-default elementor-section-column-vertical-align-stretch\" data-id=\"7bce1c0b\" data-element_type=\"section\" data-e-type=\"section\" data-settings=\"{&quot;background_background&quot;:&quot;classic&quot;,&quot;stretch_section&quot;:&quot;section-stretched&quot;}\">\n\t\t\t\t\t\t<div class=\"elementor-container elementor-column-gap-extended\">\n\t\t\t\t\t<div class=\"elementor-column elementor-col-100 elementor-top-column elementor-element elementor-element-7c7178fe\" data-id=\"7c7178fe\" data-element_type=\"column\" data-e-type=\"column\">\n\t\t\t<div class=\"elementor-widget-wrap elementor-element-populated\">\n\t\t\t\t\t\t<div class=\"elementor-element elementor-element-2f9d31f9 elementor-widget elementor-widget-nuss-heading\" data-id=\"2f9d31f9\" data-element_type=\"widget\" data-e-type=\"widget\" data-widget_type=\"nuss-heading.default\">\n\t\t\t\t<div class=\"elementor-widget-container\">\n\t\t\t\t\t\t\t<div class=\"nuss-modern-heading\">\r\n\t\t\t\t\t\t<div class=\"heading-secondary-wrap\">\r\n\t\t\t\t<h3 class=\"heading-secondary elementor-heading-title\">Consultar disponibilidad <\/h3>\t\t\t<\/div>\r\n\t\t\r\n\t\t\t\r\n\t\t\t\r\n\t\t\t\t\t<\/div>\r\n\t\t\t\t\t<\/div>\n\t\t\t\t<\/div>\n\t\t\t\t<div class=\"elementor-element elementor-element-57084baf elementor-widget elementor-widget-text-editor\" data-id=\"57084baf\" data-element_type=\"widget\" data-e-type=\"widget\" data-widget_type=\"text-editor.default\">\n\t\t\t\t\t\t\t\t\t<iframe border=\"0\" src=\"https:\/\/www.trip.com\/partners\/ad\/S6940663?Allianceid=4590391&#038;SID=275557010&#038;trip_sub1=\" style=\"width:1200px;height:200px\" frameborder=\"0\" scrolling=\"no\" id=\"S6940663\"><\/iframe>\t\t\t\t\t\t\t\t<\/div>\n\t\t\t\t\t<\/div>\n\t\t<\/div>\n\t\t\t\t\t<\/div>\n\t\t<\/section>\n\t\t\t\t<\/div>","protected":false},"excerpt":{"rendered":"<p>Blossom House Shanghai On The Bund: Where Bespoke Service Meets the Soul of Shanghai At Blossom House Shanghai On The Bund, service is not a checklist\u2014it\u2019s a philosophy. Nestled at No. 386 Ren Min Road in the heart of Shanghai\u2019s historic Huangpu District, our 5-star luxury hotel redefines hospitality by weaving personalized care, cultural insight, [&hellip;]<\/p>\n","protected":false},"author":1,"featured_media":0,"parent":0,"menu_order":0,"comment_status":"closed","ping_status":"closed","template":"","meta":{"footnotes":""},"class_list":["post-647","page","type-page","status-publish","hentry","post-no-thumbnail"],"_links":{"self":[{"href":"https:\/\/blossomhouseshanghai.com\/es\/wp-json\/wp\/v2\/pages\/647","targetHints":{"allow":["GET"]}}],"collection":[{"href":"https:\/\/blossomhouseshanghai.com\/es\/wp-json\/wp\/v2\/pages"}],"about":[{"href":"https:\/\/blossomhouseshanghai.com\/es\/wp-json\/wp\/v2\/types\/page"}],"author":[{"embeddable":true,"href":"https:\/\/blossomhouseshanghai.com\/es\/wp-json\/wp\/v2\/users\/1"}],"replies":[{"embeddable":true,"href":"https:\/\/blossomhouseshanghai.com\/es\/wp-json\/wp\/v2\/comments?post=647"}],"version-history":[{"count":0,"href":"https:\/\/blossomhouseshanghai.com\/es\/wp-json\/wp\/v2\/pages\/647\/revisions"}],"wp:attachment":[{"href":"https:\/\/blossomhouseshanghai.com\/es\/wp-json\/wp\/v2\/media?parent=647"}],"curies":[{"name":"wp","href":"https:\/\/api.w.org\/{rel}","templated":true}]}}