{"id":2106,"date":"2021-03-25T04:08:26","date_gmt":"2021-03-25T04:08:26","guid":{"rendered":"http:\/\/localhost\/nuss\/?page_id=298"},"modified":"2025-11-18T08:33:23","modified_gmt":"2025-11-18T08:33:23","slug":"experiences","status":"publish","type":"page","link":"https:\/\/blossomhouseshanghai.com\/fr\/experiences\/","title":{"rendered":"Avis sur Blossom House Shanghai On The Bund"},"content":{"rendered":"<div data-elementor-type=\"wp-page\" data-elementor-id=\"2106\" class=\"elementor elementor-2106\">\n\t\t\t\t\t\t<section class=\"elementor-section elementor-top-section elementor-element elementor-element-1954ffc elementor-section-boxed elementor-section-gap-beside-yes elementor-section-height-default elementor-section-height-default elementor-section-column-vertical-align-stretch\" data-id=\"1954ffc\" data-element_type=\"section\" data-e-type=\"section\">\n\t\t\t\t\t\t<div class=\"elementor-container elementor-column-gap-extended\">\n\t\t\t\t\t<div class=\"elementor-column elementor-col-100 elementor-top-column elementor-element elementor-element-86aebc5\" data-id=\"86aebc5\" data-element_type=\"column\" data-e-type=\"column\">\n\t\t\t<div class=\"elementor-widget-wrap elementor-element-populated\">\n\t\t\t\t\t\t<div class=\"elementor-element elementor-element-11803d1 elementor-widget__width-initial elementor-invisible elementor-widget elementor-widget-text-editor\" data-id=\"11803d1\" data-element_type=\"widget\" data-e-type=\"widget\" data-settings=\"{&quot;_animation&quot;:&quot;nussFadeInUp&quot;}\" data-widget_type=\"text-editor.default\">\n\t\t\t\t\t\t\t\t\t<div class=\"svelte-1c06zsf\" data-lang-code=\"\"><p><strong data-spm-anchor-id=\"a2ty_o01.29997173.0.i54.5931c921sKJoD0\">Blossom House Shanghai On The Bund\u00a0: Avis authentiques et exp\u00e9riences inoubliables de voyageurs ayant v\u00e9cu le luxe<\/strong><\/p><\/div>\t\t\t\t\t\t\t\t<\/div>\n\t\t\t\t\t<\/div>\n\t\t<\/div>\n\t\t\t\t\t<\/div>\n\t\t<\/section>\n\t\t<div class=\"elementor-element elementor-element-95e7268 e-flex e-con-boxed e-con e-parent\" data-id=\"95e7268\" data-element_type=\"container\" data-e-type=\"container\">\n\t\t\t\t\t<div class=\"e-con-inner\">\n\t\t\t\t<div class=\"elementor-element elementor-element-bd47571 elementor-widget elementor-widget-image\" data-id=\"bd47571\" data-element_type=\"widget\" data-e-type=\"widget\" data-widget_type=\"image.default\">\n\t\t\t\t\t\t\t\t\t\t\t\t\t\t\t\t<a href=\"https:\/\/www.trip.com\/hotels\/shanghai-hotel-detail-69314532\/blossom-house-shanghai-on-the-bund\/?Allianceid=4590391&#038;SID=275557010&#038;trip_sub1=&#038;trip_sub3=D6944982\" target=\"_blank\" rel=\"noopener\">\n\t\t\t\t\t\t\t<img fetchpriority=\"high\" decoding=\"async\" width=\"1696\" height=\"1111\" src=\"https:\/\/blossomhouseshanghai.com\/wp-content\/uploads\/2025\/11\/Blossom-House-Shanghai-reviews.jpg\" class=\"attachment-full size-full wp-image-7359\" alt=\"\" srcset=\"https:\/\/blossomhouseshanghai.com\/wp-content\/uploads\/2025\/11\/Blossom-House-Shanghai-reviews.jpg 1696w, https:\/\/blossomhouseshanghai.com\/wp-content\/uploads\/2025\/11\/Blossom-House-Shanghai-reviews-300x197.jpg 300w, https:\/\/blossomhouseshanghai.com\/wp-content\/uploads\/2025\/11\/Blossom-House-Shanghai-reviews-1024x671.jpg 1024w, https:\/\/blossomhouseshanghai.com\/wp-content\/uploads\/2025\/11\/Blossom-House-Shanghai-reviews-768x503.jpg 768w, https:\/\/blossomhouseshanghai.com\/wp-content\/uploads\/2025\/11\/Blossom-House-Shanghai-reviews-1536x1006.jpg 1536w, https:\/\/blossomhouseshanghai.com\/wp-content\/uploads\/2025\/11\/Blossom-House-Shanghai-reviews-18x12.jpg 18w\" sizes=\"(max-width: 1696px) 100vw, 1696px\" \/>\t\t\t\t\t\t\t\t<\/a>\n\t\t\t\t\t\t\t\t\t\t\t\t\t\t\t<\/div>\n\t\t\t\t\t<\/div>\n\t\t\t\t<\/div>\n\t\t<div class=\"elementor-element elementor-element-3e39171 e-flex e-con-boxed e-con e-parent\" data-id=\"3e39171\" data-element_type=\"container\" data-e-type=\"container\">\n\t\t\t\t\t<div class=\"e-con-inner\">\n\t\t\t\t<div class=\"elementor-element elementor-element-7761d0c elementor-widget elementor-widget-text-editor\" data-id=\"7761d0c\" data-element_type=\"widget\" data-e-type=\"widget\" data-widget_type=\"text-editor.default\">\n\t\t\t\t\t\t\t\t\t<p>Nich\u00e9 au 386, rue Ren Min, dans le quartier historique de Huangpu \u00e0 Shanghai, le Blossom House Shanghai On The Bund n&#039;est pas qu&#039;un simple h\u00f4tel\u00a0: c&#039;est une destination o\u00f9 les voyageurs font r\u00e9guli\u00e8rement part de moments de pur bonheur, de confort et d&#039;\u00e9merveillement. <strong>Note de 9,6\/10 sur Trip.com<\/strong> Fort de centaines d&#039;avis clients v\u00e9rifi\u00e9s, ce havre de paix 5 \u00e9toiles s&#039;est impos\u00e9 comme l&#039;un des h\u00f4tels de luxe les plus pris\u00e9s de Shanghai. Mais qu&#039;est-ce qui incite les clients \u00e0 revenir, \u00e0 le recommander et \u00e0 l&#039;encenser ? Plongeons au c\u0153ur des t\u00e9moignages authentiques, des \u00e9loges sinc\u00e8res et des exp\u00e9riences inoubliables partag\u00e9s par les voyageurs ayant s\u00e9journ\u00e9 au Blossom House.<\/p><div class=\"py-2 my-3\"><hr \/><\/div><h3>\u201c\u00a0Le parfait m\u00e9lange d\u2019histoire, de luxe et d\u2019emplacement\u00a0\u201d<\/h3><p>L&#039;un des points communs les plus fr\u00e9quents dans les avis sur Trip.com concerne l&#039;h\u00f4tel. <strong>emplacement imbattable<\/strong>. Les clients mentionnent r\u00e9guli\u00e8rement avoir pris plaisir \u00e0 fl\u00e2ner sur le Bund illumin\u00e9, profitant de la vue sur l&#039;architecture coloniale embl\u00e9matique et les lumi\u00e8res scintillantes de Pudong, de l&#039;autre c\u00f4t\u00e9 du fleuve Huangpu. \u201c Nous avons rejoint le jardin Yu en 10 minutes \u00e0 pied et la rue Nanjing en 15 \u201d, a \u00e9crit une famille canadienne. \u201c L&#039;emplacement de l&#039;h\u00f4tel a rendu la d\u00e9couverte de Shanghai \u00e0 la fois simple et magique. \u201d<\/p><p>Un autre client de Singapour a partag\u00e9 cet avis\u00a0: \u201c\u00a0L\u2019emplacement est primordial, et Blossom House l\u2019a bien compris. Nous avons admir\u00e9 le coucher de soleil sur le fleuve depuis notre chambre, puis nous sommes descendus d\u00eener. Le m\u00e9lange de charme historique et de confort moderne est parfait.\u00a0\u201d<\/p><div class=\"py-2 my-3\"><hr \/><\/div><h3>\u201c Des chambres qui offrent une v\u00e9ritable retraite personnelle \u201d<\/h3><p>Avec ses 222 chambres et suites soigneusement am\u00e9nag\u00e9es, Blossom House offre un h\u00e9bergement adapt\u00e9 \u00e0 chaque type de voyageur \u2013 et les clients en sont ravis. <strong>Chambre familiale sur le th\u00e8me d&#039;Ultraman<\/strong>, qui ravit les enfants avec son d\u00e9cor vibrant et sa literie \u00e0 l&#039;effigie de personnages, au serein <strong>Terrasse de luxe King<\/strong> Dot\u00e9 d&#039;un espace ext\u00e9rieur priv\u00e9, cet \u00e9tablissement est unanimement salu\u00e9 pour son confort et son design.<\/p><p>\u201c J\u2019avais r\u00e9serv\u00e9 la suite sup\u00e9rieure pour notre anniversaire, et c\u2019\u00e9tait tout simplement magnifique \u201d, a confi\u00e9 un couple australien. \u201c La vue sur le Bund la nuit \u00e9tait \u00e0 couper le souffle. Le lit \u00e9tait incroyablement confortable et la salle de bain \u00e9tait \u00e9quip\u00e9e d\u2019un chauffage au sol\u00a0: de petits luxes qui ont fait toute la diff\u00e9rence. \u201d<\/p><p>Les familles appr\u00e9cient \u00e9galement l&#039;espace et les petites attentions. \u201c La chambre Ultraman a fait un tabac aupr\u00e8s de notre fils\u00a0: il ne voulait plus partir\u00a0! Et le personnel lui a m\u00eame offert un petit cadeau pour son anniversaire \u201d, a confi\u00e9 un parent britannique.<\/p><div class=\"py-2 my-3\"><hr \/><\/div><h3>\u201c Un service personnalis\u00e9 et authentique \u201d<\/h3><p>Ce qui distingue v\u00e9ritablement Blossom House, c&#039;est son <strong>service exceptionnel<\/strong>, Souvent qualifi\u00e9 de \u201c\u00a0classique\u00a0\u201d ou d&#039;\u201c\u00a0exceptionnel\u00a0\u201d, l&#039;h\u00f4tel se distingue notamment par son service de conciergerie culturelle, une prestation unique qui revient sans cesse. \u201c\u00a0Notre concierge nous a aid\u00e9s \u00e0 organiser une excursion d&#039;une journ\u00e9e \u00e0 Zhujiajiao, une ville d&#039;eau, et a m\u00eame r\u00e9serv\u00e9 une excursion priv\u00e9e en bateau\u00a0\u201d, s&#039;enthousiasme une voyageuse allemande. \u201c\u00a0C&#039;\u00e9tait comme si un ami local nous faisait d\u00e9couvrir les tr\u00e9sors cach\u00e9s de la r\u00e9gion.\u00a0\u201d<\/p><p>Le personnel est r\u00e9guli\u00e8rement f\u00e9licit\u00e9 pour sa gentillesse et son attention. \u201c\u00a0De la r\u00e9ception au service d&#039;entretien m\u00e9nager, tout le monde nous a accueillis par notre nom\u00a0\u201d, a \u00e9crit un voyageur d&#039;affaires japonais. \u201c\u00a0Ils se sont souvenus de notre commande de caf\u00e9 et nous ont m\u00eame surclass\u00e9s pour c\u00e9l\u00e9brer un \u00e9v\u00e9nement important.\u00a0\u201d<\/p><p>La r\u00e9ception ouverte 24h\/24 et 7j\/7 et la flexibilit\u00e9 du petit-d\u00e9jeuner sont \u00e9galement tr\u00e8s appr\u00e9ci\u00e9es. \u201c J&#039;avais des r\u00e9unions t\u00f4t le matin, et le personnel a pr\u00e9par\u00e9 mon petit-d\u00e9jeuner \u00e0 emporter sans m\u00eame que je le demande \u201d, a d\u00e9clar\u00e9 un client d&#039;affaires am\u00e9ricain. \u201c Un tel niveau d&#039;attention est rare. \u201d<\/p><div class=\"py-2 my-3\"><hr \/><\/div><h3>\u201c Une cuisine qui raconte l\u2019histoire de Shanghai \u201d<\/h3><p>Les clients sont dithyrambiques \u00e0 propos de l&#039;h\u00f4tel. <strong>exp\u00e9rience culinaire artisanale<\/strong>, Ce restaurant allie saveurs locales et influences internationales. Son buffet de petit-d\u00e9jeuner soigneusement \u00e9labor\u00e9 est particuli\u00e8rement appr\u00e9ci\u00e9, notamment pour ses viennoiseries fra\u00eeches, ses authentiques dim sum shanghaiens et ses options saines adapt\u00e9es \u00e0 tous les r\u00e9gimes alimentaires.<\/p><p>\u201c Le petit-d\u00e9jeuner \u00e9tait incroyable\u00a0! Un choix incroyable et des produits d\u2019une fra\u00eecheur irr\u00e9prochable \u201d, s\u2019est exclam\u00e9 un fin gourmet fran\u00e7ais. \u201c J\u2019ai particuli\u00e8rement appr\u00e9ci\u00e9 les sp\u00e9cialit\u00e9s locales comme les xiaolongbao et le lait de soja. C\u2019\u00e9tait un v\u00e9ritable voyage culinaire \u00e0 travers Shanghai. \u201d<\/p><p>M\u00eame le d\u00eener a re\u00e7u des \u00e9loges dithyrambiques. \u201c Nous avons d\u00een\u00e9 au restaurant un soir, et le chef est venu nous pr\u00e9senter le menu. La poitrine de porc brais\u00e9e \u00e9tait absolument divine, fondante en bouche \u201d, ont confi\u00e9 un couple italien. \u201c La vue imprenable sur le Bund ajoutait \u00e0 la magie du moment. \u201d<\/p><div class=\"py-2 my-3\"><hr \/><\/div><h3>\u201c Un h\u00f4tel qui comprend ce que les voyageurs veulent vraiment \u201d<\/h3><p>Au-del\u00e0 des \u00e9quipements, les clients appr\u00e9cient la fa\u00e7on dont Blossom House r\u00e9pond \u00e0 leurs besoins vari\u00e9s\u00a0: familles, couples, voyageurs solitaires et professionnels en voyage d\u2019affaires. \u201c\u00a0En tant que voyageuse solo, je me suis sentie en s\u00e9curit\u00e9 et bien accueillie\u00a0\u201d, a \u00e9crit une cliente indienne. \u201c\u00a0La salle de sport \u00e9tait bien \u00e9quip\u00e9e et le salon calme \u00e9tait id\u00e9al pour lire ou travailler.\u00a0\u201d<\/p><p>Les voyageurs d&#039;affaires appr\u00e9cient les aspects pratiques de l&#039;h\u00f4tel. \u201c\u00a0Le Wi-Fi haut d\u00e9bit, un espace de travail d\u00e9di\u00e9 dans la chambre et la proximit\u00e9 du m\u00e9tro ont grandement facilit\u00e9 mon voyage d&#039;affaires\u00a0\u201d, a soulign\u00e9 un consultant de Hong Kong.<\/p><p>M\u00eame les petites attentions font toute la diff\u00e9rence. \u201c La boisson de bienvenue \u00e0 l&#039;arriv\u00e9e, les chaussons dans la chambre, l&#039;eau en bouteille offerte\u00a0: tout cela contribue \u00e0 nous donner le sentiment d&#039;\u00eatre vraiment choy\u00e9s \u201d, a fait remarquer un client fid\u00e8le des Pays-Bas.<\/p><div class=\"py-2 my-3\"><hr \/><\/div><h3>\u201c Pourquoi les voyageurs reviennent sans cesse \u201d<\/h3><p>Le consensus est unanime parmi les utilisateurs de Trip.com\u00a0? Le Blossom House Shanghai On The Bund surpasse toutes les attentes. \u201c\u00a0C\u2019est devenu mon h\u00f4tel de pr\u00e9dilection \u00e0 Shanghai\u00a0\u201d, d\u00e9clare un habitu\u00e9 britannique. \u201c\u00a0\u00c0 chaque s\u00e9jour, je d\u00e9couvre quelque chose de nouveau\u00a0: le personnel se souvient de moi, la vue est toujours aussi magnifique et l\u2019emplacement est tout simplement exceptionnel.\u00a0\u201d<\/p><p>Un autre critique l&#039;a parfaitement r\u00e9sum\u00e9 : \u201c Ce n&#039;est pas seulement un endroit o\u00f9 dormir ; c&#039;est un lieu pour ressentir l&#039;\u00e2me de Shanghai. D\u00e8s l&#039;instant o\u00f9 vous y entrez, vous avez l&#039;impression de faire partie de quelque chose de sp\u00e9cial. \u201d<\/p><div class=\"py-2 my-3\"><hr \/><\/div><h3>En conclusion\u00a0: R\u00e9servez votre s\u00e9jour en vous basant sur de vraies exp\u00e9riences.<\/h3><p>Gr\u00e2ce \u00e0 son emplacement privil\u00e9gi\u00e9, ses chambres luxueuses, son service personnalis\u00e9 et sa cuisine authentique, le Blossom House Shanghai On The Bund continue de s\u00e9duire et d&#039;obtenir d&#039;excellentes notes sur Trip.com. Que vous planifiez une escapade romantique, des vacances en famille ou un voyage d&#039;affaires, les t\u00e9moignages de ses pr\u00e9c\u00e9dents clients sont \u00e9loquents.<\/p><p data-spm-anchor-id=\"a2ty_o01.29997173.0.i53.5931c921sKJoD0\"><strong>Pr\u00eat \u00e0 cr\u00e9er votre propre exp\u00e9rience inoubliable ?<\/strong><br \/>\ud83d\udc49 <a href=\"https:\/\/www.trip.com\/hotels\/shanghai-hotel-detail-69314532\/blossom-house-shanghai-on-the-bund\/?Allianceid=4590391&amp;SID=275557010&amp;trip_sub1=&amp;trip_sub3=D6944982\" target=\"_blank\" rel=\"nofollow noopener\">Consultez plus d&#039;avis et r\u00e9servez votre s\u00e9jour sur Trip.com <\/a><\/p>\t\t\t\t\t\t\t\t<\/div>\n\t\t\t\t\t<\/div>\n\t\t\t\t<\/div>\n\t\t\t\t<section class=\"elementor-section elementor-top-section elementor-element elementor-element-146af85f elementor-section-stretched elementor-section-boxed elementor-section-gap-beside-yes elementor-section-height-default elementor-section-height-default elementor-section-column-vertical-align-stretch\" data-id=\"146af85f\" data-element_type=\"section\" data-e-type=\"section\" data-settings=\"{&quot;background_background&quot;:&quot;classic&quot;,&quot;stretch_section&quot;:&quot;section-stretched&quot;}\">\n\t\t\t\t\t\t<div class=\"elementor-container elementor-column-gap-extended\">\n\t\t\t\t\t<div class=\"elementor-column elementor-col-100 elementor-top-column elementor-element elementor-element-74806027\" data-id=\"74806027\" data-element_type=\"column\" data-e-type=\"column\">\n\t\t\t<div class=\"elementor-widget-wrap elementor-element-populated\">\n\t\t\t\t\t\t<div class=\"elementor-element elementor-element-2b6fd031 elementor-widget elementor-widget-nuss-heading\" data-id=\"2b6fd031\" data-element_type=\"widget\" data-e-type=\"widget\" data-widget_type=\"nuss-heading.default\">\n\t\t\t\t<div class=\"elementor-widget-container\">\n\t\t\t\t\t\t\t<div class=\"nuss-modern-heading\">\r\n\t\t\t\t\t\t<div class=\"heading-secondary-wrap\">\r\n\t\t\t\t<h3 class=\"heading-secondary elementor-heading-title\">Ch\u00e8que disponible <\/h3>\t\t\t<\/div>\r\n\t\t\r\n\t\t\t\r\n\t\t\t\r\n\t\t\t\t\t<\/div>\r\n\t\t\t\t\t<\/div>\n\t\t\t\t<\/div>\n\t\t\t\t<div class=\"elementor-element elementor-element-23b2e5e7 elementor-widget elementor-widget-text-editor\" data-id=\"23b2e5e7\" data-element_type=\"widget\" data-e-type=\"widget\" data-widget_type=\"text-editor.default\">\n\t\t\t\t\t\t\t\t\t<iframe border=\"0\" src=\"https:\/\/www.trip.com\/partners\/ad\/S6940663?Allianceid=4590391&#038;SID=275557010&#038;trip_sub1=\" style=\"width:1200px;height:200px\" frameborder=\"0\" scrolling=\"no\" id=\"S6940663\"><\/iframe>\t\t\t\t\t\t\t\t<\/div>\n\t\t\t\t\t<\/div>\n\t\t<\/div>\n\t\t\t\t\t<\/div>\n\t\t<\/section>\n\t\t\t\t<\/div>","protected":false},"excerpt":{"rendered":"<p>Blossom House Shanghai On The Bund: Real Guest Reviews &amp; Unforgettable Experiences from Travelers Who Lived the Luxury Nestled at No. 386 Ren Min Road in Shanghai\u2019s historic Huangpu District, Blossom House Shanghai On The Bund isn\u2019t just a hotel\u2014it\u2019s a destination where travelers consistently report moments of delight, comfort, and awe. With an exceptional [&hellip;]<\/p>\n","protected":false},"author":1,"featured_media":0,"parent":0,"menu_order":0,"comment_status":"closed","ping_status":"closed","template":"","meta":{"footnotes":""},"class_list":["post-2106","page","type-page","status-publish","hentry","post-no-thumbnail"],"_links":{"self":[{"href":"https:\/\/blossomhouseshanghai.com\/fr\/wp-json\/wp\/v2\/pages\/2106","targetHints":{"allow":["GET"]}}],"collection":[{"href":"https:\/\/blossomhouseshanghai.com\/fr\/wp-json\/wp\/v2\/pages"}],"about":[{"href":"https:\/\/blossomhouseshanghai.com\/fr\/wp-json\/wp\/v2\/types\/page"}],"author":[{"embeddable":true,"href":"https:\/\/blossomhouseshanghai.com\/fr\/wp-json\/wp\/v2\/users\/1"}],"replies":[{"embeddable":true,"href":"https:\/\/blossomhouseshanghai.com\/fr\/wp-json\/wp\/v2\/comments?post=2106"}],"version-history":[{"count":0,"href":"https:\/\/blossomhouseshanghai.com\/fr\/wp-json\/wp\/v2\/pages\/2106\/revisions"}],"wp:attachment":[{"href":"https:\/\/blossomhouseshanghai.com\/fr\/wp-json\/wp\/v2\/media?parent=2106"}],"curies":[{"name":"wp","href":"https:\/\/api.w.org\/{rel}","templated":true}]}}