{"id":5266,"date":"2021-07-18T08:03:35","date_gmt":"2021-07-18T08:03:35","guid":{"rendered":"https:\/\/nuss.uxper.co\/luxury-resort\/?page_id=5266"},"modified":"2025-11-18T06:49:50","modified_gmt":"2025-11-18T06:49:50","slug":"a-propos-de-nous","status":"publish","type":"page","link":"https:\/\/blossomhouseshanghai.com\/fr\/a-propos-de-nous\/","title":{"rendered":"\u00c0 propos de nous"},"content":{"rendered":"<div data-elementor-type=\"wp-page\" data-elementor-id=\"5266\" class=\"elementor elementor-5266\">\n\t\t\t\t\t\t<section class=\"elementor-section elementor-top-section elementor-element elementor-element-10416953 elementor-section-boxed elementor-section-gap-beside-yes elementor-section-height-default elementor-section-height-default elementor-section-column-vertical-align-stretch\" data-id=\"10416953\" data-element_type=\"section\" data-e-type=\"section\">\n\t\t\t\t\t\t<div class=\"elementor-container elementor-column-gap-extended\">\n\t\t\t\t\t<div class=\"elementor-column elementor-col-100 elementor-top-column elementor-element elementor-element-29c6aa8\" data-id=\"29c6aa8\" data-element_type=\"column\" data-e-type=\"column\">\n\t\t\t<div class=\"elementor-widget-wrap elementor-element-populated\">\n\t\t\t\t\t\t<div class=\"elementor-element elementor-element-7be18fe7 elementor-widget__width-initial elementor-invisible elementor-widget elementor-widget-text-editor\" data-id=\"7be18fe7\" data-element_type=\"widget\" data-e-type=\"widget\" data-settings=\"{&quot;_animation&quot;:&quot;nussFadeInUp&quot;}\" data-widget_type=\"text-editor.default\">\n\t\t\t\t\t\t\t\t\t<div class=\"svelte-1c06zsf\" data-lang-code=\"\"><p data-spm-anchor-id=\"a2ty_o01.29997173.0.i27.ead2c921ZzvKd1\"><strong>Blossom House Shanghai On The Bund : Votre porte d&#039;entr\u00e9e luxueuse 5 \u00e9toiles au c\u0153ur de Shanghai<\/strong><\/p><\/div>\t\t\t\t\t\t\t\t<\/div>\n\t\t\t\t\t<\/div>\n\t\t<\/div>\n\t\t\t\t\t<\/div>\n\t\t<\/section>\n\t\t\t\t<section class=\"elementor-section elementor-top-section elementor-element elementor-element-7d18327f elementor-section-boxed elementor-section-gap-beside-yes elementor-section-height-default elementor-section-height-default elementor-section-column-vertical-align-stretch\" data-id=\"7d18327f\" data-element_type=\"section\" data-e-type=\"section\">\n\t\t\t\t\t\t<div class=\"elementor-container elementor-column-gap-extended\">\n\t\t\t\t\t<div class=\"elementor-column elementor-col-50 elementor-top-column elementor-element elementor-element-56533670\" data-id=\"56533670\" data-element_type=\"column\" data-e-type=\"column\">\n\t\t\t<div class=\"elementor-widget-wrap elementor-element-populated\">\n\t\t\t\t\t\t<div class=\"elementor-element elementor-element-19c3f543 elementor-drop-cap-yes elementor-drop-cap-view-default elementor-invisible elementor-widget elementor-widget-text-editor\" data-id=\"19c3f543\" data-element_type=\"widget\" data-e-type=\"widget\" data-settings=\"{&quot;_animation&quot;:&quot;nussFadeInUp&quot;,&quot;drop_cap&quot;:&quot;yes&quot;}\" data-widget_type=\"text-editor.default\">\n\t\t\t\t\t\t\t\t\t<p data-spm-anchor-id=\"a2ty_o01.29997173.0.i26.5931c921sKJoD0\">Nich\u00e9 au 386, rue Ren Min, dans le quartier anim\u00e9 de Huangpu \u00e0 Shanghai, le Blossom House Shanghai On The Bund est bien plus qu&#039;un simple h\u00f4tel\u00a0: c&#039;est une exp\u00e9rience immersive o\u00f9 la grandeur historique rencontre le raffinement contemporain. Id\u00e9alement situ\u00e9 sur les quais embl\u00e9matiques du Bund, ce havre de paix 5 \u00e9toiles offre \u00e0 ses h\u00f4tes un acc\u00e8s privil\u00e9gi\u00e9 aux sites les plus c\u00e9l\u00e8bres de Shanghai, du paisible jardin Yu \u00e0 l&#039;effervescente rue Nanjing, en passant par la vue imprenable sur la skyline de Shanghai et le fleuve Huangpu.<\/p>\t\t\t\t\t\t\t\t<\/div>\n\t\t\t\t\t<\/div>\n\t\t<\/div>\n\t\t\t\t<div class=\"elementor-column elementor-col-50 elementor-top-column elementor-element elementor-element-30f14127\" data-id=\"30f14127\" data-element_type=\"column\" data-e-type=\"column\">\n\t\t\t<div class=\"elementor-widget-wrap elementor-element-populated\">\n\t\t\t\t\t\t<div class=\"elementor-element elementor-element-59aea08 elementor-widget elementor-widget-image\" data-id=\"59aea08\" data-element_type=\"widget\" data-e-type=\"widget\" data-widget_type=\"image.default\">\n\t\t\t\t\t\t\t\t\t\t\t\t\t\t\t<img fetchpriority=\"high\" decoding=\"async\" width=\"726\" height=\"853\" src=\"https:\/\/blossomhouseshanghai.com\/wp-content\/uploads\/2025\/11\/Blossom-House-Shanghai-95.webp\" class=\"attachment-large size-large wp-image-7290\" alt=\"\" srcset=\"https:\/\/blossomhouseshanghai.com\/wp-content\/uploads\/2025\/11\/Blossom-House-Shanghai-95.webp 726w, https:\/\/blossomhouseshanghai.com\/wp-content\/uploads\/2025\/11\/Blossom-House-Shanghai-95-255x300.webp 255w, https:\/\/blossomhouseshanghai.com\/wp-content\/uploads\/2025\/11\/Blossom-House-Shanghai-95-10x12.webp 10w\" sizes=\"(max-width: 726px) 100vw, 726px\" \/>\t\t\t\t\t\t\t\t\t\t\t\t\t\t\t<\/div>\n\t\t\t\t\t<\/div>\n\t\t<\/div>\n\t\t\t\t\t<\/div>\n\t\t<\/section>\n\t\t\t\t<section class=\"elementor-section elementor-top-section elementor-element elementor-element-29fb8578 elementor-section-height-min-height elementor-section-stretched elementor-section-full_width elementor-section-items-stretch elementor-section-height-default elementor-section-column-vertical-align-stretch\" data-id=\"29fb8578\" data-element_type=\"section\" data-e-type=\"section\" data-settings=\"{&quot;stretch_section&quot;:&quot;section-stretched&quot;}\">\n\t\t\t\t\t\t<div class=\"elementor-container elementor-column-gap-no\">\n\t\t\t\t\t<div class=\"elementor-column elementor-col-50 elementor-top-column elementor-element elementor-element-40ac270b\" data-id=\"40ac270b\" data-element_type=\"column\" data-e-type=\"column\">\n\t\t\t<div class=\"elementor-widget-wrap elementor-element-populated\">\n\t\t\t\t\t\t<div class=\"elementor-element elementor-element-20872773 elementor-widget__width-initial elementor-widget-mobile__width-inherit elementor-invisible nuss-elementor-loading nuss-slide-in-right elementor-widget elementor-widget-image\" data-id=\"20872773\" data-element_type=\"widget\" data-e-type=\"widget\" data-settings=\"{&quot;_animation&quot;:&quot;nussSlideInRight&quot;}\" data-widget_type=\"image.default\">\n\t\t\t\t\t\t\t\t\t\t\t\t\t\t\t<img decoding=\"async\" width=\"1280\" height=\"800\" src=\"https:\/\/blossomhouseshanghai.com\/wp-content\/uploads\/2025\/11\/Blossom-House-Shanghai-107.webp\" class=\"attachment-full size-full wp-image-7302\" alt=\"\" srcset=\"https:\/\/blossomhouseshanghai.com\/wp-content\/uploads\/2025\/11\/Blossom-House-Shanghai-107.webp 1280w, https:\/\/blossomhouseshanghai.com\/wp-content\/uploads\/2025\/11\/Blossom-House-Shanghai-107-300x188.webp 300w, https:\/\/blossomhouseshanghai.com\/wp-content\/uploads\/2025\/11\/Blossom-House-Shanghai-107-1024x640.webp 1024w, https:\/\/blossomhouseshanghai.com\/wp-content\/uploads\/2025\/11\/Blossom-House-Shanghai-107-768x480.webp 768w, https:\/\/blossomhouseshanghai.com\/wp-content\/uploads\/2025\/11\/Blossom-House-Shanghai-107-18x12.webp 18w\" sizes=\"(max-width: 1280px) 100vw, 1280px\" \/>\t\t\t\t\t\t\t\t\t\t\t\t\t\t\t<\/div>\n\t\t\t\t\t<\/div>\n\t\t<\/div>\n\t\t\t\t<div class=\"elementor-column elementor-col-50 elementor-top-column elementor-element elementor-element-2dac103\" data-id=\"2dac103\" data-element_type=\"column\" data-e-type=\"column\">\n\t\t\t<div class=\"elementor-widget-wrap elementor-element-populated\">\n\t\t\t\t\t\t<div class=\"elementor-element elementor-element-6f1b8966 elementor-invisible elementor-widget elementor-widget-text-editor\" data-id=\"6f1b8966\" data-element_type=\"widget\" data-e-type=\"widget\" data-settings=\"{&quot;_animation&quot;:&quot;nussFadeInUp&quot;}\" data-widget_type=\"text-editor.default\">\n\t\t\t\t\t\t\t\t\t<p data-spm-anchor-id=\"a2ty_o01.29997173.0.i29.5931c921sKJoD0\">Ouvert en 2020, le Blossom House propose 222 chambres et suites m\u00e9ticuleusement con\u00e7ues, alliant confort moderne et \u00e9l\u00e9gance. Que vous optiez pour une chambre familiale fantaisiste sur le th\u00e8me d&#039;Ultraman pour vos petits aventuriers, une chambre Deluxe Terrasse King avec espace ext\u00e9rieur priv\u00e9 pour vous d\u00e9tendre, ou le luxe raffin\u00e9 d&#039;une suite sup\u00e9rieure, chaque s\u00e9jour est pens\u00e9 pour votre confort, votre charme et des souvenirs inoubliables. De nombreuses chambres offrent une vue panoramique imprenable sur l&#039;architecture coloniale du Bund ou sur les lumi\u00e8res scintillantes de la ville \u2013 l&#039;id\u00e9al pour un caf\u00e9 au lever du soleil ou un cocktail en soir\u00e9e.<\/p><div class=\"my-2\">\u00a0<\/div><p>D\u00eener au Blossom House est une exp\u00e9rience culinaire unique. L&#039;h\u00f4tel propose un menu raffin\u00e9 qui c\u00e9l\u00e8bre le riche patrimoine gastronomique de Shanghai, avec un petit-d\u00e9jeuner buffet soigneusement \u00e9labor\u00e9 et des plats pr\u00e9par\u00e9s avec passion, m\u00ealant saveurs locales et influences internationales. Savourez d&#039;authentiques sp\u00e9cialit\u00e9s shanghaiennes ou des plats internationaux, dans une ambiance \u00e0 l&#039;image du dynamisme de la ville.<\/p><div class=\"my-2\">\u00a0<\/div><p>Pour les voyageurs en qu\u00eate d&#039;une exp\u00e9rience enrichissante, Blossom House propose des prestations exceptionnelles. Son service de conciergerie culturelle unique \u00e9labore des itin\u00e9raires personnalis\u00e9s, vous guidant \u00e0 travers des ruelles secr\u00e8tes, des mus\u00e9es d&#039;art comme le Rockbund Art Museum et des lieux culturels incontournables. Gardez la forme dans le centre de remise en forme ultramoderne ou organisez des \u00e9v\u00e9nements m\u00e9morables dans des espaces priv\u00e9s offrant une vue imprenable sur le Bund. Avec une r\u00e9ception ouverte 24h\/24 et 7j\/7, un acc\u00e8s facile au m\u00e9tro (\u00e0 seulement 230 m\u00e8tres de la station Yuyuan Garden) et des formules de petit-d\u00e9jeuner flexibles, incluant des tarifs sp\u00e9ciaux pour les enfants, l&#039;h\u00f4tel s&#039;adresse aussi bien aux familles qu&#039;aux couples, aux voyageurs d&#039;affaires et aux explorateurs solitaires.<\/p>\t\t\t\t\t\t\t\t<\/div>\n\t\t\t\t\t<\/div>\n\t\t<\/div>\n\t\t\t\t\t<\/div>\n\t\t<\/section>\n\t\t\t\t<section class=\"elementor-section elementor-top-section elementor-element elementor-element-65a5305 elementor-section-height-min-height elementor-section-stretched elementor-section-full_width elementor-section-items-stretch elementor-section-height-default elementor-section-column-vertical-align-stretch\" data-id=\"65a5305\" data-element_type=\"section\" data-e-type=\"section\" data-settings=\"{&quot;stretch_section&quot;:&quot;section-stretched&quot;}\">\n\t\t\t\t\t\t<div class=\"elementor-container elementor-column-gap-no\">\n\t\t\t\t\t<div class=\"elementor-column elementor-col-50 elementor-top-column elementor-element elementor-element-ea051eb\" data-id=\"ea051eb\" data-element_type=\"column\" data-e-type=\"column\">\n\t\t\t<div class=\"elementor-widget-wrap elementor-element-populated\">\n\t\t\t\t\t\t<div class=\"elementor-element elementor-element-79570d4 elementor-invisible elementor-widget elementor-widget-text-editor\" data-id=\"79570d4\" data-element_type=\"widget\" data-e-type=\"widget\" data-settings=\"{&quot;_animation&quot;:&quot;nussFadeInUp&quot;}\" data-widget_type=\"text-editor.default\">\n\t\t\t\t\t\t\t\t\t<p data-spm-anchor-id=\"a2ty_o01.29997173.0.i31.5931c921sKJoD0\">Not\u00e9 9,6\/10 par ses clients pour sa propret\u00e9, son emplacement, ses \u00e9quipements et son service, le Blossom House figure parmi les h\u00f4tels de luxe les plus pris\u00e9s de Shanghai. Son emplacement privil\u00e9gi\u00e9 en fait le point de d\u00e9part id\u00e9al pour d\u00e9couvrir l&#039;\u00e2me de la ville\u00a0: fl\u00e2ner sur le Bund illumin\u00e9, faire du shopping sur la c\u00e9l\u00e8bre rue de Nankin ou explorer la beaut\u00e9 classique du jardin Yu, le tout \u00e0 quelques minutes seulement.<\/p><div class=\"my-2\">\u00a0<\/div><p data-spm-anchor-id=\"a2ty_o01.29997173.0.i32.5931c921sKJoD0\">Que vous soyez \u00e0 Shanghai pour un s\u00e9jour romantique, professionnel, culturel ou en famille, le Blossom House Shanghai On The Bund vous promet une exp\u00e9rience exceptionnelle. Chaque d\u00e9tail, de l&#039;accueil chaleureux \u00e0 la vue imprenable sur le fleuve, est pens\u00e9 pour faire de votre aventure shanghaienne un moment inoubliable. R\u00e9servez d\u00e8s aujourd&#039;hui et d\u00e9couvrez pourquoi cet h\u00f4tel est le point de d\u00e9part id\u00e9al pour vivre pleinement la magie de la ville la plus cosmopolite de Chine.<\/p>\t\t\t\t\t\t\t\t<\/div>\n\t\t\t\t\t<\/div>\n\t\t<\/div>\n\t\t\t\t<div class=\"elementor-column elementor-col-50 elementor-top-column elementor-element elementor-element-f203630\" data-id=\"f203630\" data-element_type=\"column\" data-e-type=\"column\">\n\t\t\t<div class=\"elementor-widget-wrap elementor-element-populated\">\n\t\t\t\t\t\t<div class=\"elementor-element elementor-element-5fc237b elementor-widget__width-initial elementor-widget-mobile__width-inherit elementor-invisible nuss-elementor-loading nuss-slide-in-right elementor-widget elementor-widget-image\" data-id=\"5fc237b\" data-element_type=\"widget\" data-e-type=\"widget\" data-settings=\"{&quot;_animation&quot;:&quot;nussSlideInRight&quot;}\" data-widget_type=\"image.default\">\n\t\t\t\t\t\t\t\t\t\t\t\t\t\t\t<img decoding=\"async\" width=\"1280\" height=\"853\" src=\"https:\/\/blossomhouseshanghai.com\/wp-content\/uploads\/2025\/11\/Blossom-House-Shanghai-40.webp\" class=\"attachment-full size-full wp-image-7235\" alt=\"\" srcset=\"https:\/\/blossomhouseshanghai.com\/wp-content\/uploads\/2025\/11\/Blossom-House-Shanghai-40.webp 1280w, https:\/\/blossomhouseshanghai.com\/wp-content\/uploads\/2025\/11\/Blossom-House-Shanghai-40-300x200.webp 300w, https:\/\/blossomhouseshanghai.com\/wp-content\/uploads\/2025\/11\/Blossom-House-Shanghai-40-1024x682.webp 1024w, https:\/\/blossomhouseshanghai.com\/wp-content\/uploads\/2025\/11\/Blossom-House-Shanghai-40-768x512.webp 768w, https:\/\/blossomhouseshanghai.com\/wp-content\/uploads\/2025\/11\/Blossom-House-Shanghai-40-18x12.webp 18w\" sizes=\"(max-width: 1280px) 100vw, 1280px\" \/>\t\t\t\t\t\t\t\t\t\t\t\t\t\t\t<\/div>\n\t\t\t\t\t<\/div>\n\t\t<\/div>\n\t\t\t\t\t<\/div>\n\t\t<\/section>\n\t\t\t\t<section class=\"elementor-section elementor-top-section elementor-element elementor-element-2092b7d0 elementor-section-stretched elementor-section-boxed elementor-section-gap-beside-yes elementor-section-height-default elementor-section-height-default elementor-section-column-vertical-align-stretch\" data-id=\"2092b7d0\" data-element_type=\"section\" data-e-type=\"section\" data-settings=\"{&quot;background_background&quot;:&quot;classic&quot;,&quot;stretch_section&quot;:&quot;section-stretched&quot;}\">\n\t\t\t\t\t\t<div class=\"elementor-container elementor-column-gap-extended\">\n\t\t\t\t\t<div class=\"elementor-column elementor-col-100 elementor-top-column elementor-element elementor-element-be69d75\" data-id=\"be69d75\" data-element_type=\"column\" data-e-type=\"column\">\n\t\t\t<div class=\"elementor-widget-wrap elementor-element-populated\">\n\t\t\t\t\t\t<div class=\"elementor-element elementor-element-320c022 elementor-widget elementor-widget-nuss-heading\" data-id=\"320c022\" data-element_type=\"widget\" data-e-type=\"widget\" data-widget_type=\"nuss-heading.default\">\n\t\t\t\t<div class=\"elementor-widget-container\">\n\t\t\t\t\t\t\t<div class=\"nuss-modern-heading\">\r\n\t\t\t\t\t\t<div class=\"heading-secondary-wrap\">\r\n\t\t\t\t<h3 class=\"heading-secondary elementor-heading-title\">Ch\u00e8que disponible <\/h3>\t\t\t<\/div>\r\n\t\t\r\n\t\t\t\r\n\t\t\t\r\n\t\t\t\t\t<\/div>\r\n\t\t\t\t\t<\/div>\n\t\t\t\t<\/div>\n\t\t\t\t<div class=\"elementor-element elementor-element-fe69a93 elementor-widget elementor-widget-text-editor\" data-id=\"fe69a93\" data-element_type=\"widget\" data-e-type=\"widget\" data-widget_type=\"text-editor.default\">\n\t\t\t\t\t\t\t\t\t<iframe border=\"0\" src=\"https:\/\/www.trip.com\/partners\/ad\/S6940663?Allianceid=4590391&#038;SID=275557010&#038;trip_sub1=\" style=\"width:1200px;height:200px\" frameborder=\"0\" scrolling=\"no\" id=\"S6940663\"><\/iframe>\t\t\t\t\t\t\t\t<\/div>\n\t\t\t\t\t<\/div>\n\t\t<\/div>\n\t\t\t\t\t<\/div>\n\t\t<\/section>\n\t\t\t\t<\/div>","protected":false},"excerpt":{"rendered":"<p>Blossom House Shanghai On The Bund: Your Ultimate 5-Star Luxury Gateway to the Heart of Shanghai Nestled at the prestigious address of No. 386 Ren Min Road in Shanghai\u2019s vibrant Huangpu District, Blossom House Shanghai On The Bund is more than just a hotel\u2014it\u2019s an immersive experience where historic grandeur meets contemporary sophistication. Perfectly positioned [&hellip;]<\/p>\n","protected":false},"author":1,"featured_media":0,"parent":0,"menu_order":0,"comment_status":"closed","ping_status":"closed","template":"","meta":{"footnotes":""},"class_list":["post-5266","page","type-page","status-publish","hentry","post-no-thumbnail"],"_links":{"self":[{"href":"https:\/\/blossomhouseshanghai.com\/fr\/wp-json\/wp\/v2\/pages\/5266","targetHints":{"allow":["GET"]}}],"collection":[{"href":"https:\/\/blossomhouseshanghai.com\/fr\/wp-json\/wp\/v2\/pages"}],"about":[{"href":"https:\/\/blossomhouseshanghai.com\/fr\/wp-json\/wp\/v2\/types\/page"}],"author":[{"embeddable":true,"href":"https:\/\/blossomhouseshanghai.com\/fr\/wp-json\/wp\/v2\/users\/1"}],"replies":[{"embeddable":true,"href":"https:\/\/blossomhouseshanghai.com\/fr\/wp-json\/wp\/v2\/comments?post=5266"}],"version-history":[{"count":0,"href":"https:\/\/blossomhouseshanghai.com\/fr\/wp-json\/wp\/v2\/pages\/5266\/revisions"}],"wp:attachment":[{"href":"https:\/\/blossomhouseshanghai.com\/fr\/wp-json\/wp\/v2\/media?parent=5266"}],"curies":[{"name":"wp","href":"https:\/\/api.w.org\/{rel}","templated":true}]}}