{"id":612,"date":"2021-03-26T10:04:13","date_gmt":"2021-03-26T10:04:13","guid":{"rendered":"http:\/\/localhost\/nuss\/?page_id=612"},"modified":"2025-11-18T08:54:11","modified_gmt":"2025-11-18T08:54:11","slug":"restaurant","status":"publish","type":"page","link":"https:\/\/blossomhouseshanghai.com\/fr\/restaurant\/","title":{"rendered":"Restaurant"},"content":{"rendered":"<div data-elementor-type=\"wp-page\" data-elementor-id=\"612\" class=\"elementor elementor-612\">\n\t\t\t\t\t\t<section class=\"elementor-section elementor-top-section elementor-element elementor-element-e2effe8 elementor-section-boxed elementor-section-gap-beside-yes elementor-section-height-default elementor-section-height-default elementor-section-column-vertical-align-stretch\" data-id=\"e2effe8\" data-element_type=\"section\" data-e-type=\"section\">\n\t\t\t\t\t\t<div class=\"elementor-container elementor-column-gap-extended\">\n\t\t\t\t\t<div class=\"elementor-column elementor-col-100 elementor-top-column elementor-element elementor-element-e18f688\" data-id=\"e18f688\" data-element_type=\"column\" data-e-type=\"column\">\n\t\t\t<div class=\"elementor-widget-wrap elementor-element-populated\">\n\t\t\t\t\t\t<div class=\"elementor-element elementor-element-6db146d elementor-widget__width-initial elementor-invisible elementor-widget elementor-widget-text-editor\" data-id=\"6db146d\" data-element_type=\"widget\" data-e-type=\"widget\" data-settings=\"{&quot;_animation&quot;:&quot;nussFadeInUp&quot;}\" data-widget_type=\"text-editor.default\">\n\t\t\t\t\t\t\t\t\t<div class=\"svelte-1c06zsf\" data-lang-code=\"\"><p><strong data-spm-anchor-id=\"a2ty_o01.29997173.0.i71.5931c921sKJoD0\">Restaurant Blossom House Shanghai On The Bund : Quand l&#039;\u00e2me culinaire de Shanghai rencontre l&#039;\u00e9l\u00e9gance artisanale<\/strong><\/p><\/div>\t\t\t\t\t\t\t\t<\/div>\n\t\t\t\t\t<\/div>\n\t\t<\/div>\n\t\t\t\t\t<\/div>\n\t\t<\/section>\n\t\t<div class=\"elementor-element elementor-element-764955e e-flex e-con-boxed e-con e-parent\" data-id=\"764955e\" data-element_type=\"container\" data-e-type=\"container\">\n\t\t\t\t\t<div class=\"e-con-inner\">\n\t\t<div class=\"elementor-element elementor-element-3a71d84 e-con-full e-flex e-con e-child\" data-id=\"3a71d84\" data-element_type=\"container\" data-e-type=\"container\">\n\t\t\t\t<div class=\"elementor-element elementor-element-81a00fb elementor-widget elementor-widget-text-editor\" data-id=\"81a00fb\" data-element_type=\"widget\" data-e-type=\"widget\" data-widget_type=\"text-editor.default\">\n\t\t\t\t\t\t\t\t\t<p data-spm-anchor-id=\"a2ty_o01.29997173.0.i73.5931c921sKJoD0\">Nich\u00e9 au bord des eaux scintillantes du fleuve Huangpu, au num\u00e9ro 386 de la rue Ren Min, dans le quartier historique de Huangpu \u00e0 Shanghai, le <strong>Restaurant Blossom House Shanghai sur le Bund<\/strong> Bien plus qu&#039;un simple repas, notre restaurant vous propose un v\u00e9ritable voyage sensoriel au c\u0153ur de l&#039;une des capitales gastronomiques les plus dynamiques au monde. Int\u00e9gr\u00e9 \u00e0 un h\u00f4tel 5 \u00e9toiles de luxe renomm\u00e9, il offre une exp\u00e9rience culinaire con\u00e7ue pour les voyageurs en qu\u00eate d&#039;authenticit\u00e9, de cr\u00e9ativit\u00e9 et d&#039;ambiance, \u00e0 deux pas de l&#039;embl\u00e9matique promenade du Bund.<\/p><div class=\"my-2\">\u00a0<\/div><p>D\u00e8s votre arriv\u00e9e dans notre espace \u00e9l\u00e9gamment con\u00e7u, vous \u00eates invit\u00e9s \u00e0 savourer l&#039;essence m\u00eame de Shanghai\u00a0: ses saveurs, mais aussi son histoire, son \u00e9nergie et son esprit. Notre restaurant n&#039;est pas un simple lieu o\u00f9 d\u00eener\u00a0; c&#039;est une c\u00e9l\u00e9bration du patrimoine local r\u00e9invent\u00e9 gr\u00e2ce \u00e0 des techniques contemporaines, o\u00f9 chaque plat raconte une histoire de la riche \u00e9volution gastronomique de la ville.<\/p>\t\t\t\t\t\t\t\t<\/div>\n\t\t\t\t<\/div>\n\t\t<div class=\"elementor-element elementor-element-bb76a06 e-con-full e-flex e-con e-child\" data-id=\"bb76a06\" data-element_type=\"container\" data-e-type=\"container\">\n\t\t\t\t<div class=\"elementor-element elementor-element-636ac5f elementor-widget elementor-widget-image\" data-id=\"636ac5f\" data-element_type=\"widget\" data-e-type=\"widget\" data-widget_type=\"image.default\">\n\t\t\t\t\t\t\t\t\t\t\t\t\t\t\t<img fetchpriority=\"high\" decoding=\"async\" width=\"533\" height=\"853\" src=\"https:\/\/blossomhouseshanghai.com\/wp-content\/uploads\/2025\/11\/Blossom-House-Shanghai-106.webp\" class=\"attachment-large size-large wp-image-7301\" alt=\"\" srcset=\"https:\/\/blossomhouseshanghai.com\/wp-content\/uploads\/2025\/11\/Blossom-House-Shanghai-106.webp 533w, https:\/\/blossomhouseshanghai.com\/wp-content\/uploads\/2025\/11\/Blossom-House-Shanghai-106-187x300.webp 187w, https:\/\/blossomhouseshanghai.com\/wp-content\/uploads\/2025\/11\/Blossom-House-Shanghai-106-7x12.webp 7w\" sizes=\"(max-width: 533px) 100vw, 533px\" \/>\t\t\t\t\t\t\t\t\t\t\t\t\t\t\t<\/div>\n\t\t\t\t<\/div>\n\t\t\t\t\t<\/div>\n\t\t\t\t<\/div>\n\t\t<div class=\"elementor-element elementor-element-e5626a7 e-flex e-con-boxed e-con e-parent\" data-id=\"e5626a7\" data-element_type=\"container\" data-e-type=\"container\">\n\t\t\t\t\t<div class=\"e-con-inner\">\n\t\t\t\t<div class=\"elementor-element elementor-element-4ac24e6 elementor-widget elementor-widget-nuss-image-gallery\" data-id=\"4ac24e6\" data-element_type=\"widget\" data-e-type=\"widget\" data-widget_type=\"nuss-image-gallery.default\">\n\t\t\t\t<div class=\"elementor-widget-container\">\n\t\t\t\t\t\t\t<div class=\"nuss-grid-wrapper\" data-grid=\"{&quot;type&quot;:&quot;grid&quot;,&quot;ratio&quot;:null,&quot;columns&quot;:3,&quot;gutter&quot;:30}\">\r\n\t\t\t<div class=\"nuss-grid lazy-grid\">\r\n\t\t\t\t<div class=\"grid-sizer\"><\/div>\r\n\r\n\t\t\t\t\t\t\t\t\t\t\t\t<div class=\"grid-item\">\r\n\t\t\t\t\t\t<div class=\"nuss-box\">\t\t<div class=\"nuss-image image\">\r\n\t\t\t<img decoding=\"async\"  src=\"https:\/\/blossomhouseshanghai.com\/wp-content\/uploads\/2025\/11\/Blossom-House-Shanghai-100.webp\" alt=\"Blossom House Shanghai (100)\" \/>\t\t<\/div>\r\n\t\t\t\t<\/div>\t\t\t\t\t<\/div>\r\n\t\t\t\t\t\t<div class=\"grid-item\">\r\n\t\t\t\t\t\t<div class=\"nuss-box\">\t\t<div class=\"nuss-image image\">\r\n\t\t\t<img decoding=\"async\"  src=\"https:\/\/blossomhouseshanghai.com\/wp-content\/uploads\/2025\/11\/Blossom-House-Shanghai-110.webp\" alt=\"Blossom House Shanghai (110)\" \/>\t\t<\/div>\r\n\t\t\t\t<\/div>\t\t\t\t\t<\/div>\r\n\t\t\t\t\t\t<div class=\"grid-item\">\r\n\t\t\t\t\t\t<div class=\"nuss-box\">\t\t<div class=\"nuss-image image\">\r\n\t\t\t<img decoding=\"async\"  src=\"https:\/\/blossomhouseshanghai.com\/wp-content\/uploads\/2025\/11\/Blossom-House-Shanghai-82.webp\" alt=\"Blossom House Shanghai (82)\" \/>\t\t<\/div>\r\n\t\t\t\t<\/div>\t\t\t\t\t<\/div>\r\n\t\t\t\t\t\t<div class=\"grid-item\">\r\n\t\t\t\t\t\t<div class=\"nuss-box\">\t\t<div class=\"nuss-image image\">\r\n\t\t\t<img decoding=\"async\"  src=\"https:\/\/blossomhouseshanghai.com\/wp-content\/uploads\/2025\/11\/Blossom-House-Shanghai-83.webp\" alt=\"Blossom House Shanghai (83)\" \/>\t\t<\/div>\r\n\t\t\t\t<\/div>\t\t\t\t\t<\/div>\r\n\t\t\t\t\t\t<div class=\"grid-item\">\r\n\t\t\t\t\t\t<div class=\"nuss-box\">\t\t<div class=\"nuss-image image\">\r\n\t\t\t<img decoding=\"async\"  src=\"https:\/\/blossomhouseshanghai.com\/wp-content\/uploads\/2025\/11\/Blossom-House-Shanghai-88.webp\" alt=\"Blossom House Shanghai (88)\" \/>\t\t<\/div>\r\n\t\t\t\t<\/div>\t\t\t\t\t<\/div>\r\n\t\t\t\t\t\t<div class=\"grid-item\">\r\n\t\t\t\t\t\t<div class=\"nuss-box\">\t\t<div class=\"nuss-image image\">\r\n\t\t\t<img decoding=\"async\"  src=\"https:\/\/blossomhouseshanghai.com\/wp-content\/uploads\/2025\/11\/Blossom-House-Shanghai-90.webp\" alt=\"Blossom House Shanghai (90)\" \/>\t\t<\/div>\r\n\t\t\t\t<\/div>\t\t\t\t\t<\/div>\r\n\t\t\t\t\t\t<div class=\"grid-item\">\r\n\t\t\t\t\t\t<div class=\"nuss-box\">\t\t<div class=\"nuss-image image\">\r\n\t\t\t<img decoding=\"async\"  src=\"https:\/\/blossomhouseshanghai.com\/wp-content\/uploads\/2025\/11\/Blossom-House-Shanghai-77.webp\" alt=\"Blossom House Shanghai (77)\" \/>\t\t<\/div>\r\n\t\t\t\t<\/div>\t\t\t\t\t<\/div>\r\n\t\t\t\t\t\t<div class=\"grid-item\">\r\n\t\t\t\t\t\t<div class=\"nuss-box\">\t\t<div class=\"nuss-image image\">\r\n\t\t\t<img decoding=\"async\"  src=\"https:\/\/blossomhouseshanghai.com\/wp-content\/uploads\/2025\/11\/Blossom-House-Shanghai-76.webp\" alt=\"Blossom House Shanghai (76)\" \/>\t\t<\/div>\r\n\t\t\t\t<\/div>\t\t\t\t\t<\/div>\r\n\t\t\t\t\t\t<div class=\"grid-item\">\r\n\t\t\t\t\t\t<div class=\"nuss-box\">\t\t<div class=\"nuss-image image\">\r\n\t\t\t<img decoding=\"async\"  src=\"https:\/\/blossomhouseshanghai.com\/wp-content\/uploads\/2025\/11\/Blossom-House-Shanghai-60.webp\" alt=\"Blossom House Shanghai (60)\" \/>\t\t<\/div>\r\n\t\t\t\t<\/div>\t\t\t\t\t<\/div>\r\n\t\t\t\t\t\t<div class=\"grid-item\">\r\n\t\t\t\t\t\t<div class=\"nuss-box\">\t\t<div class=\"nuss-image image\">\r\n\t\t\t<img decoding=\"async\"  src=\"https:\/\/blossomhouseshanghai.com\/wp-content\/uploads\/2025\/11\/Blossom-House-Shanghai-49.webp\" alt=\"Blossom House Shanghai (49)\" \/>\t\t<\/div>\r\n\t\t\t\t<\/div>\t\t\t\t\t<\/div>\r\n\t\t\t\t\t\t<div class=\"grid-item\">\r\n\t\t\t\t\t\t<div class=\"nuss-box\">\t\t<div class=\"nuss-image image\">\r\n\t\t\t<img decoding=\"async\"  src=\"https:\/\/blossomhouseshanghai.com\/wp-content\/uploads\/2025\/11\/Blossom-House-Shanghai-69.webp\" alt=\"Blossom House Shanghai (69)\" \/>\t\t<\/div>\r\n\t\t\t\t<\/div>\t\t\t\t\t<\/div>\r\n\t\t\t\t\t\t<div class=\"grid-item\">\r\n\t\t\t\t\t\t<div class=\"nuss-box\">\t\t<div class=\"nuss-image image\">\r\n\t\t\t<img decoding=\"async\"  src=\"https:\/\/blossomhouseshanghai.com\/wp-content\/uploads\/2025\/11\/Blossom-House-Shanghai-68.webp\" alt=\"Blossom House Shanghai (68)\" \/>\t\t<\/div>\r\n\t\t\t\t<\/div>\t\t\t\t\t<\/div>\r\n\t\t\t\t\t\t<div class=\"grid-item\">\r\n\t\t\t\t\t\t<div class=\"nuss-box\">\t\t<div class=\"nuss-image image\">\r\n\t\t\t<img decoding=\"async\"  src=\"https:\/\/blossomhouseshanghai.com\/wp-content\/uploads\/2025\/11\/Blossom-House-Shanghai-59.webp\" alt=\"Blossom House Shanghai (59)\" \/>\t\t<\/div>\r\n\t\t\t\t<\/div>\t\t\t\t\t<\/div>\r\n\t\t\t\t\t\t<div class=\"grid-item\">\r\n\t\t\t\t\t\t<div class=\"nuss-box\">\t\t<div class=\"nuss-image image\">\r\n\t\t\t<img decoding=\"async\"  src=\"https:\/\/blossomhouseshanghai.com\/wp-content\/uploads\/2025\/11\/Blossom-House-Shanghai-67.webp\" alt=\"Blossom House Shanghai (67)\" \/>\t\t<\/div>\r\n\t\t\t\t<\/div>\t\t\t\t\t<\/div>\r\n\t\t\t\t\t\t<div class=\"grid-item\">\r\n\t\t\t\t\t\t<div class=\"nuss-box\">\t\t<div class=\"nuss-image image\">\r\n\t\t\t<img decoding=\"async\"  src=\"https:\/\/blossomhouseshanghai.com\/wp-content\/uploads\/2025\/11\/Blossom-House-Shanghai-44.webp\" alt=\"Blossom House Shanghai (44)\" \/>\t\t<\/div>\r\n\t\t\t\t<\/div>\t\t\t\t\t<\/div>\r\n\t\t\t\t\t\t\t\r\n\t\t\t<\/div>\r\n\t\t<\/div>\r\n\t\t\t\t\t\t<\/div>\n\t\t\t\t<\/div>\n\t\t\t\t\t<\/div>\n\t\t\t\t<\/div>\n\t\t<div class=\"elementor-element elementor-element-d05381b e-flex e-con-boxed e-con e-parent\" data-id=\"d05381b\" data-element_type=\"container\" data-e-type=\"container\">\n\t\t\t\t\t<div class=\"e-con-inner\">\n\t\t\t\t<div class=\"elementor-element elementor-element-53bd849 elementor-widget elementor-widget-text-editor\" data-id=\"53bd849\" data-element_type=\"widget\" data-e-type=\"widget\" data-widget_type=\"text-editor.default\">\n\t\t\t\t\t\t\t\t\t<h3 data-spm-anchor-id=\"a2ty_o01.29997173.0.i74.5931c921sKJoD0\">Une exp\u00e9rience petit-d\u00e9jeuner d&#039;exception\u00a0: Commencez votre journ\u00e9e avec Shanghai en bouche<\/h3><p>Commencez votre exploration de Shanghai avec notre <strong>buffet de petit-d\u00e9jeuner artisanal<\/strong>, Un d\u00e9licieux assortiment de saveurs locales et internationales vous promet une journ\u00e9e inoubliable. Que vous ayez envie de la vapeur d\u00e9licate des xiaolongbao fra\u00eechement pr\u00e9par\u00e9s, de la chaleur r\u00e9confortante du lait de soja et des youtiao, ou des saveurs du monde entier avec nos p\u00e2tisseries continentales et nos jus de fruits frais, notre petit-d\u00e9jeuner saura satisfaire toutes les envies.<\/p><div class=\"my-2\">\u00a0<\/div><p>Les clients sont unanimes\u00a0: la pr\u00e9sentation soign\u00e9e et la qualit\u00e9 sont au rendez-vous. \u201c\u00a0Le petit-d\u00e9jeuner \u00e9tait incroyable\u00a0! Un choix incroyable et des produits d\u2019une fra\u00eecheur irr\u00e9prochable\u00a0\u201d, confie une gastronome fran\u00e7aise. \u201c\u00a0J\u2019ai particuli\u00e8rement appr\u00e9ci\u00e9 les sp\u00e9cialit\u00e9s locales comme les xiaolongbao et le lait de soja. C\u2019\u00e9tait un v\u00e9ritable voyage culinaire \u00e0 travers Shanghai.\u00a0\u201d<\/p><div class=\"my-2\">\u00a0<\/div><p>Les horaires du petit-d\u00e9jeuner sont adapt\u00e9s \u00e0 vos disponibilit\u00e9s\u00a0:<\/p><ul dir=\"auto\"><li><strong>Du lundi au vendredi<\/strong>: 07:00\u201310:00<\/li><li><strong>Samedi et dimanche<\/strong>: 07:00\u201310:30<\/li><\/ul><div class=\"my-2\">\u00a0<\/div><p>Les prix sont adapt\u00e9s aux familles\u00a0:<\/p><ul dir=\"auto\"><li>Enfants de moins de 1,20 m : gratuit<\/li><li>Enfants de 1,2 \u00e0 1,4 m : 79 CNY<\/li><li>Adultes et enfants de plus de 1,4 m : 138 CNY<\/li><\/ul><div class=\"my-2\">\u00a0<\/div><p>Que vous souhaitiez faire le plein d&#039;\u00e9nergie avant une journ\u00e9e de visites ou savourer une matin\u00e9e tranquille avec vue sur le Bund, notre petit-d\u00e9jeuner est con\u00e7u pour vous ravir.<\/p><div class=\"my-2\">\u00a0<\/div><h3>D\u00eener avec vue : Savourez Shanghai sous les \u00e9toiles<\/h3><p>Au cr\u00e9puscule, lorsque l&#039;architecture coloniale du Bund se pare de mille feux sur le ciel nocturne, notre restaurant se m\u00e9tamorphose en un havre de paix intime pour un d\u00eener raffin\u00e9. Vous y d\u00e9couvrirez des menus soigneusement \u00e9labor\u00e9s par nos chefs, m\u00ealant recettes shanghaiennes traditionnelles et touches de modernit\u00e9. Imaginez une poitrine de porc brais\u00e9e d&#039;une tendret\u00e9 incomparable, des crevettes de rivi\u00e8re saut\u00e9es d&#039;une fra\u00eecheur incomparable et des plats signatures qui refl\u00e8tent le m\u00e9tissage culturel de la ville.<\/p><div class=\"my-2\">\u00a0<\/div><p>\u201c Le d\u00eener \u00e9tait m\u00e9morable\u00a0: le chef est venu nous pr\u00e9senter le menu \u201d, a confi\u00e9 un couple italien. \u201c\u00a0La poitrine de porc brais\u00e9e \u00e9tait un vrai d\u00e9lice, fondante en bouche. La vue imprenable sur le Bund a ajout\u00e9 \u00e0 la magie du moment.\u00a0\u201d<\/p><div class=\"my-2\">\u00a0<\/div><p>Notre cuisine ouverte permet aux convives d&#039;admirer le savoir-faire qui se cache derri\u00e8re chaque plat, tandis que notre personnel attentif veille \u00e0 ce que chaque d\u00e9tail, des accords mets et vins aux pr\u00e9f\u00e9rences alimentaires, soit pris en compte avec le plus grand soin. Pour une occasion vraiment sp\u00e9ciale, des espaces de restauration priv\u00e9s sont disponibles, offrant des menus personnalis\u00e9s et une vue imprenable sur les berges de la rivi\u00e8re.<\/p><div class=\"my-2\">\u00a0<\/div><h3>Restauration th\u00e9matique et liens culturels<\/h3><p>Chez Blossom House, nous pensons que l&#039;exp\u00e9rience culinaire doit \u00eatre immersive. C&#039;est pourquoi notre restaurant va au-del\u00e0 de l&#039;assiette pour vous offrir des moments uniques qui vous connectent \u00e0 la culture shanghaienne. Gr\u00e2ce \u00e0 notre approche unique, <strong>Service de conciergerie culturelle<\/strong>, Nous pouvons organiser des d\u00eeners \u00e0 th\u00e8me mettant en vedette des sp\u00e9cialit\u00e9s r\u00e9gionales, des d\u00e9monstrations culinaires, ou m\u00eame des d\u00e9gustations comment\u00e9es de th\u00e9s et de spiritueux locaux.<\/p><div class=\"my-2\">\u00a0<\/div><p>Les familles appr\u00e9cieront notre approche \u00e0 la fois ludique et raffin\u00e9e des repas adapt\u00e9s aux enfants, surtout lorsqu&#039;elle est associ\u00e9e \u00e0 nos plats populaires <strong>Chambre familiale sur le th\u00e8me d&#039;Ultraman<\/strong>\u2014 Id\u00e9al pour cr\u00e9er des souvenirs imp\u00e9rissables apr\u00e8s une journ\u00e9e d&#039;aventure.<\/p><div class=\"my-2\">\u00a0<\/div><h3>Pourquoi choisir notre restaurant ?<\/h3><ul dir=\"auto\"><li><strong>Saveurs locales authentiques<\/strong>Nous privil\u00e9gions les ingr\u00e9dients locaux autant que possible, afin de garantir leur fra\u00eecheur et de soutenir les producteurs r\u00e9gionaux.<\/li><li><strong>Savoir-faire artisanal<\/strong>Chaque plat est pr\u00e9par\u00e9 avec pr\u00e9cision, passion et respect de la tradition.<\/li><li><strong>Emplacement imbattable<\/strong>D\u00eenez en profitant d&#039;une vue panoramique sur le Bund, le jardin Yu et les gratte-ciel de Pudong\u00a0; inutile de quitter l&#039;h\u00f4tel pour admirer les panoramas les plus embl\u00e9matiques de Shanghai.<\/li><li><strong>Service personnalis\u00e9<\/strong>Des boissons de bienvenue aux recommandations personnalis\u00e9es, notre \u00e9quipe anticipe vos besoins et d\u00e9passe vos attentes.<\/li><li><strong>Options de restauration flexibles<\/strong>Que vous souhaitiez prendre un repas rapide avant une r\u00e9union ou savourer un festin \u00e0 plusieurs plats, nous nous adaptons \u00e0 votre emploi du temps et \u00e0 vos envies.<\/li><\/ul><div class=\"my-2\">\u00a0<\/div><h3>Plus qu&#039;un repas, c&#039;est un souvenir<\/h3><p>Nos clients consid\u00e8rent r\u00e9guli\u00e8rement notre restaurant comme un point fort de leur s\u00e9jour. \u201c Go\u00fbtez \u00e0 l&#039;\u00e2me de Shanghai au Blossom House \u201d, \u00e9crit un utilisateur de Trip.com. \u201c Notre cuisine raffin\u00e9e allie saveurs locales et influences internationales, avec un buffet de petit-d\u00e9jeuner soigneusement \u00e9labor\u00e9 et des repas m\u00e9morables. Savourez un repas dans un cadre \u00e9l\u00e9gant et confortable, o\u00f9 chaque plat raconte une histoire du riche patrimoine culinaire de la ville, sublimant ainsi votre escapade de luxe sur le Bund. \u201d<\/p><div class=\"my-2\">\u00a0<\/div><p>Pour les voyageurs d&#039;affaires, les couples, les familles ou les explorateurs solitaires, notre restaurant offre bien plus qu&#039;un simple repas\u00a0: il cr\u00e9e du lien. Un lien avec la ville, son histoire et ses habitants.<\/p><div class=\"my-2\">\u00a0<\/div><div class=\"py-2 my-3\"><hr \/><\/div><div class=\"my-2\">\u00a0<\/div><p><strong>Planifiez votre aventure culinaire d\u00e8s aujourd&#039;hui<\/strong><\/p><div class=\"my-2\">\u00a0<\/div><p data-spm-anchor-id=\"a2ty_o01.29997173.0.i75.5931c921sKJoD0\">Envie de go\u00fbter \u00e0 l&#039;\u00e2me de Shanghai\u00a0? R\u00e9servez votre table au restaurant Blossom House Shanghai On The Bund et laissez-nous vous guider \u00e0 travers un repas aussi inoubliable que la ville elle-m\u00eame.<\/p>\t\t\t\t\t\t\t\t<\/div>\n\t\t\t\t\t<\/div>\n\t\t\t\t<\/div>\n\t\t\t\t<section class=\"elementor-section elementor-top-section elementor-element elementor-element-512ebc18 elementor-section-stretched elementor-section-boxed elementor-section-gap-beside-yes elementor-section-height-default elementor-section-height-default elementor-section-column-vertical-align-stretch\" data-id=\"512ebc18\" data-element_type=\"section\" data-e-type=\"section\" data-settings=\"{&quot;background_background&quot;:&quot;classic&quot;,&quot;stretch_section&quot;:&quot;section-stretched&quot;}\">\n\t\t\t\t\t\t<div class=\"elementor-container elementor-column-gap-extended\">\n\t\t\t\t\t<div class=\"elementor-column elementor-col-100 elementor-top-column elementor-element elementor-element-5ac4eaa5\" data-id=\"5ac4eaa5\" data-element_type=\"column\" data-e-type=\"column\">\n\t\t\t<div class=\"elementor-widget-wrap elementor-element-populated\">\n\t\t\t\t\t\t<div class=\"elementor-element elementor-element-b298fad elementor-widget elementor-widget-nuss-heading\" data-id=\"b298fad\" data-element_type=\"widget\" data-e-type=\"widget\" data-widget_type=\"nuss-heading.default\">\n\t\t\t\t<div class=\"elementor-widget-container\">\n\t\t\t\t\t\t\t<div class=\"nuss-modern-heading\">\r\n\t\t\t\t\t\t<div class=\"heading-secondary-wrap\">\r\n\t\t\t\t<h3 class=\"heading-secondary elementor-heading-title\">Ch\u00e8que disponible <\/h3>\t\t\t<\/div>\r\n\t\t\r\n\t\t\t\r\n\t\t\t\r\n\t\t\t\t\t<\/div>\r\n\t\t\t\t\t<\/div>\n\t\t\t\t<\/div>\n\t\t\t\t<div class=\"elementor-element elementor-element-56c843eb elementor-widget elementor-widget-text-editor\" data-id=\"56c843eb\" data-element_type=\"widget\" data-e-type=\"widget\" data-widget_type=\"text-editor.default\">\n\t\t\t\t\t\t\t\t\t<iframe border=\"0\" src=\"https:\/\/www.trip.com\/partners\/ad\/S6940663?Allianceid=4590391&#038;SID=275557010&#038;trip_sub1=\" style=\"width:1200px;height:200px\" frameborder=\"0\" scrolling=\"no\" id=\"S6940663\"><\/iframe>\t\t\t\t\t\t\t\t<\/div>\n\t\t\t\t\t<\/div>\n\t\t<\/div>\n\t\t\t\t\t<\/div>\n\t\t<\/section>\n\t\t\t\t<\/div>","protected":false},"excerpt":{"rendered":"<p>Blossom House Shanghai On The Bund Restaurant: Where Shanghai\u2019s Culinary Soul Meets Artisanal Elegance Nestled along the shimmering waters of the Huangpu River at No. 386 Ren Min Road in Shanghai\u2019s historic Huangpu District, the Blossom House Shanghai On The Bund Restaurant offers more than just a meal\u2014it delivers a sensory journey through the heart [&hellip;]<\/p>\n","protected":false},"author":1,"featured_media":0,"parent":0,"menu_order":0,"comment_status":"closed","ping_status":"closed","template":"","meta":{"footnotes":""},"class_list":["post-612","page","type-page","status-publish","hentry","post-no-thumbnail"],"_links":{"self":[{"href":"https:\/\/blossomhouseshanghai.com\/fr\/wp-json\/wp\/v2\/pages\/612","targetHints":{"allow":["GET"]}}],"collection":[{"href":"https:\/\/blossomhouseshanghai.com\/fr\/wp-json\/wp\/v2\/pages"}],"about":[{"href":"https:\/\/blossomhouseshanghai.com\/fr\/wp-json\/wp\/v2\/types\/page"}],"author":[{"embeddable":true,"href":"https:\/\/blossomhouseshanghai.com\/fr\/wp-json\/wp\/v2\/users\/1"}],"replies":[{"embeddable":true,"href":"https:\/\/blossomhouseshanghai.com\/fr\/wp-json\/wp\/v2\/comments?post=612"}],"version-history":[{"count":0,"href":"https:\/\/blossomhouseshanghai.com\/fr\/wp-json\/wp\/v2\/pages\/612\/revisions"}],"wp:attachment":[{"href":"https:\/\/blossomhouseshanghai.com\/fr\/wp-json\/wp\/v2\/media?parent=612"}],"curies":[{"name":"wp","href":"https:\/\/api.w.org\/{rel}","templated":true}]}}