{"id":647,"date":"2021-03-29T02:13:52","date_gmt":"2021-03-29T02:13:52","guid":{"rendered":"http:\/\/localhost\/nuss\/?page_id=647"},"modified":"2025-11-18T08:57:33","modified_gmt":"2025-11-18T08:57:33","slug":"services","status":"publish","type":"page","link":"https:\/\/blossomhouseshanghai.com\/fr\/services\/","title":{"rendered":"Services"},"content":{"rendered":"<div data-elementor-type=\"wp-page\" data-elementor-id=\"647\" class=\"elementor elementor-647\">\n\t\t\t\t\t\t<section class=\"elementor-section elementor-top-section elementor-element elementor-element-3353bc8 elementor-section-boxed elementor-section-gap-beside-yes elementor-section-height-default elementor-section-height-default elementor-section-column-vertical-align-stretch\" data-id=\"3353bc8\" data-element_type=\"section\" data-e-type=\"section\">\n\t\t\t\t\t\t<div class=\"elementor-container elementor-column-gap-extended\">\n\t\t\t\t\t<div class=\"elementor-column elementor-col-100 elementor-top-column elementor-element elementor-element-0a2bc64\" data-id=\"0a2bc64\" data-element_type=\"column\" data-e-type=\"column\">\n\t\t\t<div class=\"elementor-widget-wrap elementor-element-populated\">\n\t\t\t\t\t\t<div class=\"elementor-element elementor-element-447e3ef elementor-widget__width-initial elementor-invisible elementor-widget elementor-widget-text-editor\" data-id=\"447e3ef\" data-element_type=\"widget\" data-e-type=\"widget\" data-settings=\"{&quot;_animation&quot;:&quot;nussFadeInUp&quot;}\" data-widget_type=\"text-editor.default\">\n\t\t\t\t\t\t\t\t\t<div class=\"svelte-1c06zsf\" data-lang-code=\"\"><p><strong data-spm-anchor-id=\"a2ty_o01.29997173.0.i80.5931c921sKJoD0\">Blossom House Shanghai sur le Bund : l\u00e0 o\u00f9 un service sur mesure rencontre l&#039;\u00e2me de Shanghai<\/strong><\/p><\/div>\t\t\t\t\t\t\t\t<\/div>\n\t\t\t\t\t<\/div>\n\t\t<\/div>\n\t\t\t\t\t<\/div>\n\t\t<\/section>\n\t\t<div class=\"elementor-element elementor-element-76953f7 e-flex e-con-boxed e-con e-parent\" data-id=\"76953f7\" data-element_type=\"container\" data-e-type=\"container\">\n\t\t\t\t\t<div class=\"e-con-inner\">\n\t\t\t\t<div class=\"elementor-element elementor-element-2f32cd6 elementor-widget elementor-widget-text-editor\" data-id=\"2f32cd6\" data-element_type=\"widget\" data-e-type=\"widget\" data-widget_type=\"text-editor.default\">\n\t\t\t\t\t\t\t\t\t<p data-spm-anchor-id=\"a2ty_o01.29997173.0.i81.5931c921sKJoD0\">Au Blossom House Shanghai On The Bund, le service n&#039;est pas une simple formalit\u00e9, c&#039;est une philosophie. Nich\u00e9 au 386, rue Ren Min, au c\u0153ur du quartier historique de Huangpu \u00e0 Shanghai, notre h\u00f4tel 5 \u00e9toiles de luxe r\u00e9invente l&#039;hospitalit\u00e9 en int\u00e9grant un service personnalis\u00e9, une connaissance approfondie de la culture locale et un confort moderne \u00e0 chaque instant de votre s\u00e9jour. Ici, vous n&#039;\u00eates pas un simple client\u00a0; vous \u00eates le protagoniste de votre propre aventure shanghaienne, et notre \u00e9quipe est l\u00e0 pour faire en sorte qu&#039;elle se d\u00e9roule avec \u00e9l\u00e9gance, simplicit\u00e9 et des moments inoubliables.<\/p><div class=\"my-2\">\u00a0<\/div><h3>Le concierge culturel : votre guide personnel des tr\u00e9sors cach\u00e9s de Shanghai<\/h3><p>Ce qui distingue v\u00e9ritablement Blossom House, c&#039;est notre <strong>Concierge culturel<\/strong>\u2014 Un service unique con\u00e7u pour les voyageurs en qu\u00eate d&#039;une exp\u00e9rience authentique. Nos concierges ne se contentent pas de fournir des informations touristiques\u00a0; ce sont des conteurs, des experts locaux et des ambassadeurs culturels. Que vous soyez un visiteur novice ou un explorateur chevronn\u00e9, ils \u00e9laborent des itin\u00e9raires sur mesure, adapt\u00e9s \u00e0 vos centres d&#039;int\u00e9r\u00eat, de la d\u00e9couverte de salons de th\u00e9 secrets dans d&#039;anciens villages traditionnels (nong tangs) \u00e0 l&#039;obtention d&#039;un acc\u00e8s VIP \u00e0 des galeries d&#039;art contemporain comme le Rockbund Art Museum.<\/p><div class=\"my-2\">\u00a0<\/div><p>Imaginez-vous siroter un th\u00e9 au jasmin dans un jardin int\u00e9rieur secret, connu des seuls habitants du quartier, ou fl\u00e2ner parmi les \u00e9tals anim\u00e9s du march\u00e9 du jardin Yu, guid\u00e9 par des conseils d&#039;initi\u00e9s sur les meilleures adresses pour d\u00e9guster des xiaolongbao. Notre concierge culturel ne se contente pas de vous indiquer les sites \u00e0 visiter\u00a0; il vous montre comment les d\u00e9couvrir. <em>sentir<\/em> Shanghai. Pour les voyageurs d&#039;affaires, des d\u00eeners priv\u00e9s dans des restaurants confidentiels, parfaits pour les r\u00e9unions clients, sont organis\u00e9s. Pour les familles, des chasses au tr\u00e9sor sont propos\u00e9es dans les ruelles les plus charmantes de la ville. Et pour les amoureux\u00a0? Des d\u00eeners aux chandelles avec vue sur les lumi\u00e8res du Bund sont pr\u00e9vus. Bien plus qu&#039;un simple service, c&#039;est une exp\u00e9rience immersive qui vous connecte profond\u00e9ment \u00e0 l&#039;\u00e2me de la ville.<\/p><div class=\"my-2\">\u00a0<\/div><h3>R\u00e9ception ouverte 24h\/24 et 7j\/7 et assistance sans faille<\/h3><p>Votre confort est notre priorit\u00e9, c&#039;est pourquoi notre r\u00e9ception est ouverte 24h\/24. Que vous ayez besoin d&#039;aide \u00e0 3h du matin ou que vous souhaitiez r\u00e9server une table au restaurant \u00e0 la derni\u00e8re minute, notre personnel multilingue est toujours pr\u00eat \u00e0 vous assister. Nos clients appr\u00e9cient particuli\u00e8rement la gentillesse et l&#039;efficacit\u00e9 de notre \u00e9quipe\u00a0; nombreux sont ceux qui soulignent que le personnel se souvient de leur nom, de leurs pr\u00e9f\u00e9rences et m\u00eame des occasions sp\u00e9ciales. \u201c\u00a0Le personnel a \u00e9t\u00e9 exceptionnel\u00a0\u201d, t\u00e9moigne un client allemand. \u201c\u00a0Ils se sont souvenus de ma commande de caf\u00e9 et nous ont m\u00eame surclass\u00e9s pour notre anniversaire de mariage.\u00a0\u201d<\/p><div class=\"my-2\">\u00a0<\/div><p>Nous savons que les voyages sont parfois impr\u00e9visibles, c&#039;est pourquoi nous proposons des solutions flexibles pour r\u00e9pondre \u00e0 tous vos besoins\u00a0: d\u00e9parts tardifs, conseils pour vous orienter dans le m\u00e9tro de Shanghai, etc. Besoin d&#039;outils de traduction\u00a0? Nous en avons. Envie de d\u00e9couvrir les meilleures adresses de street food locale\u00a0? Notre \u00e9quipe vous guidera. Chez Blossom House, aucune demande n&#039;est trop petite et aucun d\u00e9tail n&#039;est n\u00e9glig\u00e9.<\/p><div class=\"my-2\">\u00a0<\/div><h3>Centre de remise en forme ultramoderne\u00a0: Ressourcez-vous avec style<\/h3><p>Pour les clients qui privil\u00e9gient le bien-\u00eatre, notre <strong>Centre de remise en forme ultramoderne<\/strong> Offrant un havre de paix au c\u0153ur de l&#039;effervescence urbaine, notre salle de sport est ouverte 24h\/24 et 7j\/7. Elle est \u00e9quip\u00e9e d&#039;appareils de cardio-training ultramodernes, de mat\u00e9riel de musculation et d&#039;halt\u00e8res, le tout avec une vue panoramique imprenable sur la ville. Que vous souhaitiez faire une s\u00e9ance d&#039;entra\u00eenement matinale avant une journ\u00e9e charg\u00e9e de r\u00e9unions ou vous d\u00e9tendre apr\u00e8s le d\u00eener, notre centre de fitness vous permet de maintenir votre routine en tout confort.<\/p><div class=\"my-2\">\u00a0<\/div><p>Pour une approche plus holistique du bien-\u00eatre, notre concierge peut organiser des s\u00e9ances de yoga en chambre, des ateliers de m\u00e9ditation guid\u00e9e ou des soins dans des spas de luxe \u00e0 proximit\u00e9. Apr\u00e8s une longue journ\u00e9e pass\u00e9e \u00e0 explorer le Bund ou \u00e0 assister \u00e0 des r\u00e9unions professionnelles, rien de tel qu&#039;une s\u00e9ance d&#039;entra\u00eenement revigorante suivie d&#039;un bain relaxant dans la baignoire profonde de votre chambre.<\/p><div class=\"my-2\">\u00a0<\/div><h3>Options de restauration flexibles\u00a0: savourez Shanghai \u00e0 votre rythme.<\/h3><p>Notre engagement envers le service s&#039;\u00e9tend \u00e0 l&#039;exp\u00e9rience culinaire. Bien que notre restaurant artisanal propose des buffets de petit-d\u00e9jeuner soigneusement s\u00e9lectionn\u00e9s et des repas m\u00e9morables, nous comprenons que les horaires varient. C&#039;est pourquoi nous proposons <strong>options de petit-d\u00e9jeuner flexibles<\/strong>, y compris un service matinal et un service en chambre pour ceux qui pr\u00e9f\u00e8rent d\u00eener dans le confort de leur chambre.<\/p><div class=\"my-2\">\u00a0<\/div><p>Les horaires du petit-d\u00e9jeuner sont soigneusement planifi\u00e9s\u00a0:<\/p><ul dir=\"auto\"><li><strong>Du lundi au vendredi<\/strong>: 07:00\u201310:00<\/li><li><strong>Samedi et dimanche<\/strong>: 07:00\u201310:30<\/li><\/ul><div class=\"my-2\">\u00a0<\/div><p>Les prix sont adapt\u00e9s aux familles, avec des r\u00e9ductions pour les enfants\u00a0:<\/p><ul dir=\"auto\"><li>Enfants de moins de 1,20 m : gratuit<\/li><li>Enfants de 1,2 \u00e0 1,4 m : 79 CNY<\/li><li>Adultes et enfants de plus de 1,4 m : 138 CNY<\/li><\/ul><div class=\"my-2\">\u00a0<\/div><p>Pour les voyageurs d&#039;affaires, nous proposons des espaces calmes et priv\u00e9s pour travailler autour d&#039;un caf\u00e9 ou tenir des r\u00e9unions informelles. Les familles appr\u00e9cient notre approche \u00e0 la fois ludique et raffin\u00e9e des repas adapt\u00e9s aux enfants, notamment gr\u00e2ce \u00e0 notre populaire salle familiale \u00e0 th\u00e8me Ultraman. Enfin, pour les couples, nous pouvons organiser des d\u00eeners intimes avec des menus personnalis\u00e9s et une vue imprenable sur les quais.<\/p><div class=\"my-2\">\u00a0<\/div><h3>Services aux entreprises : Quand productivit\u00e9 rime avec luxe<\/h3><p>Id\u00e9alement situ\u00e9 \u00e0 proximit\u00e9 du quartier financier de Shanghai et dot\u00e9 d&#039;infrastructures de r\u00e9union de premier ordre, le Blossom House r\u00e9pond parfaitement aux besoins des voyageurs d&#039;affaires. Nos espaces \u00e9v\u00e9nementiels sont \u00e9quip\u00e9s de technologies audiovisuelles de pointe, d&#039;une connexion Wi-Fi haut d\u00e9bit et offrent une grande flexibilit\u00e9 d&#039;am\u00e9nagement, ce qui les rend parfaits pour les pr\u00e9sentations en salle de conseil, les s\u00e9ances de brainstorming d&#039;\u00e9quipe ou les d\u00e9jeuners d&#039;affaires. L&#039;\u00e9quipe d\u00e9di\u00e9e \u00e0 l&#039;organisation d&#039;\u00e9v\u00e9nements de l&#039;h\u00f4tel prend en charge tous les d\u00e9tails, de l&#039;installation au d\u00e9montage, pour que vous puissiez vous concentrer pleinement sur vos objectifs.<\/p><div class=\"my-2\">\u00a0<\/div><p>Pour les professionnels travaillant seuls, nos chambres sont con\u00e7ues comme de v\u00e9ritables havres de productivit\u00e9, avec un grand espace de travail, des chaises ergonomiques et une connectivit\u00e9 haut d\u00e9bit. Besoin d&#039;imprimer des documents ou de num\u00e9riser des contrats\u00a0? Notre centre d&#039;affaires est l\u00e0 pour vous. Et si vous encha\u00eenez les r\u00e9unions, notre concierge peut vous faire livrer vos repas en chambre ou en salle de r\u00e9union, pour que vous restiez en pleine forme toute la journ\u00e9e.<\/p><div class=\"my-2\">\u00a0<\/div><h3>Des \u00e9quipements adapt\u00e9s aux familles\u00a0: pour cr\u00e9er des souvenirs inoubliables<\/h3><p>Les familles sont au c\u0153ur de la philosophie de Blossom House. De l&#039;univers fantaisiste \u00e0 l&#039;atmosph\u00e8re chaleureuse, en passant par l&#039;esprit familial, l&#039;\u00e9ducation et l&#039;esprit d&#039;\u00e9quipe sont au centre de toutes les pr\u00e9occupations. <strong>Chambre familiale sur le th\u00e8me d&#039;Ultraman<\/strong>, De son d\u00e9cor color\u00e9 et de sa literie \u00e0 l&#039;effigie de personnages qui ravissent les enfants, \u00e0 la mise \u00e0 disposition judicieuse de lits pour b\u00e9b\u00e9s (gratuits pour les enfants de 6 ans et moins), chaque d\u00e9tail est pens\u00e9 pour rendre les voyages en famille agr\u00e9ables et sans encombre.<\/p><div class=\"my-2\">\u00a0<\/div><p>Notre personnel met tout en \u0153uvre pour que les enfants se sentent les bienvenus\u00a0: petit cadeau de bienvenue, suggestions d\u2019activit\u00e9s adapt\u00e9es aux enfants, aide aux parents pour se rep\u00e9rer dans les transports en commun\u2026 \u201c\u00a0La salle Ultraman a fait un tabac aupr\u00e8s de notre fils\u00a0! Il ne voulait plus partir\u00a0!\u00a0\u201d t\u00e9moigne un parent britannique. \u201c\u00a0Et le personnel lui a m\u00eame offert un petit cadeau pour son anniversaire.\u00a0\u201d<\/p><div class=\"my-2\">\u00a0<\/div><h3>Accessibilit\u00e9 et commodit\u00e9 : Con\u00e7u pour tous les voyageurs<\/h3><p>Nous pensons que le luxe doit \u00eatre accessible \u00e0 tous, c&#039;est pourquoi Blossom House propose des prestations adapt\u00e9es \u00e0 chaque type de voyageur. Un parking est disponible sur place pour les clients arrivant en voiture, et notre proximit\u00e9 avec la station de m\u00e9tro Yuyuan Garden (\u00e0 seulement 230 m\u00e8tres) facilite vos d\u00e9placements en ville. La plupart des cartes de cr\u00e9dit sont accept\u00e9es, et les esp\u00e8ces sont \u00e9galement les bienvenues.<\/p><div class=\"my-2\">\u00a0<\/div><p>Pour les visiteurs internationaux, nous mettons \u00e0 leur disposition des outils de traduction et une assistance afin de faciliter la communication. Bien que nous n&#039;assurions pas les transferts a\u00e9roport, notre service de conciergerie peut vous aider \u00e0 r\u00e9server des taxis ou des VTC depuis et vers les a\u00e9roports de Hongqiao et de Pudong.<\/p><div class=\"my-2\">\u00a0<\/div><div class=\"py-2 my-3\"><hr \/><\/div><div class=\"my-2\">\u00a0<\/div><p><strong>Pourquoi choisir Blossom House pour votre s\u00e9jour ?<\/strong><\/p><div class=\"my-2\">\u00a0<\/div><p>\u00c0 Blossom House Shanghai On The Bund, le service n&#039;est pas une simple formalit\u00e9\u00a0: il est au c\u0153ur de tout ce que nous faisons. D\u00e8s votre arriv\u00e9e, vous \u00eates accueillis non pas par un employ\u00e9, mais par une \u00e9quipe passionn\u00e9e, d\u00e9vou\u00e9e \u00e0 rendre votre s\u00e9jour exceptionnel. Que vous soyez en voyage d&#039;affaires, en amoureux, en famille ou pour d\u00e9couvrir la culture locale, notre \u00e9quipe s&#039;engage \u00e0 anticiper vos besoins, \u00e0 d\u00e9passer vos attentes et \u00e0 cr\u00e9er un s\u00e9jour unique, \u00e0 votre image.<\/p><div class=\"my-2\">\u00a0<\/div><p data-spm-anchor-id=\"a2ty_o01.29997173.0.i82.5931c921sKJoD0\">Venez d\u00e9couvrir ce qu&#039;est la v\u00e9ritable hospitalit\u00e9, non seulement \u00e0 Shanghai, mais au c\u0153ur m\u00eame du front de mer le plus embl\u00e9matique de la ville. Bienvenue \u00e0 Blossom House, o\u00f9 chaque d\u00e9tail est pens\u00e9 pour rendre votre s\u00e9jour inoubliable.<\/p>\t\t\t\t\t\t\t\t<\/div>\n\t\t\t\t\t<\/div>\n\t\t\t\t<\/div>\n\t\t\t\t<section class=\"elementor-section elementor-top-section elementor-element elementor-element-7bce1c0b elementor-section-stretched elementor-section-boxed elementor-section-gap-beside-yes elementor-section-height-default elementor-section-height-default elementor-section-column-vertical-align-stretch\" data-id=\"7bce1c0b\" data-element_type=\"section\" data-e-type=\"section\" data-settings=\"{&quot;background_background&quot;:&quot;classic&quot;,&quot;stretch_section&quot;:&quot;section-stretched&quot;}\">\n\t\t\t\t\t\t<div class=\"elementor-container elementor-column-gap-extended\">\n\t\t\t\t\t<div class=\"elementor-column elementor-col-100 elementor-top-column elementor-element elementor-element-7c7178fe\" data-id=\"7c7178fe\" data-element_type=\"column\" data-e-type=\"column\">\n\t\t\t<div class=\"elementor-widget-wrap elementor-element-populated\">\n\t\t\t\t\t\t<div class=\"elementor-element elementor-element-2f9d31f9 elementor-widget elementor-widget-nuss-heading\" data-id=\"2f9d31f9\" data-element_type=\"widget\" data-e-type=\"widget\" data-widget_type=\"nuss-heading.default\">\n\t\t\t\t<div class=\"elementor-widget-container\">\n\t\t\t\t\t\t\t<div class=\"nuss-modern-heading\">\r\n\t\t\t\t\t\t<div class=\"heading-secondary-wrap\">\r\n\t\t\t\t<h3 class=\"heading-secondary elementor-heading-title\">Ch\u00e8que disponible <\/h3>\t\t\t<\/div>\r\n\t\t\r\n\t\t\t\r\n\t\t\t\r\n\t\t\t\t\t<\/div>\r\n\t\t\t\t\t<\/div>\n\t\t\t\t<\/div>\n\t\t\t\t<div class=\"elementor-element elementor-element-57084baf elementor-widget elementor-widget-text-editor\" data-id=\"57084baf\" data-element_type=\"widget\" data-e-type=\"widget\" data-widget_type=\"text-editor.default\">\n\t\t\t\t\t\t\t\t\t<iframe border=\"0\" src=\"https:\/\/www.trip.com\/partners\/ad\/S6940663?Allianceid=4590391&#038;SID=275557010&#038;trip_sub1=\" style=\"width:1200px;height:200px\" frameborder=\"0\" scrolling=\"no\" id=\"S6940663\"><\/iframe>\t\t\t\t\t\t\t\t<\/div>\n\t\t\t\t\t<\/div>\n\t\t<\/div>\n\t\t\t\t\t<\/div>\n\t\t<\/section>\n\t\t\t\t<\/div>","protected":false},"excerpt":{"rendered":"<p>Blossom House Shanghai On The Bund: Where Bespoke Service Meets the Soul of Shanghai At Blossom House Shanghai On The Bund, service is not a checklist\u2014it\u2019s a philosophy. Nestled at No. 386 Ren Min Road in the heart of Shanghai\u2019s historic Huangpu District, our 5-star luxury hotel redefines hospitality by weaving personalized care, cultural insight, [&hellip;]<\/p>\n","protected":false},"author":1,"featured_media":0,"parent":0,"menu_order":0,"comment_status":"closed","ping_status":"closed","template":"","meta":{"footnotes":""},"class_list":["post-647","page","type-page","status-publish","hentry","post-no-thumbnail"],"_links":{"self":[{"href":"https:\/\/blossomhouseshanghai.com\/fr\/wp-json\/wp\/v2\/pages\/647","targetHints":{"allow":["GET"]}}],"collection":[{"href":"https:\/\/blossomhouseshanghai.com\/fr\/wp-json\/wp\/v2\/pages"}],"about":[{"href":"https:\/\/blossomhouseshanghai.com\/fr\/wp-json\/wp\/v2\/types\/page"}],"author":[{"embeddable":true,"href":"https:\/\/blossomhouseshanghai.com\/fr\/wp-json\/wp\/v2\/users\/1"}],"replies":[{"embeddable":true,"href":"https:\/\/blossomhouseshanghai.com\/fr\/wp-json\/wp\/v2\/comments?post=647"}],"version-history":[{"count":0,"href":"https:\/\/blossomhouseshanghai.com\/fr\/wp-json\/wp\/v2\/pages\/647\/revisions"}],"wp:attachment":[{"href":"https:\/\/blossomhouseshanghai.com\/fr\/wp-json\/wp\/v2\/media?parent=647"}],"curies":[{"name":"wp","href":"https:\/\/api.w.org\/{rel}","templated":true}]}}