{"id":2105,"date":"2021-03-24T07:25:45","date_gmt":"2021-03-24T07:25:45","guid":{"rendered":"http:\/\/localhost\/nuss\/?page_id=235"},"modified":"2025-11-18T08:44:18","modified_gmt":"2025-11-18T08:44:18","slug":"domande-frequenti","status":"publish","type":"page","link":"https:\/\/blossomhouseshanghai.com\/it\/domande-frequenti\/","title":{"rendered":"Domande frequenti"},"content":{"rendered":"<div data-elementor-type=\"wp-page\" data-elementor-id=\"2105\" class=\"elementor elementor-2105\">\n\t\t\t\t\t\t<section class=\"elementor-section elementor-top-section elementor-element elementor-element-2a96a73 elementor-section-boxed elementor-section-gap-beside-yes elementor-section-height-default elementor-section-height-default elementor-section-column-vertical-align-stretch\" data-id=\"2a96a73\" data-element_type=\"section\" data-e-type=\"section\">\n\t\t\t\t\t\t<div class=\"elementor-container elementor-column-gap-extended\">\n\t\t\t\t\t<div class=\"elementor-column elementor-col-100 elementor-top-column elementor-element elementor-element-98ef20c\" data-id=\"98ef20c\" data-element_type=\"column\" data-e-type=\"column\">\n\t\t\t<div class=\"elementor-widget-wrap elementor-element-populated\">\n\t\t\t\t\t\t<div class=\"elementor-element elementor-element-97088c0 elementor-widget__width-initial elementor-invisible elementor-widget elementor-widget-text-editor\" data-id=\"97088c0\" data-element_type=\"widget\" data-e-type=\"widget\" data-settings=\"{&quot;_animation&quot;:&quot;nussFadeInUp&quot;}\" data-widget_type=\"text-editor.default\">\n\t\t\t\t\t\t\t\t\t<p>Di seguito troverete un elenco delle domande pi\u00f9 frequenti poste dai nostri ospiti.<\/p>\t\t\t\t\t\t\t\t<\/div>\n\t\t\t\t\t<\/div>\n\t\t<\/div>\n\t\t\t\t\t<\/div>\n\t\t<\/section>\n\t\t\t\t<section class=\"elementor-section elementor-top-section elementor-element elementor-element-b184647 elementor-section-gap-beside-no elementor-section-boxed elementor-section-height-default elementor-section-height-default elementor-section-column-vertical-align-stretch\" data-id=\"b184647\" data-element_type=\"section\" data-e-type=\"section\">\n\t\t\t\t\t\t<div class=\"elementor-container elementor-column-gap-extended\">\n\t\t\t\t\t<div class=\"elementor-column elementor-col-100 elementor-top-column elementor-element elementor-element-1d49749\" data-id=\"1d49749\" data-element_type=\"column\" data-e-type=\"column\">\n\t\t\t<div class=\"elementor-widget-wrap elementor-element-populated\">\n\t\t\t\t\t\t<div class=\"elementor-element elementor-element-b986a9e elementor-invisible elementor-widget elementor-widget-nuss-heading\" data-id=\"b986a9e\" data-element_type=\"widget\" data-e-type=\"widget\" data-settings=\"{&quot;_animation&quot;:&quot;nussFadeInUp&quot;}\" data-widget_type=\"nuss-heading.default\">\n\t\t\t\t<div class=\"elementor-widget-container\">\n\t\t\t\t\t\t\t<div class=\"nuss-modern-heading\">\r\n\t\t\t\r\n\t\t\t\t\t\t<div class=\"heading-primary-wrap\">\r\n\t\t\t\t<h4 class=\"heading-primary elementor-heading-title\">FAQ<\/h4>\t\t\t<\/div>\r\n\t\t\r\n\t\t\t\t\t\t<div class=\"heading-divider-wrap\">\r\n\t\t\t\t<div class=\"heading-divider\" style=\"left: 0px;top: 6px\"><\/div>\r\n\t\t\t<\/div>\r\n\t\r\n\t\t\t\t\t<\/div>\r\n\t\t\t\t\t<\/div>\n\t\t\t\t<\/div>\n\t\t\t\t<div class=\"elementor-element elementor-element-50f0733 elementor-invisible elementor-widget elementor-widget-heading\" data-id=\"50f0733\" data-element_type=\"widget\" data-e-type=\"widget\" data-settings=\"{&quot;_animation&quot;:&quot;nussFadeInUp&quot;}\" data-widget_type=\"heading.default\">\n\t\t\t\t\t<h2 class=\"elementor-heading-title elementor-size-default\">Domande e risposte<\/h2>\t\t\t\t<\/div>\n\t\t\t\t<div class=\"elementor-element elementor-element-2aee4a2 elementor-widget elementor-widget-text-editor\" data-id=\"2aee4a2\" data-element_type=\"widget\" data-e-type=\"widget\" data-widget_type=\"text-editor.default\">\n\t\t\t\t\t\t\t\t\t<p><strong data-spm-anchor-id=\"a2ty_o01.29997173.0.i57.5931c921sKJoD0\">1. Quali sono gli orari di check-in e check-out?<\/strong><br \/>Il check-in \u00e8 dalle 15:00 e il check-out entro le 12:00.<\/p><div class=\"my-2\">\u00a0<\/div><p><strong>2. L&#039;hotel offre il servizio di trasferimento aeroportuale?<\/strong><br \/>No, Blossom House non fornisce servizi di trasferimento aeroportuale gratuiti o organizzati.<\/p><div class=\"my-2\">\u00a0<\/div><p><strong>3. Quanto dista l&#039;hotel dall&#039;aeroporto di Shanghai Hongqiao?<\/strong><br \/>Circa 16 km (circa 35 minuti in taxi).<\/p><div class=\"my-2\">\u00a0<\/div><p><strong>4. Quanto dista l&#039;hotel dall&#039;aeroporto internazionale di Shanghai Pudong?<\/strong><br \/>Circa 40,5 km (circa 50 minuti in taxi).<\/p><div class=\"my-2\">\u00a0<\/div><p><strong>5. C&#039;\u00e8 una stazione della metropolitana nelle vicinanze?<\/strong><br \/>S\u00ec, la stazione della metropolitana Yuyuan Garden dista solo 0,23 km, ovvero pochi passi dall&#039;hotel.<\/p><div class=\"my-2\">\u00a0<\/div><p><strong>6. L&#039;hotel ha una piscina?<\/strong><br \/>No, il Blossom House Shanghai On The Bund non dispone di una piscina per gli ospiti.<\/p><div class=\"my-2\">\u00a0<\/div><p><strong>7. Sono ammessi animali domestici?<\/strong><br \/>No, gli animali domestici non sono ammessi nell&#039;hotel.<\/p><div class=\"my-2\">\u00a0<\/div><p><strong>8. Qual \u00e8 la classificazione in stelle dell&#039;hotel?<\/strong><br \/>Blossom House \u00e8 un hotel di lusso certificato a 5 stelle.<\/p><div class=\"my-2\">\u00a0<\/div><p><strong>9. Quante camere ha l&#039;hotel?<\/strong><br \/>L&#039;hotel dispone di 222 camere e suite progettate con cura.<\/p><div class=\"my-2\">\u00a0<\/div><p><strong>10. Quali tipologie di camere sono disponibili?<\/strong><br \/>Le opzioni includono la camera familiare a tema Ultraman, la suite superior, la camera king deluxe con terrazza, la camera queen con vista sulla citt\u00e0 e molto altro ancora.<\/p><div class=\"my-2\">\u00a0<\/div><p><strong>11. Posso aggiungere una culla o un letto supplementare nella mia camera?<\/strong><br \/>S\u00ec, le culle possono essere aggiunte gratuitamente per i bambini fino a 6 anni. Le condizioni relative ai letti supplementari variano a seconda della tipologia di camera: si prega di confermare al momento della prenotazione.<\/p><div class=\"my-2\">\u00a0<\/div><p><strong>12. La colazione \u00e8 inclusa?<\/strong><br \/>La colazione \u00e8 facoltativa e pu\u00f2 essere aggiunta in loco a un costo aggiuntivo. La colazione a buffet \u00e8 disponibile tutti i giorni.<\/p><div class=\"my-2\">\u00a0<\/div><p><strong>13. Quali sono i prezzi della colazione?<\/strong><\/p><ul dir=\"auto\"><li>Bambini sotto 1,2 m: Gratis<\/li><li>Bambini 1,2\u20131,4 mesi: CNY 79<\/li><li>Bambini sopra 1,4 m e adulti: 138 CNY<\/li><\/ul><div class=\"my-2\">\u00a0<\/div><p><strong>14. Quali sono gli orari della colazione?<\/strong><br \/>Lun\u2013Ven: 07:00\u201310:00 | Sab-dom: 07:00-10:30<\/p><div class=\"my-2\">\u00a0<\/div><p><strong>15. L&#039;hotel dispone di un centro fitness?<\/strong><br \/>S\u00ec, gli ospiti hanno accesso a un centro fitness all&#039;avanguardia aperto 24 ore su 24, 7 giorni su 7.<\/p><div class=\"my-2\">\u00a0<\/div><p><strong>16. Cosa rende unico l&#039;hotel?<\/strong><br \/>La sua posizione privilegiata sul Bund, il servizio di concierge culturale, la cucina artigianale e le camere a tema come l&#039;Ultraman Family Room lo contraddistinguono.<\/p><div class=\"my-2\">\u00a0<\/div><p><strong>17. Quali attrazioni si trovano vicino all&#039;hotel?<\/strong><br \/>Giardino Yu (10 min), Nanjing Road (10 min), passeggiata sul Bund (5 min), Museo d&#039;arte Rockbund (10 min in auto).<\/p><div class=\"my-2\">\u00a0<\/div><p><strong>18. C&#039;\u00e8 un parcheggio disponibile?<\/strong><br \/>S\u00ec, il parcheggio in loco \u00e8 disponibile per gli ospiti.<\/p><div class=\"my-2\">\u00a0<\/div><p><strong>19. Quali metodi di pagamento sono accettati?<\/strong><br \/>Sono accettate la maggior parte delle principali carte di credito. Si accettano anche contanti.<\/p><div class=\"my-2\">\u00a0<\/div><p data-spm-anchor-id=\"a2ty_o01.29997173.0.i58.5931c921sKJoD0\"><strong>20. Come posso contattare l&#039;hotel per prenotazioni o domande?<\/strong><br \/>Chiama +86-21-60251688 o visita <a href=\"https:\/\/blossomhouseshanghai.com\/it\/contattaci\/\" target=\"_blank\" rel=\"nofollow noopener\">https:\/\/blossomhouseshanghai.com\/contact-us <\/a><\/p>\t\t\t\t\t\t\t\t<\/div>\n\t\t\t\t\t<\/div>\n\t\t<\/div>\n\t\t\t\t\t<\/div>\n\t\t<\/section>\n\t\t\t\t<section class=\"elementor-section elementor-top-section elementor-element elementor-element-5d3a62a elementor-section-stretched elementor-section-boxed elementor-section-gap-beside-yes elementor-section-height-default elementor-section-height-default elementor-section-column-vertical-align-stretch\" data-id=\"5d3a62a\" data-element_type=\"section\" data-e-type=\"section\" data-settings=\"{&quot;background_background&quot;:&quot;classic&quot;,&quot;stretch_section&quot;:&quot;section-stretched&quot;}\">\n\t\t\t\t\t\t<div class=\"elementor-container elementor-column-gap-extended\">\n\t\t\t\t\t<div class=\"elementor-column elementor-col-100 elementor-top-column elementor-element elementor-element-5663230\" data-id=\"5663230\" data-element_type=\"column\" data-e-type=\"column\">\n\t\t\t<div class=\"elementor-widget-wrap elementor-element-populated\">\n\t\t\t\t\t\t<div class=\"elementor-element elementor-element-7dd81359 elementor-widget elementor-widget-nuss-heading\" data-id=\"7dd81359\" data-element_type=\"widget\" data-e-type=\"widget\" data-widget_type=\"nuss-heading.default\">\n\t\t\t\t<div class=\"elementor-widget-container\">\n\t\t\t\t\t\t\t<div class=\"nuss-modern-heading\">\r\n\t\t\t\t\t\t<div class=\"heading-secondary-wrap\">\r\n\t\t\t\t<h3 class=\"heading-secondary elementor-heading-title\">Controlla disponibile <\/h3>\t\t\t<\/div>\r\n\t\t\r\n\t\t\t\r\n\t\t\t\r\n\t\t\t\t\t<\/div>\r\n\t\t\t\t\t<\/div>\n\t\t\t\t<\/div>\n\t\t\t\t<div class=\"elementor-element elementor-element-1a38416f elementor-widget elementor-widget-text-editor\" data-id=\"1a38416f\" data-element_type=\"widget\" data-e-type=\"widget\" data-widget_type=\"text-editor.default\">\n\t\t\t\t\t\t\t\t\t<iframe border=\"0\" src=\"https:\/\/www.trip.com\/partners\/ad\/S6940663?Allianceid=4590391&#038;SID=275557010&#038;trip_sub1=\" style=\"width:1200px;height:200px\" frameborder=\"0\" scrolling=\"no\" id=\"S6940663\"><\/iframe>\t\t\t\t\t\t\t\t<\/div>\n\t\t\t\t\t<\/div>\n\t\t<\/div>\n\t\t\t\t\t<\/div>\n\t\t<\/section>\n\t\t\t\t<\/div>","protected":false},"excerpt":{"rendered":"<p>Below, you will find a list of the questions most frequently asked by our guests. FAQ&#8217;S Questions &amp; Answers 1. What are the check-in and check-out times?Check-in is from 15:00, and check-out is by 12:00. \u00a0 2. Does the hotel offer airport transfers?No, Blossom House does not provide complimentary or arranged airport transfer services. \u00a0 [&hellip;]<\/p>\n","protected":false},"author":1,"featured_media":0,"parent":0,"menu_order":0,"comment_status":"closed","ping_status":"closed","template":"","meta":{"footnotes":""},"class_list":["post-2105","page","type-page","status-publish","hentry","post-no-thumbnail"],"_links":{"self":[{"href":"https:\/\/blossomhouseshanghai.com\/it\/wp-json\/wp\/v2\/pages\/2105","targetHints":{"allow":["GET"]}}],"collection":[{"href":"https:\/\/blossomhouseshanghai.com\/it\/wp-json\/wp\/v2\/pages"}],"about":[{"href":"https:\/\/blossomhouseshanghai.com\/it\/wp-json\/wp\/v2\/types\/page"}],"author":[{"embeddable":true,"href":"https:\/\/blossomhouseshanghai.com\/it\/wp-json\/wp\/v2\/users\/1"}],"replies":[{"embeddable":true,"href":"https:\/\/blossomhouseshanghai.com\/it\/wp-json\/wp\/v2\/comments?post=2105"}],"version-history":[{"count":0,"href":"https:\/\/blossomhouseshanghai.com\/it\/wp-json\/wp\/v2\/pages\/2105\/revisions"}],"wp:attachment":[{"href":"https:\/\/blossomhouseshanghai.com\/it\/wp-json\/wp\/v2\/media?parent=2105"}],"curies":[{"name":"parola chiave","href":"https:\/\/api.w.org\/{rel}","templated":true}]}}