{"id":2106,"date":"2021-03-25T04:08:26","date_gmt":"2021-03-25T04:08:26","guid":{"rendered":"http:\/\/localhost\/nuss\/?page_id=298"},"modified":"2025-11-18T08:33:23","modified_gmt":"2025-11-18T08:33:23","slug":"esperienze","status":"publish","type":"page","link":"https:\/\/blossomhouseshanghai.com\/it\/esperienze\/","title":{"rendered":"Recensioni di Blossom House Shanghai On The Bund"},"content":{"rendered":"<div data-elementor-type=\"wp-page\" data-elementor-id=\"2106\" class=\"elementor elementor-2106\">\n\t\t\t\t\t\t<section class=\"elementor-section elementor-top-section elementor-element elementor-element-1954ffc elementor-section-boxed elementor-section-gap-beside-yes elementor-section-height-default elementor-section-height-default elementor-section-column-vertical-align-stretch\" data-id=\"1954ffc\" data-element_type=\"section\" data-e-type=\"section\">\n\t\t\t\t\t\t<div class=\"elementor-container elementor-column-gap-extended\">\n\t\t\t\t\t<div class=\"elementor-column elementor-col-100 elementor-top-column elementor-element elementor-element-86aebc5\" data-id=\"86aebc5\" data-element_type=\"column\" data-e-type=\"column\">\n\t\t\t<div class=\"elementor-widget-wrap elementor-element-populated\">\n\t\t\t\t\t\t<div class=\"elementor-element elementor-element-11803d1 elementor-widget__width-initial elementor-invisible elementor-widget elementor-widget-text-editor\" data-id=\"11803d1\" data-element_type=\"widget\" data-e-type=\"widget\" data-settings=\"{&quot;_animation&quot;:&quot;nussFadeInUp&quot;}\" data-widget_type=\"text-editor.default\">\n\t\t\t\t\t\t\t\t\t<div class=\"svelte-1c06zsf\" data-lang-code=\"\"><p><strong data-spm-anchor-id=\"a2ty_o01.29997173.0.i54.5931c921sKJoD0\">Blossom House Shanghai On The Bund: recensioni reali degli ospiti ed esperienze indimenticabili da parte di viaggiatori che hanno vissuto il lusso<\/strong><\/p><\/div>\t\t\t\t\t\t\t\t<\/div>\n\t\t\t\t\t<\/div>\n\t\t<\/div>\n\t\t\t\t\t<\/div>\n\t\t<\/section>\n\t\t<div class=\"elementor-element elementor-element-95e7268 e-flex e-con-boxed e-con e-parent\" data-id=\"95e7268\" data-element_type=\"container\" data-e-type=\"container\">\n\t\t\t\t\t<div class=\"e-con-inner\">\n\t\t\t\t<div class=\"elementor-element elementor-element-bd47571 elementor-widget elementor-widget-image\" data-id=\"bd47571\" data-element_type=\"widget\" data-e-type=\"widget\" data-widget_type=\"image.default\">\n\t\t\t\t\t\t\t\t\t\t\t\t\t\t\t\t<a href=\"https:\/\/www.trip.com\/hotels\/shanghai-hotel-detail-69314532\/blossom-house-shanghai-on-the-bund\/?Allianceid=4590391&#038;SID=275557010&#038;trip_sub1=&#038;trip_sub3=D6944982\" target=\"_blank\" rel=\"noopener\">\n\t\t\t\t\t\t\t<img fetchpriority=\"high\" decoding=\"async\" width=\"1696\" height=\"1111\" src=\"https:\/\/blossomhouseshanghai.com\/wp-content\/uploads\/2025\/11\/Blossom-House-Shanghai-reviews.jpg\" class=\"attachment-full size-full wp-image-7359\" alt=\"\" srcset=\"https:\/\/blossomhouseshanghai.com\/wp-content\/uploads\/2025\/11\/Blossom-House-Shanghai-reviews.jpg 1696w, https:\/\/blossomhouseshanghai.com\/wp-content\/uploads\/2025\/11\/Blossom-House-Shanghai-reviews-300x197.jpg 300w, https:\/\/blossomhouseshanghai.com\/wp-content\/uploads\/2025\/11\/Blossom-House-Shanghai-reviews-1024x671.jpg 1024w, https:\/\/blossomhouseshanghai.com\/wp-content\/uploads\/2025\/11\/Blossom-House-Shanghai-reviews-768x503.jpg 768w, https:\/\/blossomhouseshanghai.com\/wp-content\/uploads\/2025\/11\/Blossom-House-Shanghai-reviews-1536x1006.jpg 1536w, https:\/\/blossomhouseshanghai.com\/wp-content\/uploads\/2025\/11\/Blossom-House-Shanghai-reviews-18x12.jpg 18w\" sizes=\"(max-width: 1696px) 100vw, 1696px\" \/>\t\t\t\t\t\t\t\t<\/a>\n\t\t\t\t\t\t\t\t\t\t\t\t\t\t\t<\/div>\n\t\t\t\t\t<\/div>\n\t\t\t\t<\/div>\n\t\t<div class=\"elementor-element elementor-element-3e39171 e-flex e-con-boxed e-con e-parent\" data-id=\"3e39171\" data-element_type=\"container\" data-e-type=\"container\">\n\t\t\t\t\t<div class=\"e-con-inner\">\n\t\t\t\t<div class=\"elementor-element elementor-element-7761d0c elementor-widget elementor-widget-text-editor\" data-id=\"7761d0c\" data-element_type=\"widget\" data-e-type=\"widget\" data-widget_type=\"text-editor.default\">\n\t\t\t\t\t\t\t\t\t<p>Situato al numero 386 di Ren Min Road, nello storico quartiere Huangpu di Shanghai, il Blossom House Shanghai On The Bund non \u00e8 solo un hotel: \u00e8 una destinazione in cui i viaggiatori raccontano costantemente momenti di gioia, comfort e stupore. Con un&#039;eccezionale <strong>Valutazione 9,6\/10 su Trip.com<\/strong> Sulla base di centinaia di recensioni verificate, questo rifugio a 5 stelle si \u00e8 guadagnato la reputazione di uno degli hotel di lusso pi\u00f9 amati di Shanghai. Ma cosa spinge gli ospiti a tornare, consigliarlo e apprezzarlo? Scopriamo le storie vere, gli elogi sinceri e le esperienze indimenticabili condivise dai viaggiatori che hanno soggiornato al Blossom House.<\/p><div class=\"py-2 my-3\"><hr \/><\/div><h3>\u201cLa perfetta combinazione di storia, lusso e posizione\u201d<\/h3><p>Uno dei temi pi\u00f9 comuni nelle recensioni di Trip.com \u00e8 l&#039;hotel <strong>posizione imbattibile<\/strong>. Gli ospiti menzionano ripetutamente di uscire dall&#039;hotel per passeggiare lungo la passeggiata illuminata del Bund, con vista sull&#039;iconica architettura coloniale e sullo scintillante skyline di Pudong, oltre il fiume Huangpu. &quot;Abbiamo raggiunto a piedi il Giardino Yu in 10 minuti e Nanjing Road in 15&quot;, ha scritto un viaggiatore canadese in viaggio con la famiglia. &quot;La posizione dell&#039;hotel ha reso l&#039;esplorazione di Shanghai semplice e magica&quot;.\u201c<\/p><p>Un altro recensore da Singapore ha ribadito questo sentimento: &quot;La posizione \u00e8 tutto, e Blossom House la mantiene. Abbiamo ammirato il tramonto sul fiume dalla nostra camera, poi siamo andati a cena. Il mix di fascino storico e comfort moderno \u00e8 perfetto&quot;.\u201c<\/p><div class=\"py-2 my-3\"><hr \/><\/div><h3>\u201cCamere che sembrano un rifugio personale\u201d<\/h3><p>Con 222 camere e suite progettate con cura, Blossom House offre qualcosa per ogni tipo di viaggiatore e gli ospiti lo adorano. Dall&#039;atmosfera giocosa <strong>Camera familiare a tema Ultraman<\/strong>, che delizia i bambini con il suo arredamento vivace e la biancheria da letto a tema personaggio, alla serena <strong>Camera Deluxe con Terrazza King<\/strong> con spazio esterno privato, i recensori ne elogiano costantemente il comfort e il design.<\/p><p>\u201c&quot;Ho prenotato la Suite Superior per il mio anniversario ed \u00e8 stata meravigliosa&quot;, ha raccontato una coppia australiana. &quot;La vista del Bund di notte era mozzafiato. Il letto era incredibilmente comodo e il bagno aveva il pavimento riscaldato: piccoli lussi che hanno fatto la differenza.&quot;\u201d<\/p><p>Le famiglie apprezzano anche la spaziosit\u00e0 e i servizi pensati per loro. &quot;La camera Ultraman \u00e8 stata un successo con nostro figlio: non voleva pi\u00f9 andarsene! E il personale gli ha persino portato un piccolo regalo quando ha visto che festeggiava il suo compleanno&quot;, ha osservato un genitore del Regno Unito.<\/p><div class=\"py-2 my-3\"><hr \/><\/div><h3>\u201c&quot;Un servizio che sembra personale e genuino&quot;\u201d<\/h3><p>Ci\u00f2 che veramente distingue Blossom House \u00e8 la sua <strong>servizio eccezionale<\/strong>, spesso citato come &quot;di livello mondiale&quot; o &quot;superiore&quot;. Il Concierge Culturale, un&#039;offerta unica, \u00e8 una caratteristica distintiva menzionata pi\u00f9 volte. &quot;Il nostro concierge ci ha aiutato a pianificare una gita di un giorno alla citt\u00e0 sull&#039;acqua di Zhujiajiao e ci ha persino organizzato un tour privato in barca&quot;, ha detto entusiasta un viaggiatore solitario dalla Germania. &quot;\u00c8 stato come avere un amico del posto che ti mostra i tesori nascosti&quot;.\u201c<\/p><p>Il personale \u00e8 costantemente elogiato per la sua cordialit\u00e0 e attenzione. &quot;Tutti, dalla reception al personale delle pulizie, ci hanno salutato per nome&quot;, ha scritto un viaggiatore d&#039;affari giapponese. &quot;Si sono ricordati del nostro ordine di caff\u00e8 e ci hanno persino offerto un upgrade della camera perch\u00e9 stavamo festeggiando un traguardo importante&quot;.\u201c<\/p><p>Anche la reception aperta 24 ore su 24, 7 giorni su 7 e le opzioni flessibili per la colazione meritano un plauso. &quot;Avevo riunioni la mattina presto e il personale mi ha preparato la colazione da asporto senza che nemmeno lo chiedessi&quot;, ha detto un ospite aziendale dagli Stati Uniti. &quot;Questo livello di attenzione \u00e8 raro&quot;.\u201c<\/p><div class=\"py-2 my-3\"><hr \/><\/div><h3>\u201cUn ristorante che racconta la storia di Shanghai\u201d<\/h3><p>Gli ospiti sono entusiasti dell&#039;hotel <strong>esperienza culinaria artigianale<\/strong>, che unisce sapori locali a un tocco internazionale. Il buffet della colazione, curato nei minimi dettagli, \u00e8 uno dei preferiti, con molti recensori che ne hanno apprezzato i dolci freschi, gli autentici dim sum di Shanghai e le opzioni salutari per tutte le esigenze alimentari.<\/p><p>\u201c&quot;La colazione era incredibile: tanta variet\u00e0 e tutto aveva un sapore fresco&quot;, ha detto un buongustaio francese. &quot;Ho particolarmente apprezzato le specialit\u00e0 locali come gli xiaolongbao e il latte di soia. \u00c8 stato come fare un viaggio culinario attraverso Shanghai&quot;.\u201d<\/p><p>Anche la cena riceve recensioni entusiastiche. &quot;Una sera abbiamo cenato al ristorante e lo chef \u00e8 venuto a spiegarci il menu. La pancetta di maiale brasata era deliziosa, si scioglieva in bocca&quot;, ha raccontato una coppia italiana. &quot;L&#039;atmosfera con vista sul Bund ha contribuito alla magia.&quot;\u201c<\/p><div class=\"py-2 my-3\"><hr \/><\/div><h3>\u201c&quot;Un hotel che capisce cosa vogliono veramente i viaggiatori&quot;\u201d<\/h3><p>Oltre ai comfort, gli ospiti apprezzano il modo in cui Blossom House soddisfa le esigenze pi\u00f9 diverse: dalle famiglie alle coppie, dagli avventurieri solitari ai professionisti. &quot;Come viaggiatrice solitaria, mi sono sentita al sicuro e accolta&quot;, ha scritto un&#039;ospite indiana. &quot;Il centro fitness era ben attrezzato e la tranquilla area lounge era perfetta per leggere o lavorare&quot;.\u201c<\/p><p>I viaggiatori d&#039;affari apprezzano i dettagli pratici dell&#039;hotel. &quot;Il Wi-Fi ad alta velocit\u00e0, una postazione di lavoro dedicata in camera e il facile accesso alla stazione della metropolitana hanno reso il mio viaggio di lavoro un&#039;esperienza impeccabile&quot;, ha osservato un consulente di Hong Kong.<\/p><p>Anche le piccole cose hanno un grande impatto. &quot;Il drink di benvenuto all&#039;arrivo, le pantofole in camera, la bottiglia d&#039;acqua gratuita: tutto contribuisce a far sentire che ci si prende cura di noi&quot;, ha osservato un ospite abituale dai Paesi Bassi.<\/p><div class=\"py-2 my-3\"><hr \/><\/div><h3>\u201c&quot;Perch\u00e9 i viaggiatori continuano a tornare&quot;\u201d<\/h3><p>Il consenso schiacciante tra i recensori di Trip.com? Il Blossom House Shanghai On The Bund supera le aspettative. &quot;Questo \u00e8 ormai il mio hotel di riferimento a Shanghai&quot;, ha dichiarato un visitatore abituale dal Regno Unito. &quot;Ogni volta che ci soggiorno, scopro qualcosa di nuovo: il personale si ricorda di me, i panorami non stancano mai e la posizione \u00e8 imbattibile&quot;.\u201c<\/p><p>Un altro recensore lo ha riassunto perfettamente: &quot;Non \u00e8 solo un posto dove dormire; \u00e8 un luogo dove vivere l&#039;anima di Shanghai. Dal momento in cui metti piede dentro, ti senti parte di qualcosa di speciale&quot;.\u201c<\/p><div class=\"py-2 my-3\"><hr \/><\/div><h3>Considerazioni finali: prenota il tuo soggiorno in base a esperienze reali<\/h3><p>Con la sua posizione privilegiata, le camere lussuose, il servizio personalizzato e la cucina autentica, il Blossom House Shanghai On The Bund continua a conquistare cuori e recensioni elevate su Trip.com. Che stiate pianificando una fuga romantica, una vacanza in famiglia o un viaggio d&#039;affari, le storie vere dei nostri ospiti sono preziose.<\/p><p data-spm-anchor-id=\"a2ty_o01.29997173.0.i53.5931c921sKJoD0\"><strong>Pronti a creare la vostra esperienza indimenticabile?<\/strong><br \/>\ud83d\udc49 <a href=\"https:\/\/www.trip.com\/hotels\/shanghai-hotel-detail-69314532\/blossom-house-shanghai-on-the-bund\/?Allianceid=4590391&amp;SID=275557010&amp;trip_sub1=&amp;trip_sub3=D6944982\" target=\"_blank\" rel=\"nofollow noopener\">Leggi altre recensioni e prenota il tuo soggiorno su Trip.com <\/a><\/p>\t\t\t\t\t\t\t\t<\/div>\n\t\t\t\t\t<\/div>\n\t\t\t\t<\/div>\n\t\t\t\t<section class=\"elementor-section elementor-top-section elementor-element elementor-element-146af85f elementor-section-stretched elementor-section-boxed elementor-section-gap-beside-yes elementor-section-height-default elementor-section-height-default elementor-section-column-vertical-align-stretch\" data-id=\"146af85f\" data-element_type=\"section\" data-e-type=\"section\" data-settings=\"{&quot;background_background&quot;:&quot;classic&quot;,&quot;stretch_section&quot;:&quot;section-stretched&quot;}\">\n\t\t\t\t\t\t<div class=\"elementor-container elementor-column-gap-extended\">\n\t\t\t\t\t<div class=\"elementor-column elementor-col-100 elementor-top-column elementor-element elementor-element-74806027\" data-id=\"74806027\" data-element_type=\"column\" data-e-type=\"column\">\n\t\t\t<div class=\"elementor-widget-wrap elementor-element-populated\">\n\t\t\t\t\t\t<div class=\"elementor-element elementor-element-2b6fd031 elementor-widget elementor-widget-nuss-heading\" data-id=\"2b6fd031\" data-element_type=\"widget\" data-e-type=\"widget\" data-widget_type=\"nuss-heading.default\">\n\t\t\t\t<div class=\"elementor-widget-container\">\n\t\t\t\t\t\t\t<div class=\"nuss-modern-heading\">\r\n\t\t\t\t\t\t<div class=\"heading-secondary-wrap\">\r\n\t\t\t\t<h3 class=\"heading-secondary elementor-heading-title\">Controlla disponibile <\/h3>\t\t\t<\/div>\r\n\t\t\r\n\t\t\t\r\n\t\t\t\r\n\t\t\t\t\t<\/div>\r\n\t\t\t\t\t<\/div>\n\t\t\t\t<\/div>\n\t\t\t\t<div class=\"elementor-element elementor-element-23b2e5e7 elementor-widget elementor-widget-text-editor\" data-id=\"23b2e5e7\" data-element_type=\"widget\" data-e-type=\"widget\" data-widget_type=\"text-editor.default\">\n\t\t\t\t\t\t\t\t\t<iframe border=\"0\" src=\"https:\/\/www.trip.com\/partners\/ad\/S6940663?Allianceid=4590391&#038;SID=275557010&#038;trip_sub1=\" style=\"width:1200px;height:200px\" frameborder=\"0\" scrolling=\"no\" id=\"S6940663\"><\/iframe>\t\t\t\t\t\t\t\t<\/div>\n\t\t\t\t\t<\/div>\n\t\t<\/div>\n\t\t\t\t\t<\/div>\n\t\t<\/section>\n\t\t\t\t<\/div>","protected":false},"excerpt":{"rendered":"<p>Blossom House Shanghai On The Bund: Real Guest Reviews &amp; Unforgettable Experiences from Travelers Who Lived the Luxury Nestled at No. 386 Ren Min Road in Shanghai\u2019s historic Huangpu District, Blossom House Shanghai On The Bund isn\u2019t just a hotel\u2014it\u2019s a destination where travelers consistently report moments of delight, comfort, and awe. With an exceptional [&hellip;]<\/p>\n","protected":false},"author":1,"featured_media":0,"parent":0,"menu_order":0,"comment_status":"closed","ping_status":"closed","template":"","meta":{"footnotes":""},"class_list":["post-2106","page","type-page","status-publish","hentry","post-no-thumbnail"],"_links":{"self":[{"href":"https:\/\/blossomhouseshanghai.com\/it\/wp-json\/wp\/v2\/pages\/2106","targetHints":{"allow":["GET"]}}],"collection":[{"href":"https:\/\/blossomhouseshanghai.com\/it\/wp-json\/wp\/v2\/pages"}],"about":[{"href":"https:\/\/blossomhouseshanghai.com\/it\/wp-json\/wp\/v2\/types\/page"}],"author":[{"embeddable":true,"href":"https:\/\/blossomhouseshanghai.com\/it\/wp-json\/wp\/v2\/users\/1"}],"replies":[{"embeddable":true,"href":"https:\/\/blossomhouseshanghai.com\/it\/wp-json\/wp\/v2\/comments?post=2106"}],"version-history":[{"count":0,"href":"https:\/\/blossomhouseshanghai.com\/it\/wp-json\/wp\/v2\/pages\/2106\/revisions"}],"wp:attachment":[{"href":"https:\/\/blossomhouseshanghai.com\/it\/wp-json\/wp\/v2\/media?parent=2106"}],"curies":[{"name":"parola chiave","href":"https:\/\/api.w.org\/{rel}","templated":true}]}}