{"id":612,"date":"2021-03-26T10:04:13","date_gmt":"2021-03-26T10:04:13","guid":{"rendered":"http:\/\/localhost\/nuss\/?page_id=612"},"modified":"2025-11-18T08:54:11","modified_gmt":"2025-11-18T08:54:11","slug":"ristorante","status":"publish","type":"page","link":"https:\/\/blossomhouseshanghai.com\/it\/ristorante\/","title":{"rendered":"Ristorante"},"content":{"rendered":"<div data-elementor-type=\"wp-page\" data-elementor-id=\"612\" class=\"elementor elementor-612\">\n\t\t\t\t\t\t<section class=\"elementor-section elementor-top-section elementor-element elementor-element-e2effe8 elementor-section-boxed elementor-section-gap-beside-yes elementor-section-height-default elementor-section-height-default elementor-section-column-vertical-align-stretch\" data-id=\"e2effe8\" data-element_type=\"section\" data-e-type=\"section\">\n\t\t\t\t\t\t<div class=\"elementor-container elementor-column-gap-extended\">\n\t\t\t\t\t<div class=\"elementor-column elementor-col-100 elementor-top-column elementor-element elementor-element-e18f688\" data-id=\"e18f688\" data-element_type=\"column\" data-e-type=\"column\">\n\t\t\t<div class=\"elementor-widget-wrap elementor-element-populated\">\n\t\t\t\t\t\t<div class=\"elementor-element elementor-element-6db146d elementor-widget__width-initial elementor-invisible elementor-widget elementor-widget-text-editor\" data-id=\"6db146d\" data-element_type=\"widget\" data-e-type=\"widget\" data-settings=\"{&quot;_animation&quot;:&quot;nussFadeInUp&quot;}\" data-widget_type=\"text-editor.default\">\n\t\t\t\t\t\t\t\t\t<div class=\"svelte-1c06zsf\" data-lang-code=\"\"><p><strong data-spm-anchor-id=\"a2ty_o01.29997173.0.i71.5931c921sKJoD0\">Ristorante Blossom House Shanghai On The Bund: dove l&#039;anima culinaria di Shanghai incontra l&#039;eleganza artigianale<\/strong><\/p><\/div>\t\t\t\t\t\t\t\t<\/div>\n\t\t\t\t\t<\/div>\n\t\t<\/div>\n\t\t\t\t\t<\/div>\n\t\t<\/section>\n\t\t<div class=\"elementor-element elementor-element-764955e e-flex e-con-boxed e-con e-parent\" data-id=\"764955e\" data-element_type=\"container\" data-e-type=\"container\">\n\t\t\t\t\t<div class=\"e-con-inner\">\n\t\t<div class=\"elementor-element elementor-element-3a71d84 e-con-full e-flex e-con e-child\" data-id=\"3a71d84\" data-element_type=\"container\" data-e-type=\"container\">\n\t\t\t\t<div class=\"elementor-element elementor-element-81a00fb elementor-widget elementor-widget-text-editor\" data-id=\"81a00fb\" data-element_type=\"widget\" data-e-type=\"widget\" data-widget_type=\"text-editor.default\">\n\t\t\t\t\t\t\t\t\t<p data-spm-anchor-id=\"a2ty_o01.29997173.0.i73.5931c921sKJoD0\">Situato lungo le scintillanti acque del fiume Huangpu al numero 386 di Ren Min Road nello storico distretto di Huangpu di Shanghai, il <strong>Ristorante Blossom House Shanghai On The Bund<\/strong> offre pi\u00f9 di un semplice pasto: regala un viaggio sensoriale nel cuore di una delle capitali culinarie pi\u00f9 dinamiche del mondo. Come parte dell&#039;acclamato hotel di lusso a 5 stelle, la nostra esperienza culinaria \u00e8 pensata per i viaggiatori che cercano autenticit\u00e0, arte e atmosfera, il tutto a pochi passi dall&#039;iconica passeggiata del Bund.<\/p><div class=\"my-2\">\u00a0<\/div><p>Dal momento in cui varcate la soglia del nostro spazio dal design elegante, siete invitati ad assaporare l&#039;essenza di Shanghai: non solo i suoi sapori, ma anche le sue storie, la sua energia e il suo spirito. Il nostro ristorante non \u00e8 semplicemente un luogo in cui cenare; \u00e8 una celebrazione del patrimonio locale reinterpretato attraverso tecniche contemporanee, dove ogni piatto racconta la ricca evoluzione gastronomica della citt\u00e0.<\/p>\t\t\t\t\t\t\t\t<\/div>\n\t\t\t\t<\/div>\n\t\t<div class=\"elementor-element elementor-element-bb76a06 e-con-full e-flex e-con e-child\" data-id=\"bb76a06\" data-element_type=\"container\" data-e-type=\"container\">\n\t\t\t\t<div class=\"elementor-element elementor-element-636ac5f elementor-widget elementor-widget-image\" data-id=\"636ac5f\" data-element_type=\"widget\" data-e-type=\"widget\" data-widget_type=\"image.default\">\n\t\t\t\t\t\t\t\t\t\t\t\t\t\t\t<img fetchpriority=\"high\" decoding=\"async\" width=\"533\" height=\"853\" src=\"https:\/\/blossomhouseshanghai.com\/wp-content\/uploads\/2025\/11\/Blossom-House-Shanghai-106.webp\" class=\"attachment-large size-large wp-image-7301\" alt=\"\" srcset=\"https:\/\/blossomhouseshanghai.com\/wp-content\/uploads\/2025\/11\/Blossom-House-Shanghai-106.webp 533w, https:\/\/blossomhouseshanghai.com\/wp-content\/uploads\/2025\/11\/Blossom-House-Shanghai-106-187x300.webp 187w, https:\/\/blossomhouseshanghai.com\/wp-content\/uploads\/2025\/11\/Blossom-House-Shanghai-106-7x12.webp 7w\" sizes=\"(max-width: 533px) 100vw, 533px\" \/>\t\t\t\t\t\t\t\t\t\t\t\t\t\t\t<\/div>\n\t\t\t\t<\/div>\n\t\t\t\t\t<\/div>\n\t\t\t\t<\/div>\n\t\t<div class=\"elementor-element elementor-element-e5626a7 e-flex e-con-boxed e-con e-parent\" data-id=\"e5626a7\" data-element_type=\"container\" data-e-type=\"container\">\n\t\t\t\t\t<div class=\"e-con-inner\">\n\t\t\t\t<div class=\"elementor-element elementor-element-4ac24e6 elementor-widget elementor-widget-nuss-image-gallery\" data-id=\"4ac24e6\" data-element_type=\"widget\" data-e-type=\"widget\" data-widget_type=\"nuss-image-gallery.default\">\n\t\t\t\t<div class=\"elementor-widget-container\">\n\t\t\t\t\t\t\t<div class=\"nuss-grid-wrapper\" data-grid=\"{&quot;type&quot;:&quot;grid&quot;,&quot;ratio&quot;:null,&quot;columns&quot;:3,&quot;gutter&quot;:30}\">\r\n\t\t\t<div class=\"nuss-grid lazy-grid\">\r\n\t\t\t\t<div class=\"grid-sizer\"><\/div>\r\n\r\n\t\t\t\t\t\t\t\t\t\t\t\t<div class=\"grid-item\">\r\n\t\t\t\t\t\t<div class=\"nuss-box\">\t\t<div class=\"nuss-image image\">\r\n\t\t\t<img decoding=\"async\"  src=\"https:\/\/blossomhouseshanghai.com\/wp-content\/uploads\/2025\/11\/Blossom-House-Shanghai-100.webp\" alt=\"Casa dei Fiori Shanghai (100)\" \/>\t\t<\/div>\r\n\t\t\t\t<\/div>\t\t\t\t\t<\/div>\r\n\t\t\t\t\t\t<div class=\"grid-item\">\r\n\t\t\t\t\t\t<div class=\"nuss-box\">\t\t<div class=\"nuss-image image\">\r\n\t\t\t<img decoding=\"async\"  src=\"https:\/\/blossomhouseshanghai.com\/wp-content\/uploads\/2025\/11\/Blossom-House-Shanghai-110.webp\" alt=\"Casa dei fiori Shanghai (110)\" \/>\t\t<\/div>\r\n\t\t\t\t<\/div>\t\t\t\t\t<\/div>\r\n\t\t\t\t\t\t<div class=\"grid-item\">\r\n\t\t\t\t\t\t<div class=\"nuss-box\">\t\t<div class=\"nuss-image image\">\r\n\t\t\t<img decoding=\"async\"  src=\"https:\/\/blossomhouseshanghai.com\/wp-content\/uploads\/2025\/11\/Blossom-House-Shanghai-82.webp\" alt=\"Casa dei fiori Shanghai (82)\" \/>\t\t<\/div>\r\n\t\t\t\t<\/div>\t\t\t\t\t<\/div>\r\n\t\t\t\t\t\t<div class=\"grid-item\">\r\n\t\t\t\t\t\t<div class=\"nuss-box\">\t\t<div class=\"nuss-image image\">\r\n\t\t\t<img decoding=\"async\"  src=\"https:\/\/blossomhouseshanghai.com\/wp-content\/uploads\/2025\/11\/Blossom-House-Shanghai-83.webp\" alt=\"Casa dei Fiori Shanghai (83)\" \/>\t\t<\/div>\r\n\t\t\t\t<\/div>\t\t\t\t\t<\/div>\r\n\t\t\t\t\t\t<div class=\"grid-item\">\r\n\t\t\t\t\t\t<div class=\"nuss-box\">\t\t<div class=\"nuss-image image\">\r\n\t\t\t<img decoding=\"async\"  src=\"https:\/\/blossomhouseshanghai.com\/wp-content\/uploads\/2025\/11\/Blossom-House-Shanghai-88.webp\" alt=\"Casa dei fiori Shanghai (88)\" \/>\t\t<\/div>\r\n\t\t\t\t<\/div>\t\t\t\t\t<\/div>\r\n\t\t\t\t\t\t<div class=\"grid-item\">\r\n\t\t\t\t\t\t<div class=\"nuss-box\">\t\t<div class=\"nuss-image image\">\r\n\t\t\t<img decoding=\"async\"  src=\"https:\/\/blossomhouseshanghai.com\/wp-content\/uploads\/2025\/11\/Blossom-House-Shanghai-90.webp\" alt=\"Casa dei fiori Shanghai (90)\" \/>\t\t<\/div>\r\n\t\t\t\t<\/div>\t\t\t\t\t<\/div>\r\n\t\t\t\t\t\t<div class=\"grid-item\">\r\n\t\t\t\t\t\t<div class=\"nuss-box\">\t\t<div class=\"nuss-image image\">\r\n\t\t\t<img decoding=\"async\"  src=\"https:\/\/blossomhouseshanghai.com\/wp-content\/uploads\/2025\/11\/Blossom-House-Shanghai-77.webp\" alt=\"Casa dei fiori Shanghai (77)\" \/>\t\t<\/div>\r\n\t\t\t\t<\/div>\t\t\t\t\t<\/div>\r\n\t\t\t\t\t\t<div class=\"grid-item\">\r\n\t\t\t\t\t\t<div class=\"nuss-box\">\t\t<div class=\"nuss-image image\">\r\n\t\t\t<img decoding=\"async\"  src=\"https:\/\/blossomhouseshanghai.com\/wp-content\/uploads\/2025\/11\/Blossom-House-Shanghai-76.webp\" alt=\"Casa dei fiori Shanghai (76)\" \/>\t\t<\/div>\r\n\t\t\t\t<\/div>\t\t\t\t\t<\/div>\r\n\t\t\t\t\t\t<div class=\"grid-item\">\r\n\t\t\t\t\t\t<div class=\"nuss-box\">\t\t<div class=\"nuss-image image\">\r\n\t\t\t<img decoding=\"async\"  src=\"https:\/\/blossomhouseshanghai.com\/wp-content\/uploads\/2025\/11\/Blossom-House-Shanghai-60.webp\" alt=\"Casa dei Fiori Shanghai (60)\" \/>\t\t<\/div>\r\n\t\t\t\t<\/div>\t\t\t\t\t<\/div>\r\n\t\t\t\t\t\t<div class=\"grid-item\">\r\n\t\t\t\t\t\t<div class=\"nuss-box\">\t\t<div class=\"nuss-image image\">\r\n\t\t\t<img decoding=\"async\"  src=\"https:\/\/blossomhouseshanghai.com\/wp-content\/uploads\/2025\/11\/Blossom-House-Shanghai-49.webp\" alt=\"Casa dei fiori Shanghai (49)\" \/>\t\t<\/div>\r\n\t\t\t\t<\/div>\t\t\t\t\t<\/div>\r\n\t\t\t\t\t\t<div class=\"grid-item\">\r\n\t\t\t\t\t\t<div class=\"nuss-box\">\t\t<div class=\"nuss-image image\">\r\n\t\t\t<img decoding=\"async\"  src=\"https:\/\/blossomhouseshanghai.com\/wp-content\/uploads\/2025\/11\/Blossom-House-Shanghai-69.webp\" alt=\"Casa dei fiori Shanghai (69)\" \/>\t\t<\/div>\r\n\t\t\t\t<\/div>\t\t\t\t\t<\/div>\r\n\t\t\t\t\t\t<div class=\"grid-item\">\r\n\t\t\t\t\t\t<div class=\"nuss-box\">\t\t<div class=\"nuss-image image\">\r\n\t\t\t<img decoding=\"async\"  src=\"https:\/\/blossomhouseshanghai.com\/wp-content\/uploads\/2025\/11\/Blossom-House-Shanghai-68.webp\" alt=\"Casa dei Fiori Shanghai (68)\" \/>\t\t<\/div>\r\n\t\t\t\t<\/div>\t\t\t\t\t<\/div>\r\n\t\t\t\t\t\t<div class=\"grid-item\">\r\n\t\t\t\t\t\t<div class=\"nuss-box\">\t\t<div class=\"nuss-image image\">\r\n\t\t\t<img decoding=\"async\"  src=\"https:\/\/blossomhouseshanghai.com\/wp-content\/uploads\/2025\/11\/Blossom-House-Shanghai-59.webp\" alt=\"Casa dei fiori Shanghai (59)\" \/>\t\t<\/div>\r\n\t\t\t\t<\/div>\t\t\t\t\t<\/div>\r\n\t\t\t\t\t\t<div class=\"grid-item\">\r\n\t\t\t\t\t\t<div class=\"nuss-box\">\t\t<div class=\"nuss-image image\">\r\n\t\t\t<img decoding=\"async\"  src=\"https:\/\/blossomhouseshanghai.com\/wp-content\/uploads\/2025\/11\/Blossom-House-Shanghai-67.webp\" alt=\"Casa dei fiori Shanghai (67)\" \/>\t\t<\/div>\r\n\t\t\t\t<\/div>\t\t\t\t\t<\/div>\r\n\t\t\t\t\t\t<div class=\"grid-item\">\r\n\t\t\t\t\t\t<div class=\"nuss-box\">\t\t<div class=\"nuss-image image\">\r\n\t\t\t<img decoding=\"async\"  src=\"https:\/\/blossomhouseshanghai.com\/wp-content\/uploads\/2025\/11\/Blossom-House-Shanghai-44.webp\" alt=\"Casa dei fiori Shanghai (44)\" \/>\t\t<\/div>\r\n\t\t\t\t<\/div>\t\t\t\t\t<\/div>\r\n\t\t\t\t\t\t\t\r\n\t\t\t<\/div>\r\n\t\t<\/div>\r\n\t\t\t\t\t\t<\/div>\n\t\t\t\t<\/div>\n\t\t\t\t\t<\/div>\n\t\t\t\t<\/div>\n\t\t<div class=\"elementor-element elementor-element-d05381b e-flex e-con-boxed e-con e-parent\" data-id=\"d05381b\" data-element_type=\"container\" data-e-type=\"container\">\n\t\t\t\t\t<div class=\"e-con-inner\">\n\t\t\t\t<div class=\"elementor-element elementor-element-53bd849 elementor-widget elementor-widget-text-editor\" data-id=\"53bd849\" data-element_type=\"widget\" data-e-type=\"widget\" data-widget_type=\"text-editor.default\">\n\t\t\t\t\t\t\t\t\t<h3 data-spm-anchor-id=\"a2ty_o01.29997173.0.i74.5931c921sKJoD0\">Un&#039;esperienza di colazione curata: inizia la giornata con Shanghai in bocca<\/h3><p>Inizia la tua esplorazione di Shanghai con il nostro <strong>colazione a buffet artigianale<\/strong>, un vivace mosaico di delizie locali e internazionali che d\u00e0 il tono a una giornata indimenticabile. Che abbiate voglia del delicato vapore degli xiaolongbao appena fatti, del confortante calore del latte di soia e dello youtiao, o del fascino internazionale dei dolci continentali e dei succhi di frutta freschi, la nostra colazione soddisfer\u00e0 ogni palato.<\/p><div class=\"my-2\">\u00a0<\/div><p>Gli ospiti sono entusiasti della presentazione accurata e della qualit\u00e0: &quot;La colazione era incredibile, cos\u00ec varia e tutto aveva un sapore fresco&quot;, ha detto un buongustaio francese. &quot;Ho particolarmente apprezzato le specialit\u00e0 locali come gli xiaolongbao e il latte di soia. \u00c8 stato come fare un viaggio culinario attraverso Shanghai&quot;.\u201c<\/p><div class=\"my-2\">\u00a0<\/div><p>Gli orari della colazione sono pensati per la vostra comodit\u00e0:<\/p><ul dir=\"auto\"><li><strong>dal luned\u00ec al venerd\u00ec<\/strong>: 07:00\u201310:00<\/li><li><strong>Sabato e domenica<\/strong>: 07:00\u201310:30<\/li><\/ul><div class=\"my-2\">\u00a0<\/div><p>I prezzi sono adatti alle famiglie:<\/p><ul dir=\"auto\"><li>Bambini sotto 1,2 m: Gratis<\/li><li>Bambini 1,2\u20131,4 mesi: CNY 79<\/li><li>Adulti e bambini sopra 1,4 m: CNY 138<\/li><\/ul><div class=\"my-2\">\u00a0<\/div><p>Che tu voglia fare il pieno di energie per una giornata di visite turistiche o goderti una mattinata tranquilla con vista sul Bund, la nostra colazione \u00e8 pensata per deliziarti.<\/p><div class=\"my-2\">\u00a0<\/div><h3>Cena con vista: assapora Shanghai sotto le stelle<\/h3><p>Mentre la luce del giorno cala e l&#039;architettura coloniale del Bund risplende contro il cielo notturno, il nostro ristorante si trasforma in un&#039;intima oasi per una cena serale. Qui troverete men\u00f9 attentamente curati dai nostri chef, che fondono le antiche ricette di Shanghai con un tocco moderno. Immaginate pancetta di maiale brasata cos\u00ec tenera da sciogliersi in bocca, gamberi di fiume saltati in padella pieni di freschezza e piatti esclusivi che riflettono la fusione tra Oriente e Occidente della citt\u00e0.<\/p><div class=\"my-2\">\u00a0<\/div><p>\u201c&quot;La cena \u00e8 stata memorabile: lo chef \u00e8 venuto a spiegare il menu&quot;, ha commentato una coppia italiana. &quot;La pancetta di maiale brasata era deliziosa, si scioglieva in bocca. L&#039;atmosfera con vista sul Bund ha contribuito alla magia.&quot;\u201d<\/p><div class=\"my-2\">\u00a0<\/div><p>Il nostro concetto di cucina a vista permette agli ospiti di ammirare l&#039;arte dietro ogni piatto, mentre il nostro personale attento si assicura che ogni dettaglio, dagli abbinamenti dei vini alle preferenze alimentari, sia curato con cura. Per chi desidera un&#039;occasione davvero speciale, sono disponibili opzioni per cene private, con men\u00f9 personalizzati e una vista mozzafiato sul lungofiume.<\/p><div class=\"my-2\">\u00a0<\/div><h3>Cene a tema e collegamenti culturali<\/h3><p>Alla Blossom House, crediamo che la cena debba essere un&#039;esperienza immersiva. Ecco perch\u00e9 il nostro ristorante va oltre il piatto, offrendo esperienze che vi connettono alla cultura di Shanghai. Attraverso il nostro esclusivo <strong>Servizio di concierge culturale<\/strong>, possiamo organizzare cene a tema con specialit\u00e0 regionali, dimostrazioni di cucina o anche degustazioni guidate di t\u00e8 e liquori locali.<\/p><div class=\"my-2\">\u00a0<\/div><p>Le famiglie adoreranno il nostro approccio giocoso ma sofisticato alla ristorazione per bambini, soprattutto se abbinato al nostro popolare <strong>Camera familiare a tema Ultraman<\/strong>\u2014perfetto per creare ricordi duraturi dopo una giornata di avventure.<\/p><div class=\"my-2\">\u00a0<\/div><h3>Perch\u00e9 scegliere il nostro ristorante?<\/h3><ul dir=\"auto\"><li><strong>Sapori locali autentici<\/strong>: Ove possibile, ci riforniamo di ingredienti locali, garantendo la freschezza e supportando i produttori regionali.<\/li><li><strong>Artigianato artigianale<\/strong>: Ogni piatto \u00e8 preparato con precisione, passione e rispetto per la tradizione.<\/li><li><strong>Posizione imbattibile<\/strong>: Cenate con vista panoramica sul Bund, sul Giardino Yu e sullo skyline di Pudong: non c&#039;\u00e8 bisogno di uscire dall&#039;hotel per ammirare i panorami pi\u00f9 iconici di Shanghai.<\/li><li><strong>Servizio personalizzato<\/strong>: Dai drink di benvenuto ai consigli personalizzati, il nostro team anticipa le vostre esigenze e supera le aspettative.<\/li><li><strong>Opzioni di ristorazione flessibili<\/strong>: Che tu voglia mangiare un boccone veloce prima di una riunione o soffermarti su un banchetto con pi\u00f9 portate, ci adattiamo ai tuoi impegni e al tuo stile.<\/li><\/ul><div class=\"my-2\">\u00a0<\/div><h3>Pi\u00f9 di un pasto: \u00e8 un ricordo<\/h3><p>Gli ospiti considerano costantemente il nostro ristorante uno dei momenti salienti del loro soggiorno. &quot;Assaporate l&#039;anima di Shanghai al Blossom House&quot;, scrive un recensore di Trip.com. &quot;La nostra cucina artigianale fonde sapori locali con un tocco internazionale, offrendo una colazione a buffet curata e pasti memorabili. Cenate in un comfort elegante, dove ogni piatto racconta la storia della vivace tradizione culinaria della citt\u00e0, completando perfettamente la vostra fuga di lusso sul Bund.&quot;\u201c<\/p><div class=\"my-2\">\u00a0<\/div><p>Per viaggiatori d&#039;affari, coppie romantiche, famiglie o esploratori solitari, il nostro ristorante offre pi\u00f9 di un semplice pasto: crea un legame. Un legame con la citt\u00e0, con la sua storia e con le persone che la chiamano casa.<\/p><div class=\"my-2\">\u00a0<\/div><div class=\"py-2 my-3\"><hr \/><\/div><div class=\"my-2\">\u00a0<\/div><p><strong>Pianifica oggi stesso la tua avventura culinaria<\/strong><\/p><div class=\"my-2\">\u00a0<\/div><p data-spm-anchor-id=\"a2ty_o01.29997173.0.i75.5931c921sKJoD0\">Pronti ad assaporare l&#039;anima di Shanghai? Prenotate il vostro tavolo al Blossom House Shanghai On The Bund Restaurant e lasciatevi guidare attraverso un pasto indimenticabile come la citt\u00e0 stessa.<\/p>\t\t\t\t\t\t\t\t<\/div>\n\t\t\t\t\t<\/div>\n\t\t\t\t<\/div>\n\t\t\t\t<section class=\"elementor-section elementor-top-section elementor-element elementor-element-512ebc18 elementor-section-stretched elementor-section-boxed elementor-section-gap-beside-yes elementor-section-height-default elementor-section-height-default elementor-section-column-vertical-align-stretch\" data-id=\"512ebc18\" data-element_type=\"section\" data-e-type=\"section\" data-settings=\"{&quot;background_background&quot;:&quot;classic&quot;,&quot;stretch_section&quot;:&quot;section-stretched&quot;}\">\n\t\t\t\t\t\t<div class=\"elementor-container elementor-column-gap-extended\">\n\t\t\t\t\t<div class=\"elementor-column elementor-col-100 elementor-top-column elementor-element elementor-element-5ac4eaa5\" data-id=\"5ac4eaa5\" data-element_type=\"column\" data-e-type=\"column\">\n\t\t\t<div class=\"elementor-widget-wrap elementor-element-populated\">\n\t\t\t\t\t\t<div class=\"elementor-element elementor-element-b298fad elementor-widget elementor-widget-nuss-heading\" data-id=\"b298fad\" data-element_type=\"widget\" data-e-type=\"widget\" data-widget_type=\"nuss-heading.default\">\n\t\t\t\t<div class=\"elementor-widget-container\">\n\t\t\t\t\t\t\t<div class=\"nuss-modern-heading\">\r\n\t\t\t\t\t\t<div class=\"heading-secondary-wrap\">\r\n\t\t\t\t<h3 class=\"heading-secondary elementor-heading-title\">Controlla disponibile <\/h3>\t\t\t<\/div>\r\n\t\t\r\n\t\t\t\r\n\t\t\t\r\n\t\t\t\t\t<\/div>\r\n\t\t\t\t\t<\/div>\n\t\t\t\t<\/div>\n\t\t\t\t<div class=\"elementor-element elementor-element-56c843eb elementor-widget elementor-widget-text-editor\" data-id=\"56c843eb\" data-element_type=\"widget\" data-e-type=\"widget\" data-widget_type=\"text-editor.default\">\n\t\t\t\t\t\t\t\t\t<iframe border=\"0\" src=\"https:\/\/www.trip.com\/partners\/ad\/S6940663?Allianceid=4590391&#038;SID=275557010&#038;trip_sub1=\" style=\"width:1200px;height:200px\" frameborder=\"0\" scrolling=\"no\" id=\"S6940663\"><\/iframe>\t\t\t\t\t\t\t\t<\/div>\n\t\t\t\t\t<\/div>\n\t\t<\/div>\n\t\t\t\t\t<\/div>\n\t\t<\/section>\n\t\t\t\t<\/div>","protected":false},"excerpt":{"rendered":"<p>Blossom House Shanghai On The Bund Restaurant: Where Shanghai\u2019s Culinary Soul Meets Artisanal Elegance Nestled along the shimmering waters of the Huangpu River at No. 386 Ren Min Road in Shanghai\u2019s historic Huangpu District, the Blossom House Shanghai On The Bund Restaurant offers more than just a meal\u2014it delivers a sensory journey through the heart [&hellip;]<\/p>\n","protected":false},"author":1,"featured_media":0,"parent":0,"menu_order":0,"comment_status":"closed","ping_status":"closed","template":"","meta":{"footnotes":""},"class_list":["post-612","page","type-page","status-publish","hentry","post-no-thumbnail"],"_links":{"self":[{"href":"https:\/\/blossomhouseshanghai.com\/it\/wp-json\/wp\/v2\/pages\/612","targetHints":{"allow":["GET"]}}],"collection":[{"href":"https:\/\/blossomhouseshanghai.com\/it\/wp-json\/wp\/v2\/pages"}],"about":[{"href":"https:\/\/blossomhouseshanghai.com\/it\/wp-json\/wp\/v2\/types\/page"}],"author":[{"embeddable":true,"href":"https:\/\/blossomhouseshanghai.com\/it\/wp-json\/wp\/v2\/users\/1"}],"replies":[{"embeddable":true,"href":"https:\/\/blossomhouseshanghai.com\/it\/wp-json\/wp\/v2\/comments?post=612"}],"version-history":[{"count":0,"href":"https:\/\/blossomhouseshanghai.com\/it\/wp-json\/wp\/v2\/pages\/612\/revisions"}],"wp:attachment":[{"href":"https:\/\/blossomhouseshanghai.com\/it\/wp-json\/wp\/v2\/media?parent=612"}],"curies":[{"name":"parola chiave","href":"https:\/\/api.w.org\/{rel}","templated":true}]}}