{"id":647,"date":"2021-03-29T02:13:52","date_gmt":"2021-03-29T02:13:52","guid":{"rendered":"http:\/\/localhost\/nuss\/?page_id=647"},"modified":"2025-11-18T08:57:33","modified_gmt":"2025-11-18T08:57:33","slug":"servizi","status":"publish","type":"page","link":"https:\/\/blossomhouseshanghai.com\/it\/servizi\/","title":{"rendered":"Servizi"},"content":{"rendered":"<div data-elementor-type=\"wp-page\" data-elementor-id=\"647\" class=\"elementor elementor-647\">\n\t\t\t\t\t\t<section class=\"elementor-section elementor-top-section elementor-element elementor-element-3353bc8 elementor-section-boxed elementor-section-gap-beside-yes elementor-section-height-default elementor-section-height-default elementor-section-column-vertical-align-stretch\" data-id=\"3353bc8\" data-element_type=\"section\" data-e-type=\"section\">\n\t\t\t\t\t\t<div class=\"elementor-container elementor-column-gap-extended\">\n\t\t\t\t\t<div class=\"elementor-column elementor-col-100 elementor-top-column elementor-element elementor-element-0a2bc64\" data-id=\"0a2bc64\" data-element_type=\"column\" data-e-type=\"column\">\n\t\t\t<div class=\"elementor-widget-wrap elementor-element-populated\">\n\t\t\t\t\t\t<div class=\"elementor-element elementor-element-447e3ef elementor-widget__width-initial elementor-invisible elementor-widget elementor-widget-text-editor\" data-id=\"447e3ef\" data-element_type=\"widget\" data-e-type=\"widget\" data-settings=\"{&quot;_animation&quot;:&quot;nussFadeInUp&quot;}\" data-widget_type=\"text-editor.default\">\n\t\t\t\t\t\t\t\t\t<div class=\"svelte-1c06zsf\" data-lang-code=\"\"><p><strong data-spm-anchor-id=\"a2ty_o01.29997173.0.i80.5931c921sKJoD0\">Blossom House Shanghai On The Bund: dove il servizio su misura incontra l&#039;anima di Shanghai<\/strong><\/p><\/div>\t\t\t\t\t\t\t\t<\/div>\n\t\t\t\t\t<\/div>\n\t\t<\/div>\n\t\t\t\t\t<\/div>\n\t\t<\/section>\n\t\t<div class=\"elementor-element elementor-element-76953f7 e-flex e-con-boxed e-con e-parent\" data-id=\"76953f7\" data-element_type=\"container\" data-e-type=\"container\">\n\t\t\t\t\t<div class=\"e-con-inner\">\n\t\t\t\t<div class=\"elementor-element elementor-element-2f32cd6 elementor-widget elementor-widget-text-editor\" data-id=\"2f32cd6\" data-element_type=\"widget\" data-e-type=\"widget\" data-widget_type=\"text-editor.default\">\n\t\t\t\t\t\t\t\t\t<p data-spm-anchor-id=\"a2ty_o01.29997173.0.i81.5931c921sKJoD0\">Al Blossom House Shanghai On The Bund, il servizio non \u00e8 una lista di controllo, \u00e8 una filosofia. Situato al numero 386 di Ren Min Road, nel cuore dello storico quartiere Huangpu di Shanghai, il nostro hotel di lusso a 5 stelle ridefinisce l&#039;ospitalit\u00e0 intrecciando assistenza personalizzata, approfondimenti culturali e comfort moderni in ogni momento del vostro soggiorno. Qui, non siete solo ospiti; siete i protagonisti della vostra storia di Shanghai, e il nostro team \u00e8 qui per garantire che si svolga con grazia, semplicit\u00e0 e momenti indimenticabili.<\/p><div class=\"my-2\">\u00a0<\/div><h3>The Cultural Concierge: la tua guida personale ai tesori nascosti di Shanghai<\/h3><p>Ci\u00f2 che veramente distingue Blossom House \u00e8 il nostro <strong>Concierge culturale<\/strong>\u2014un servizio unico pensato per i viaggiatori che cercano pi\u00f9 di una semplice visita turistica. I nostri concierge non sono semplici sportelli informativi; sono narratori, esperti locali e ambasciatori culturali. Che siate visitatori alle prime armi o esploratori esperti, creeranno itinerari personalizzati in base ai vostri interessi, dalla scoperta di sale da t\u00e8 segrete in antichi nong tang all&#039;accesso VIP a gallerie d&#039;arte contemporanea come il Rockbund Art Museum.<\/p><div class=\"my-2\">\u00a0<\/div><p>Immagina di sorseggiare un t\u00e8 al gelsomino in un giardino interno conosciuto solo dalla gente del posto, o di essere guidato tra le bancarelle affollate del mercato del Giardino Yu con consigli preziosi su dove trovare i migliori xiaolongbao. Il nostro Concierge Culturale non si limita a dirti cosa vedere, ti mostra anche come farlo. <em>Tatto<\/em> Shanghai. Per i viaggiatori d&#039;affari, possono organizzare cene private in ristoranti nascosti, perfetti per meeting con i clienti. Per le famiglie, organizzano cacce al tesoro nei vicoli pi\u00f9 suggestivi della citt\u00e0. E per i romantici? Organizzano cene a lume di candela con vista sullo skyline illuminato del Bund. Non si tratta solo di un servizio impeccabile, ma di un&#039;esperienza che vi connette profondamente con l&#039;anima della citt\u00e0.<\/p><div class=\"my-2\">\u00a0<\/div><h3>Reception 24 ore su 24, 7 giorni su 7 e supporto continuo<\/h3><p>Il vostro comfort \u00e8 la nostra priorit\u00e0, ecco perch\u00e9 la nostra reception \u00e8 aperta 24 ore su 24. Che abbiate bisogno di assistenza alle 3 del mattino o vogliate prenotare una cena last minute, il nostro personale multilingue \u00e8 sempre pronto ad aiutarvi. Gli ospiti elogiano costantemente la cordialit\u00e0 e l&#039;efficienza del nostro team: molti notano che il personale ricorda i loro nomi, le loro preferenze e persino le occasioni speciali. &quot;Il personale ha fatto di tutto per soddisfare ogni esigenza&quot;, ha raccontato un ospite dalla Germania. &quot;Si sono ricordati del mio ordine di caff\u00e8 e ci hanno persino offerto una camera di categoria superiore perch\u00e9 stavamo festeggiando il nostro anniversario&quot;.\u201c<\/p><div class=\"my-2\">\u00a0<\/div><p>Sappiamo che viaggiare pu\u00f2 essere imprevedibile, quindi offriamo soluzioni flessibili per ogni esigenza, dall&#039;organizzazione di check-out posticipati all&#039;assistenza per orientarsi nella metropolitana di Shanghai. Hai bisogno di strumenti di traduzione? Li abbiamo. Cerchi consigli sul miglior street food locale? Il nostro team ti indicher\u00e0 la giusta direzione. Alla Blossom House, nessuna richiesta \u00e8 troppo piccola e nessun dettaglio viene trascurato.<\/p><div class=\"my-2\">\u00a0<\/div><h3>Centro fitness all&#039;avanguardia: ricaricati con stile<\/h3><p>Per gli ospiti che danno priorit\u00e0 al benessere, il nostro <strong>centro fitness all&#039;avanguardia<\/strong> Offre un&#039;oasi di pace nel cuore della citt\u00e0. Aperta 24 ore su 24, 7 giorni su 7, la palestra \u00e8 dotata di macchinari cardio all&#039;avanguardia, attrezzature per l&#039;allenamento della forza e pesi liberi, il tutto con vista panoramica sulla citt\u00e0 sullo sfondo. Che vogliate allenarvi la mattina prima di una giornata di riunioni o rilassarvi con una sessione dopo cena, il nostro centro fitness vi permetter\u00e0 di mantenere la vostra routine senza rinunciare al comfort.<\/p><div class=\"my-2\">\u00a0<\/div><p>Per chi cerca un approccio pi\u00f9 olistico al benessere, il nostro concierge pu\u00f2 organizzare sessioni di yoga in camera, lezioni di meditazione guidata o trattamenti benessere presso le vicine spa di lusso. Dopo una lunga giornata trascorsa a esplorare il Bund o a partecipare a riunioni di lavoro, non c&#039;\u00e8 modo migliore per ricaricarsi che con un allenamento intenso seguito da un bagno rilassante nella vasca da bagno della vostra camera.<\/p><div class=\"my-2\">\u00a0<\/div><h3>Opzioni di ristorazione flessibili: assapora Shanghai alle tue condizioni<\/h3><p>Il nostro impegno per il servizio si estende all&#039;esperienza culinaria. Sebbene il nostro ristorante artigianale offra colazioni a buffet curate e pasti memorabili, comprendiamo che gli orari possono variare. Ecco perch\u00e9 offriamo <strong>opzioni flessibili per la colazione<\/strong>, incluso il servizio mattutino e il servizio in camera per chi preferisce cenare nel comfort della propria camera.<\/p><div class=\"my-2\">\u00a0<\/div><p>Gli orari della colazione sono attentamente programmati:<\/p><ul dir=\"auto\"><li><strong>dal luned\u00ec al venerd\u00ec<\/strong>: 07:00\u201310:00<\/li><li><strong>Sabato e domenica<\/strong>: 07:00\u201310:30<\/li><\/ul><div class=\"my-2\">\u00a0<\/div><p>I prezzi sono adatti alle famiglie, con sconti per i bambini:<\/p><ul dir=\"auto\"><li>Bambini sotto 1,2 m: Gratis<\/li><li>Bambini 1,2\u20131,4 mesi: CNY 79<\/li><li>Adulti e bambini sopra 1,4 m: CNY 138<\/li><\/ul><div class=\"my-2\">\u00a0<\/div><p>Per i viaggiatori d&#039;affari, offriamo angoli tranquilli e riservati per lavorare sorseggiando un caff\u00e8 o per organizzare riunioni informali. Le famiglie apprezzano l&#039;approccio giocoso ma sofisticato alla ristorazione per bambini, soprattutto se abbinato alla nostra apprezzata Ultraman Theme Family Room. E per le coppie romantiche, possiamo organizzare cene intime con menu personalizzati e viste mozzafiato sul lungofiume.<\/p><div class=\"my-2\">\u00a0<\/div><h3>Servizi aziendali: la produttivit\u00e0 incontra il lusso<\/h3><p>Blossom House soddisfa perfettamente le esigenze dei viaggiatori d&#039;affari grazie alla sua posizione strategica vicino al quartiere finanziario di Shanghai e alle sue strutture per meeting di livello mondiale. I nostri spazi per eventi sono dotati di tecnologie audiovisive all&#039;avanguardia, Wi-Fi ad alta velocit\u00e0 e disposizione flessibile dei posti a sedere, rendendoli ideali per presentazioni in sala riunioni, sessioni di brainstorming di gruppo o pranzi con i clienti. Il team dedicato all&#039;organizzazione di eventi dell&#039;hotel si occupa di ogni dettaglio, dall&#039;allestimento allo smontaggio, cos\u00ec potrete concentrarvi sui vostri impegni.<\/p><div class=\"my-2\">\u00a0<\/div><p>Per i professionisti che lavorano da soli, le nostre sale sono progettate come santuari produttivi, con ampie scrivanie, sedie ergonomiche e connettivit\u00e0 premium. Hai bisogno di stampare documenti o scansionare contratti? Il nostro business center \u00e8 la soluzione ideale. E se devi gestire pi\u00f9 riunioni consecutive, il nostro concierge pu\u00f2 organizzare la consegna dei pasti in camera o nella sala riunioni, assicurandoti di rimanere carico per tutta la giornata.<\/p><div class=\"my-2\">\u00a0<\/div><h3>Servizi per famiglie: creare ricordi duraturi<\/h3><p>Le famiglie sono al centro dell&#039;etica di Blossom House. Dall&#039;eccentrico <strong>Camera familiare a tema Ultraman<\/strong>, che delizia i bambini con il suo arredamento vivace e la biancheria da letto ispirata ai personaggi, fino all&#039;attenta inclusione delle culle (gratuite per i bambini fino a 6 anni), ogni dettaglio \u00e8 studiato per rendere il viaggio in famiglia piacevole e piacevole.<\/p><div class=\"my-2\">\u00a0<\/div><p>Il nostro personale fa il possibile per garantire che i bambini si sentano benvenuti, che si tratti di lasciare un piccolo regalo all&#039;arrivo, consigliare attrazioni adatte ai bambini o aiutare i genitori a orientarsi nel sistema di trasporto pubblico della citt\u00e0. &quot;La stanza Ultraman \u00e8 stata un successo con nostro figlio: non voleva pi\u00f9 andarsene!&quot;, ha osservato un genitore del Regno Unito. &quot;E il personale gli ha persino portato un piccolo regalo quando ha visto che stava festeggiando il suo compleanno&quot;.\u201c<\/p><div class=\"my-2\">\u00a0<\/div><h3>Accessibilit\u00e0 e comodit\u00e0: progettato per ogni viaggiatore<\/h3><p>Crediamo che il lusso debba essere inclusivo, ed \u00e8 per questo che Blossom House offre servizi pensati per ogni tipo di viaggiatore. Il parcheggio in loco \u00e8 disponibile per gli ospiti che arrivano in auto e la vicinanza alla stazione della metropolitana Yuyuan Garden (a soli 0,23 km di distanza) rende agevole spostarsi in citt\u00e0. Si accettano la maggior parte delle principali carte di credito e, per una maggiore comodit\u00e0, anche i contanti.<\/p><div class=\"my-2\">\u00a0<\/div><p>Per i visitatori internazionali, forniamo strumenti di traduzione e supporto per garantire una comunicazione fluida. E sebbene non offriamo trasferimenti aeroportuali, il nostro concierge pu\u00f2 assistervi nella prenotazione di taxi o servizi di ride-sharing da e per gli aeroporti di Hongqiao e Pudong.<\/p><div class=\"my-2\">\u00a0<\/div><div class=\"py-2 my-3\"><hr \/><\/div><div class=\"my-2\">\u00a0<\/div><p><strong>Perch\u00e9 scegliere Blossom House per il tuo soggiorno?<\/strong><\/p><div class=\"my-2\">\u00a0<\/div><p>Al Blossom House Shanghai On The Bund, il servizio non \u00e8 un dettaglio secondario: \u00e8 il fondamento di tutto ci\u00f2 che facciamo. Dal momento in cui varcate la soglia, non sarete accolti dal personale, ma da narratori che si impegnano a rendere il vostro soggiorno straordinario. Che siate qui per lavoro, romanticismo, divertimento in famiglia o esplorazione culturale, il nostro team si impegna ad anticipare le vostre esigenze, superare le vostre aspettative e creare un soggiorno che sia unico e personalizzato.<\/p><div class=\"my-2\">\u00a0<\/div><p data-spm-anchor-id=\"a2ty_o01.29997173.0.i82.5931c921sKJoD0\">Venite a scoprire la vera ospitalit\u00e0, non solo a Shanghai, ma nel cuore del lungomare pi\u00f9 iconico della citt\u00e0. Benvenuti alla Blossom House, dove ogni dettaglio \u00e8 pensato per rendere il vostro soggiorno indimenticabile.<\/p>\t\t\t\t\t\t\t\t<\/div>\n\t\t\t\t\t<\/div>\n\t\t\t\t<\/div>\n\t\t\t\t<section class=\"elementor-section elementor-top-section elementor-element elementor-element-7bce1c0b elementor-section-stretched elementor-section-boxed elementor-section-gap-beside-yes elementor-section-height-default elementor-section-height-default elementor-section-column-vertical-align-stretch\" data-id=\"7bce1c0b\" data-element_type=\"section\" data-e-type=\"section\" data-settings=\"{&quot;background_background&quot;:&quot;classic&quot;,&quot;stretch_section&quot;:&quot;section-stretched&quot;}\">\n\t\t\t\t\t\t<div class=\"elementor-container elementor-column-gap-extended\">\n\t\t\t\t\t<div class=\"elementor-column elementor-col-100 elementor-top-column elementor-element elementor-element-7c7178fe\" data-id=\"7c7178fe\" data-element_type=\"column\" data-e-type=\"column\">\n\t\t\t<div class=\"elementor-widget-wrap elementor-element-populated\">\n\t\t\t\t\t\t<div class=\"elementor-element elementor-element-2f9d31f9 elementor-widget elementor-widget-nuss-heading\" data-id=\"2f9d31f9\" data-element_type=\"widget\" data-e-type=\"widget\" data-widget_type=\"nuss-heading.default\">\n\t\t\t\t<div class=\"elementor-widget-container\">\n\t\t\t\t\t\t\t<div class=\"nuss-modern-heading\">\r\n\t\t\t\t\t\t<div class=\"heading-secondary-wrap\">\r\n\t\t\t\t<h3 class=\"heading-secondary elementor-heading-title\">Controlla disponibile <\/h3>\t\t\t<\/div>\r\n\t\t\r\n\t\t\t\r\n\t\t\t\r\n\t\t\t\t\t<\/div>\r\n\t\t\t\t\t<\/div>\n\t\t\t\t<\/div>\n\t\t\t\t<div class=\"elementor-element elementor-element-57084baf elementor-widget elementor-widget-text-editor\" data-id=\"57084baf\" data-element_type=\"widget\" data-e-type=\"widget\" data-widget_type=\"text-editor.default\">\n\t\t\t\t\t\t\t\t\t<iframe border=\"0\" src=\"https:\/\/www.trip.com\/partners\/ad\/S6940663?Allianceid=4590391&#038;SID=275557010&#038;trip_sub1=\" style=\"width:1200px;height:200px\" frameborder=\"0\" scrolling=\"no\" id=\"S6940663\"><\/iframe>\t\t\t\t\t\t\t\t<\/div>\n\t\t\t\t\t<\/div>\n\t\t<\/div>\n\t\t\t\t\t<\/div>\n\t\t<\/section>\n\t\t\t\t<\/div>","protected":false},"excerpt":{"rendered":"<p>Blossom House Shanghai On The Bund: Where Bespoke Service Meets the Soul of Shanghai At Blossom House Shanghai On The Bund, service is not a checklist\u2014it\u2019s a philosophy. Nestled at No. 386 Ren Min Road in the heart of Shanghai\u2019s historic Huangpu District, our 5-star luxury hotel redefines hospitality by weaving personalized care, cultural insight, [&hellip;]<\/p>\n","protected":false},"author":1,"featured_media":0,"parent":0,"menu_order":0,"comment_status":"closed","ping_status":"closed","template":"","meta":{"footnotes":""},"class_list":["post-647","page","type-page","status-publish","hentry","post-no-thumbnail"],"_links":{"self":[{"href":"https:\/\/blossomhouseshanghai.com\/it\/wp-json\/wp\/v2\/pages\/647","targetHints":{"allow":["GET"]}}],"collection":[{"href":"https:\/\/blossomhouseshanghai.com\/it\/wp-json\/wp\/v2\/pages"}],"about":[{"href":"https:\/\/blossomhouseshanghai.com\/it\/wp-json\/wp\/v2\/types\/page"}],"author":[{"embeddable":true,"href":"https:\/\/blossomhouseshanghai.com\/it\/wp-json\/wp\/v2\/users\/1"}],"replies":[{"embeddable":true,"href":"https:\/\/blossomhouseshanghai.com\/it\/wp-json\/wp\/v2\/comments?post=647"}],"version-history":[{"count":0,"href":"https:\/\/blossomhouseshanghai.com\/it\/wp-json\/wp\/v2\/pages\/647\/revisions"}],"wp:attachment":[{"href":"https:\/\/blossomhouseshanghai.com\/it\/wp-json\/wp\/v2\/media?parent=647"}],"curies":[{"name":"parola chiave","href":"https:\/\/api.w.org\/{rel}","templated":true}]}}